{"id":66140,"date":"2025-08-08T19:44:38","date_gmt":"2025-08-08T19:44:38","guid":{"rendered":"https:\/\/www.padaworks.com\/product\/runner-rug-pink-and-orange-striped-60x200cm-ring-line-rug\/"},"modified":"2026-04-15T16:40:17","modified_gmt":"2026-04-15T16:40:17","slug":"tapete-de-corredor-as-riscas-cor-de-rosa-e-cor-de-laranja-60x200cm-tapete-de-argolas","status":"publish","type":"product","link":"https:\/\/www.padaworks.com\/pt\/product\/tapete-de-corredor-as-riscas-cor-de-rosa-e-cor-de-laranja-60x200cm-tapete-de-argolas\/","title":{"rendered":"Tapete de corredor \u00e0s riscas cor-de-rosa e laranja - 60x200cm - Tapete Ring Line"},"content":{"rendered":"<p>Tapete de corredor \u00e0s riscas cor-de-rosa e laranja 200cm<\/p>\n<p>Este tapete \u00e9 tecido num tear manual com tecidos reutilizados.<br \/>\nEstes tapetes s\u00e3o robustos, leves e podem ser lavados regularmente \u00e0 m\u00e3o ou \u00e0 m\u00e1quina.<br \/>\n\u00c9 ecol\u00f3gico porque reutiliza a mat\u00e9ria-prima desperdi\u00e7ada pela ind\u00fastria t\u00eaxtil.<br \/>\nRecomendamos a lavagem a frio ou a 30\u00b0C.<br \/>\nUma vez que este tapete \u00e9 fabricado com produtos reciclados das ind\u00fastrias t\u00eaxteis, pode haver ligeiras varia\u00e7\u00f5es de cor.<\/p>\n<p>Feito \u00e0 m\u00e3o<br \/>\nFabricado em Portugal<\/p>\n<p>Dimens\u00f5es:<br \/>\nC \u2013 200 cm, L \u2013 60 cm<br \/>\nL \u2013 78,7 pol., L \u2013 23,2 pol.<br \/>\nC \u2013 2 m, L \u2013 0,6 m<br \/>\nEspessura \u2013 cerca de 0,8 cm; 0,3 pol.<\/p>\n<p>As dimens\u00f5es podem variar ligeiramente.<\/p>","protected":false},"excerpt":{"rendered":"<p>Runner Rug Pink and Orange Striped 200cm This rug is woven in a manual loom with fabrics reused. These rugs are robust, light, and can be regularly washed by hand or machine. It is ecological because they reuse raw material wasted by the textil industry. We recommend cold washing or to 30\u00b0C. Since this rug [&hellip;]<\/p>","protected":false},"featured_media":66141,"comment_status":"open","ping_status":"closed","template":"","meta":{"_acf_changed":false},"product_brand":[],"product_cat":[2729],"product_tag":[421,1802,1076,718,596,513,3102,1781,512,482,1456,579,595],"class_list":{"0":"post-66140","1":"product","2":"type-product","3":"status-publish","4":"has-post-thumbnail","6":"product_cat-ring-line","7":"product_tag-bathroom-rug","8":"product_tag-bathroom-runner-rug","9":"product_tag-bohemian-rug","10":"product_tag-colorful-rug","11":"product_tag-hallway-rug","12":"product_tag-kitchen-runner","13":"product_tag-pink-and-orange-rug","14":"product_tag-rug-for-kitchen","15":"product_tag-rug-runner","16":"product_tag-rugs-for-bedroom","17":"product_tag-runner-rug-2x6","18":"product_tag-vintage-runner-rug","19":"product_tag-washable-rug","20":"product_shipping_class-small-package","21":"pa_finish-with-fringes","22":"pa_finish-without-fringes","24":"first","25":"instock","26":"taxable","27":"shipping-taxable","28":"purchasable","29":"product-type-variable","30":"has-default-attributes","31":"wvs-archive-product-wrapper"},"acf":[],"gallery_images":[66142,66143,66144,66145,66146,66147,66148,66149],"_links":{"self":[{"href":"https:\/\/www.padaworks.com\/pt\/wp-json\/wp\/v2\/product\/66140","targetHints":{"allow":["GET"]}}],"collection":[{"href":"https:\/\/www.padaworks.com\/pt\/wp-json\/wp\/v2\/product"}],"about":[{"href":"https:\/\/www.padaworks.com\/pt\/wp-json\/wp\/v2\/types\/product"}],"replies":[{"embeddable":true,"href":"https:\/\/www.padaworks.com\/pt\/wp-json\/wp\/v2\/comments?post=66140"}],"wp:featuredmedia":[{"embeddable":true,"href":"https:\/\/www.padaworks.com\/pt\/wp-json\/wp\/v2\/media\/66141"}],"wp:attachment":[{"href":"https:\/\/www.padaworks.com\/pt\/wp-json\/wp\/v2\/media?parent=66140"}],"wp:term":[{"taxonomy":"product_brand","embeddable":true,"href":"https:\/\/www.padaworks.com\/pt\/wp-json\/wp\/v2\/product_brand?post=66140"},{"taxonomy":"product_cat","embeddable":true,"href":"https:\/\/www.padaworks.com\/pt\/wp-json\/wp\/v2\/product_cat?post=66140"},{"taxonomy":"product_tag","embeddable":true,"href":"https:\/\/www.padaworks.com\/pt\/wp-json\/wp\/v2\/product_tag?post=66140"}],"curies":[{"name":"wp","href":"https:\/\/api.w.org\/{rel}","templated":true}]}}