{"id":66076,"date":"2025-08-06T18:05:39","date_gmt":"2025-08-06T18:05:39","guid":{"rendered":"https:\/\/www.padaworks.com\/product\/mini-teal-blue-rug-40x60cm-knotted-rug\/"},"modified":"2026-02-22T19:19:59","modified_gmt":"2026-02-22T19:19:59","slug":"mini-tapete-azul-petroleo-40x60cm-tapete-com-no","status":"publish","type":"product","link":"https:\/\/www.padaworks.com\/pt\/product\/mini-tapete-azul-petroleo-40x60cm-tapete-com-no\/","title":{"rendered":"Mini tapete azul-petr\u00f3leo - 40x60cm - Tapete atado"},"content":{"rendered":"<p>Mini tapete atado azul-petr\u00f3leo<\/p>\n<p>Este tapete \u00e9 tecido num tear manual com tecidos reutilizados.<br \/>Estes tapetes s\u00e3o robustos, leves e podem ser lavados regularmente \u00e0 m\u00e3o ou \u00e0 m\u00e1quina.<br \/>\u00c9 ecol\u00f3gico porque reutiliza a mat\u00e9ria-prima desperdi\u00e7ada pela ind\u00fastria t\u00eaxtil.<br \/>Recomendamos a lavagem a frio ou a 30\u00b0C.<br \/>Uma vez que este tapete \u00e9 fabricado com produtos reciclados das ind\u00fastrias t\u00eaxteis, pode haver ligeiras varia\u00e7\u00f5es de cor.<\/p>\n<p>Feito \u00e0 m\u00e3o<br \/>Fabricado em Portugal<\/p>\n<p>Dimens\u00f5es:<br \/>C - 60 cm, L - 40 cm<br \/>C - 23,6 pol., L - 15,7 pol.<br \/>C - 2,0 p\u00e9s, L - 1,3 p\u00e9s<br \/>Espessura - cerca de 0,5 cm; 0,2 in<\/p>\n<p>As dimens\u00f5es podem variar ligeiramente.<\/p>","protected":false},"excerpt":{"rendered":"<p>Mini Tapete Nodoso Azul Teal Este tapete \u00e9 tecido num tear manual com tecidos reutilizados.Estes tapetes s\u00e3o robustos, leves e podem ser lavados regularmente \u00e0 m\u00e3o ou \u00e0 m\u00e1quina.\u00c9 ecol\u00f3gico porque reutiliza mat\u00e9ria-prima desperdi\u00e7ada pela ind\u00fastria t\u00eaxtil.Recomendamos a lavagem a frio ou a 30\u00b0C.Uma vez que este tapete \u00e9 feito com produtos reciclados de [...]<\/p>","protected":false},"featured_media":66077,"comment_status":"open","ping_status":"open","template":"","meta":{"_acf_changed":false},"product_brand":[],"product_cat":[2731],"product_tag":[2846,618,589,465,597,483,726,2841,573,575,1007,576,482],"class_list":{"0":"post-66076","1":"product","2":"type-product","3":"status-publish","4":"has-post-thumbnail","6":"product_cat-knotted","7":"product_tag-1x2-rug","8":"product_tag-bath-mat","9":"product_tag-bath-rug","10":"product_tag-bedroom-rug","11":"product_tag-blue-rug","12":"product_tag-front-door-rug","13":"product_tag-geometric-rug","14":"product_tag-handcrafted-rug","15":"product_tag-housewarming-gift","16":"product_tag-kitchen-rug","17":"product_tag-mini-rug","18":"product_tag-room-rug","19":"product_tag-rugs-for-bedroom","20":"product_shipping_class-small-package","22":"first","23":"instock","24":"taxable","25":"shipping-taxable","26":"purchasable","27":"product-type-simple"},"acf":[],"gallery_images":[66078,66079,66080,66081,66082],"_links":{"self":[{"href":"https:\/\/www.padaworks.com\/pt\/wp-json\/wp\/v2\/product\/66076","targetHints":{"allow":["GET"]}}],"collection":[{"href":"https:\/\/www.padaworks.com\/pt\/wp-json\/wp\/v2\/product"}],"about":[{"href":"https:\/\/www.padaworks.com\/pt\/wp-json\/wp\/v2\/types\/product"}],"replies":[{"embeddable":true,"href":"https:\/\/www.padaworks.com\/pt\/wp-json\/wp\/v2\/comments?post=66076"}],"wp:featuredmedia":[{"embeddable":true,"href":"https:\/\/www.padaworks.com\/pt\/wp-json\/wp\/v2\/media\/66077"}],"wp:attachment":[{"href":"https:\/\/www.padaworks.com\/pt\/wp-json\/wp\/v2\/media?parent=66076"}],"wp:term":[{"taxonomy":"product_brand","embeddable":true,"href":"https:\/\/www.padaworks.com\/pt\/wp-json\/wp\/v2\/product_brand?post=66076"},{"taxonomy":"product_cat","embeddable":true,"href":"https:\/\/www.padaworks.com\/pt\/wp-json\/wp\/v2\/product_cat?post=66076"},{"taxonomy":"product_tag","embeddable":true,"href":"https:\/\/www.padaworks.com\/pt\/wp-json\/wp\/v2\/product_tag?post=66076"}],"curies":[{"name":"wp","href":"https:\/\/api.w.org\/{rel}","templated":true}]}}