{"id":65860,"date":"2025-07-24T14:34:10","date_gmt":"2025-07-24T14:34:10","guid":{"rendered":"https:\/\/www.padaworks.com\/product\/round-woven-storage-basket-with-lid\/"},"modified":"2026-01-08T11:20:39","modified_gmt":"2026-01-08T11:20:39","slug":"cesto-redondo-de-tecido-com-tampa","status":"publish","type":"product","link":"https:\/\/www.padaworks.com\/pt\/product\/cesto-redondo-de-tecido-com-tampa\/","title":{"rendered":"Cesto de arruma\u00e7\u00e3o redondo em tecido com tampa"},"content":{"rendered":"<p>Cesto de arruma\u00e7\u00e3o redondo em tecido com tampa<\/p>\n<p>Feito \u00e0 m\u00e3o<br \/>Fabricado em Portugal<\/p>\n<p>Dimens\u00f5es:<br \/>PEQUENO<br \/>\u00d8 \u2013 27 cm, A \u2013 30 cm<br \/>\u00d8 \u2013 27 cm, A \u2013 30 cm<\/p>\n<p>GRANDE<br \/>\u00d8 \u2013 38 cm, A \u2013 50 cm<br \/>\u00d8 \u2013 14,9 pol., A \u2013 19,7 pol.<\/p>\n<p>As dimens\u00f5es podem variar ligeiramente.<\/p>","protected":false},"excerpt":{"rendered":"<p>Round Woven Storage Basket With Lid Artisan MadeMade in Portugal Dimensions:SMALL\u00d8 &#8211; 27 cm, H &#8211; 30 cm\u00d8 &#8211; 10,6 in, H &#8211; 11,8 in LARGE\u00d8 &#8211; 38 cm, H &#8211; 50 cm\u00d8 &#8211; 14,9 in, H &#8211; 19,7 in The dimensions may vary slightly.<\/p>","protected":false},"featured_media":65861,"comment_status":"open","ping_status":"closed","template":"","meta":{"_acf_changed":false},"product_brand":[],"product_cat":[2721],"product_tag":[524,300,3101,762,2116,308,642,529,583,2120,1033,1846,538],"class_list":{"0":"post-65860","1":"product","2":"type-product","3":"status-publish","4":"has-post-thumbnail","6":"product_cat-decorative","7":"product_tag-basket-with-lid","8":"product_tag-bathroom-basket","9":"product_tag-bedroom-basket","10":"product_tag-boho-basket","11":"product_tag-decorative-basket","12":"product_tag-kitchen-basket","13":"product_tag-laundry-basket","14":"product_tag-round-basket","15":"product_tag-rustic-home-decor","16":"product_tag-storage-organization","17":"product_tag-toys-basket","18":"product_tag-wicker-easter-basket","19":"product_tag-woven-basket","21":"first","22":"instock","23":"taxable","24":"shipping-taxable","25":"purchasable","26":"product-type-variable","27":"has-default-attributes","28":"wvs-archive-product-wrapper"},"acf":[],"gallery_images":[65862,65863,65864,65865,65866,65867,65868,65869,65870],"_links":{"self":[{"href":"https:\/\/www.padaworks.com\/pt\/wp-json\/wp\/v2\/product\/65860","targetHints":{"allow":["GET"]}}],"collection":[{"href":"https:\/\/www.padaworks.com\/pt\/wp-json\/wp\/v2\/product"}],"about":[{"href":"https:\/\/www.padaworks.com\/pt\/wp-json\/wp\/v2\/types\/product"}],"replies":[{"embeddable":true,"href":"https:\/\/www.padaworks.com\/pt\/wp-json\/wp\/v2\/comments?post=65860"}],"wp:featuredmedia":[{"embeddable":true,"href":"https:\/\/www.padaworks.com\/pt\/wp-json\/wp\/v2\/media\/65861"}],"wp:attachment":[{"href":"https:\/\/www.padaworks.com\/pt\/wp-json\/wp\/v2\/media?parent=65860"}],"wp:term":[{"taxonomy":"product_brand","embeddable":true,"href":"https:\/\/www.padaworks.com\/pt\/wp-json\/wp\/v2\/product_brand?post=65860"},{"taxonomy":"product_cat","embeddable":true,"href":"https:\/\/www.padaworks.com\/pt\/wp-json\/wp\/v2\/product_cat?post=65860"},{"taxonomy":"product_tag","embeddable":true,"href":"https:\/\/www.padaworks.com\/pt\/wp-json\/wp\/v2\/product_tag?post=65860"}],"curies":[{"name":"wp","href":"https:\/\/api.w.org\/{rel}","templated":true}]}}