{"id":65844,"date":"2025-07-23T19:07:16","date_gmt":"2025-07-23T19:07:16","guid":{"rendered":"https:\/\/www.padaworks.com\/product\/reed-shoulder-bag-with-leather-handle-natural-and-colorful-straw\/"},"modified":"2026-01-08T11:21:02","modified_gmt":"2026-01-08T11:21:02","slug":"bolsa-a-tiracolo-em-junco-com-alca-de-couro-palha-natural-e-colorida","status":"publish","type":"product","link":"https:\/\/www.padaworks.com\/pt\/product\/bolsa-a-tiracolo-em-junco-com-alca-de-couro-palha-natural-e-colorida\/","title":{"rendered":"Bolsa de Ombro Junco com Al\u00e7a de Pele - Palha Natural e Colorida"},"content":{"rendered":"<p>Bolsa de Ombro Junco com Al\u00e7a de Pele - Palha Natural e Colorida<\/p>\n<p>Feito \u00e0 m\u00e3o<\/p>\n<p>Dimens\u00f5es:<br \/>TAMANHO PEQUENO<br \/>C - 25 cm, L - 14 cm, A - 20 cm, A com pega - 55 cm<br \/>C - 9,8 pol., L - 5,5 pol., A - 7,9 pol., A com pega - 21,7 pol.<\/p>\n<p>TAMANHO M\u00c9DIO<br \/>C - 30 cm, L - 16 cm, A - 25 cm, A com pega - 60 cm<br \/>C - 11,8 pol., L - 6,3 pol., A - 9,8 pol., A com pega - 23,6 pol.<\/p>\n<p>TAMANHO GRANDE<br \/>C - 36 cm, L - 19 cm, A - 27 cm, A com pega - 64 cm<br \/>C - 14,2 pol., L - 7,5 pol., A - 10,6 pol., A com pega - 25,2 pol.<\/p>\n<p>As dimens\u00f5es podem variar ligeiramente.<\/p>","protected":false},"excerpt":{"rendered":"<p>Bolsa de Ombro em Palhinha com Al\u00e7a de Couro - Palhinha Natural e Colorida Feita Artesanalmente Dimens\u00f5es:PEQUENO TAMANHO - 25 cm, L - 14 cm, A - 20 cm, A com al\u00e7a - 55 cmL - 9,8 pol., L - 5,5 pol., A - 7,9 pol., A com al\u00e7a - 21,7 pol. TAMANHO M\u00c9DIO - 30 cm, L [...]<\/p>","protected":false},"featured_media":65845,"comment_status":"open","ping_status":"closed","template":"","meta":{"_acf_changed":false},"product_brand":[],"product_cat":[2736],"product_tag":[302,358,388,382,1023,2801,1574,337,1152,344,355,1151,364],"class_list":{"0":"post-65844","1":"product","2":"type-product","3":"status-publish","4":"has-post-thumbnail","6":"product_cat-reed-bags","7":"product_tag-basket-bag","8":"product_tag-french-basket","9":"product_tag-french-basket-bag","10":"product_tag-french-market-bag","11":"product_tag-gift-for-mom","12":"product_tag-holidays-bag","13":"product_tag-large-basket-bag","14":"product_tag-picnic-bag","15":"product_tag-small-beach-basket","16":"product_tag-straw-bag","17":"product_tag-straw-market-bag","18":"product_tag-straw-market-basket","19":"product_tag-straw-tote-bag","20":"product_shipping_class-small-package","22":"first","23":"instock","24":"taxable","25":"shipping-taxable","26":"purchasable","27":"product-type-variable","28":"has-default-attributes","29":"wvs-archive-product-wrapper"},"acf":[],"gallery_images":[65846,65847,65848,65849,65850,65851,65852,65853],"_links":{"self":[{"href":"https:\/\/www.padaworks.com\/pt\/wp-json\/wp\/v2\/product\/65844","targetHints":{"allow":["GET"]}}],"collection":[{"href":"https:\/\/www.padaworks.com\/pt\/wp-json\/wp\/v2\/product"}],"about":[{"href":"https:\/\/www.padaworks.com\/pt\/wp-json\/wp\/v2\/types\/product"}],"replies":[{"embeddable":true,"href":"https:\/\/www.padaworks.com\/pt\/wp-json\/wp\/v2\/comments?post=65844"}],"wp:featuredmedia":[{"embeddable":true,"href":"https:\/\/www.padaworks.com\/pt\/wp-json\/wp\/v2\/media\/65845"}],"wp:attachment":[{"href":"https:\/\/www.padaworks.com\/pt\/wp-json\/wp\/v2\/media?parent=65844"}],"wp:term":[{"taxonomy":"product_brand","embeddable":true,"href":"https:\/\/www.padaworks.com\/pt\/wp-json\/wp\/v2\/product_brand?post=65844"},{"taxonomy":"product_cat","embeddable":true,"href":"https:\/\/www.padaworks.com\/pt\/wp-json\/wp\/v2\/product_cat?post=65844"},{"taxonomy":"product_tag","embeddable":true,"href":"https:\/\/www.padaworks.com\/pt\/wp-json\/wp\/v2\/product_tag?post=65844"}],"curies":[{"name":"wp","href":"https:\/\/api.w.org\/{rel}","templated":true}]}}