{"id":65806,"date":"2025-07-23T15:12:19","date_gmt":"2025-07-23T15:12:19","guid":{"rendered":"https:\/\/www.padaworks.com\/product\/round-palm-basket-29-cm\/"},"modified":"2025-11-19T09:16:22","modified_gmt":"2025-11-19T09:16:22","slug":"cesto-redondo-para-palmeiras-29-cm","status":"publish","type":"product","link":"https:\/\/www.padaworks.com\/pt\/product\/cesto-redondo-para-palmeiras-29-cm\/","title":{"rendered":"Cesto de palma redondo 29 cm"},"content":{"rendered":"<p>Cesto de palma redondo 29 cm<\/p>\n<p>Cesto de arruma\u00e7\u00e3o decorativo feito de palma, uma planta natural, feito \u00e0 m\u00e3o. Sustent\u00e1vel e vegan.<br \/>Ideal para guardar pequenos objectos que utiliza frequentemente e que quer ter sempre \u00e0 m\u00e3o. Tamb\u00e9m pode ser utilizado para guardar p\u00e3o, frutas e legumes.<br \/>Uma vez que \u00e9 fabricado a partir de um produto natural, pode haver varia\u00e7\u00f5es naturais na cor.<\/p>\n<p>Dimens\u00f5es:<br \/>\u00d8 - 29 cm, H - 12 cm<br \/>\u00d8 - 11,4 in, H - 4,7 in<\/p>\n<p>As dimens\u00f5es podem variar ligeiramente<\/p>","protected":false},"excerpt":{"rendered":"<p>Round Palm Basket 29 cm Decorative storage basket made from palm, a natural plant, handmade. Sustainable and vegan.Ideal for storing small items you use frequently and want to always have on hand. It can also be used to store bread, fruits, and vegetables.Because it is made from a natural product, there may be natural variations [&hellip;]<\/p>","protected":false},"featured_media":65807,"comment_status":"open","ping_status":"open","template":"","meta":{"_acf_changed":false},"product_brand":[],"product_cat":[2720,2721],"product_tag":[300,728,2116,654,319,445,642,1528,2118,1514,2120,2117,1033],"class_list":{"0":"post-65806","1":"product","2":"type-product","3":"status-publish","4":"has-post-thumbnail","6":"product_cat-kitchen-storage","7":"product_cat-decorative","8":"product_tag-bathroom-basket","9":"product_tag-boho-decor","10":"product_tag-decorative-basket","11":"product_tag-easter-basket","12":"product_tag-farmhouse-decor","13":"product_tag-gift-basket","14":"product_tag-laundry-basket","15":"product_tag-nursery-basket","16":"product_tag-nursery-storage","17":"product_tag-organizer-basket","18":"product_tag-storage-organization","19":"product_tag-toy-storage","20":"product_tag-toys-basket","21":"product_shipping_class-small-package","23":"first","24":"instock","25":"taxable","26":"shipping-taxable","27":"purchasable","28":"product-type-simple"},"acf":[],"gallery_images":[65808,65809,65810,65811,65812],"_links":{"self":[{"href":"https:\/\/www.padaworks.com\/pt\/wp-json\/wp\/v2\/product\/65806","targetHints":{"allow":["GET"]}}],"collection":[{"href":"https:\/\/www.padaworks.com\/pt\/wp-json\/wp\/v2\/product"}],"about":[{"href":"https:\/\/www.padaworks.com\/pt\/wp-json\/wp\/v2\/types\/product"}],"replies":[{"embeddable":true,"href":"https:\/\/www.padaworks.com\/pt\/wp-json\/wp\/v2\/comments?post=65806"}],"wp:featuredmedia":[{"embeddable":true,"href":"https:\/\/www.padaworks.com\/pt\/wp-json\/wp\/v2\/media\/65807"}],"wp:attachment":[{"href":"https:\/\/www.padaworks.com\/pt\/wp-json\/wp\/v2\/media?parent=65806"}],"wp:term":[{"taxonomy":"product_brand","embeddable":true,"href":"https:\/\/www.padaworks.com\/pt\/wp-json\/wp\/v2\/product_brand?post=65806"},{"taxonomy":"product_cat","embeddable":true,"href":"https:\/\/www.padaworks.com\/pt\/wp-json\/wp\/v2\/product_cat?post=65806"},{"taxonomy":"product_tag","embeddable":true,"href":"https:\/\/www.padaworks.com\/pt\/wp-json\/wp\/v2\/product_tag?post=65806"}],"curies":[{"name":"wp","href":"https:\/\/api.w.org\/{rel}","templated":true}]}}