{"id":65798,"date":"2025-07-23T14:25:28","date_gmt":"2025-07-23T14:25:28","guid":{"rendered":"https:\/\/www.padaworks.com\/product\/handcrafted-ceramic-like-symbol-white-and-blue-like\/"},"modified":"2026-01-08T11:22:26","modified_gmt":"2026-01-08T11:22:26","slug":"ceramica-artesanal-como-simbolo-branco-e-azul-como","status":"publish","type":"product","link":"https:\/\/www.padaworks.com\/pt\/product\/ceramica-artesanal-como-simbolo-branco-e-azul-como\/","title":{"rendered":"S\u00edmbolo \"Like\" artesanal em cer\u00e2mica - \"Like\" branco e azul"},"content":{"rendered":"<p>Cer\u00e2mica artesanal como s\u00edmbolo<\/p>\n<p>Esta pe\u00e7a tem uma ranhura, pelo que tamb\u00e9m pode ser utilizada como mealheiro. S\u00f3 podes levantar o dinheiro depois de partires a pe\u00e7a.<\/p>\n<p>Feito \u00e0 m\u00e3o<br \/>Fabricado em Portugal<\/p>\n<p>Dimens\u00f5es:<br \/>C - 19,5 cm, L - 5,5 cm, A - 17 cm<br \/>C - 7,7 pol., L - 2,2 pol., A - 6,7 pol.<\/p>\n<p>As dimens\u00f5es podem variar ligeiramente.<\/p>","protected":false},"excerpt":{"rendered":"<p>Handcrafted Ceramic Like Symbol This piece has a slot so it can also be used as a piggy bank. You can only withdraw the money after breaking the piece. Artisan MadeMade in Portugal Dimensions:L &#8211; 19,5 cm, W &#8211; 5,5 cm, H &#8211; 17 cmL &#8211; 7,7 in, W &#8211; 2,2 in, H &#8211; 6,7 [&hellip;]<\/p>","protected":false},"featured_media":65799,"comment_status":"open","ping_status":"closed","template":"","meta":{"_acf_changed":false},"product_brand":[],"product_cat":[402,1799],"product_tag":[1938,495,2835,2836,479,564,1466,2837,902,2838,2839,2840,2572],"class_list":{"0":"post-65798","1":"product","2":"type-product","3":"status-publish","4":"has-post-thumbnail","6":"product_cat-pottery","7":"product_cat-little-treasoures","8":"product_tag-bedroom-decor","9":"product_tag-ceramic-art","10":"product_tag-ceramic-piggy-bank","11":"product_tag-exchange-of-gifts","12":"product_tag-gift-for-her","13":"product_tag-gift-for-him","14":"product_tag-handmade-ceramic","15":"product_tag-icon-like","16":"product_tag-kids-gift","17":"product_tag-like-button","18":"product_tag-like-decor","19":"product_tag-like-logo","20":"product_tag-one-of-kind","21":"product_shipping_class-small-package","23":"first","24":"instock","25":"sale","26":"taxable","27":"shipping-taxable","28":"purchasable","29":"product-type-simple"},"acf":[],"gallery_images":[65800,65801,65802,65803,65804,65805],"_links":{"self":[{"href":"https:\/\/www.padaworks.com\/pt\/wp-json\/wp\/v2\/product\/65798","targetHints":{"allow":["GET"]}}],"collection":[{"href":"https:\/\/www.padaworks.com\/pt\/wp-json\/wp\/v2\/product"}],"about":[{"href":"https:\/\/www.padaworks.com\/pt\/wp-json\/wp\/v2\/types\/product"}],"replies":[{"embeddable":true,"href":"https:\/\/www.padaworks.com\/pt\/wp-json\/wp\/v2\/comments?post=65798"}],"wp:featuredmedia":[{"embeddable":true,"href":"https:\/\/www.padaworks.com\/pt\/wp-json\/wp\/v2\/media\/65799"}],"wp:attachment":[{"href":"https:\/\/www.padaworks.com\/pt\/wp-json\/wp\/v2\/media?parent=65798"}],"wp:term":[{"taxonomy":"product_brand","embeddable":true,"href":"https:\/\/www.padaworks.com\/pt\/wp-json\/wp\/v2\/product_brand?post=65798"},{"taxonomy":"product_cat","embeddable":true,"href":"https:\/\/www.padaworks.com\/pt\/wp-json\/wp\/v2\/product_cat?post=65798"},{"taxonomy":"product_tag","embeddable":true,"href":"https:\/\/www.padaworks.com\/pt\/wp-json\/wp\/v2\/product_tag?post=65798"}],"curies":[{"name":"wp","href":"https:\/\/api.w.org\/{rel}","templated":true}]}}