{"id":65682,"date":"2025-07-10T16:05:34","date_gmt":"2025-07-10T16:05:34","guid":{"rendered":"https:\/\/www.padaworks.com\/product\/traditional-alembic-30-l\/"},"modified":"2026-04-04T22:40:55","modified_gmt":"2026-04-04T22:40:55","slug":"alambique-tradicional-30-l","status":"publish","type":"product","link":"https:\/\/www.padaworks.com\/pt\/product\/alambique-tradicional-30-l\/","title":{"rendered":"Alambique tradicional 30 L"},"content":{"rendered":"<p>Alambique tradicional 30L<\/p>\n<p>Com:<br \/>\nC\u00fapula com term\u00f3metro e bra\u00e7o<br \/>\nPanela<br \/>\nBalde do condensador<\/p>\n<p>Este produto \u00e9 feito \u00e0 m\u00e3o. Na produ\u00e7\u00e3o do alambique \u00e9 utilizado cobre espesso e de boa qualidade.<br \/>\nNeste alambique podem ser destilados \u00f3leos essenciais e \u00e1guas florais.<br \/>\nO recipiente de condensa\u00e7\u00e3o est\u00e1 equipado com um tubo de entrada de \u00e1gua localizado na parte inferior do recipiente de condensa\u00e7\u00e3o e um tubo de sa\u00edda na parte superior atrav\u00e9s do qual a \u00e1gua sai.<br \/>\nDeve ser efectuada uma destila\u00e7\u00e3o de limpeza antes da utiliza\u00e7\u00e3o.<\/p>\n<p>Por serem feitas \u00e0 m\u00e3o, pode haver uma ligeira folga entre as pe\u00e7as separadas. Cada tampa \u00e9 feita especialmente para encaixar em cada pote. Para vedar eventuais fugas de vapor, pode ser utilizada uma t\u00e9cnica muito simples - farinha de centeio e \u00e1gua. Basta misturar a farinha de centeio com um pouco de \u00e1gua para obter uma massa macia e h\u00famida num pequeno recipiente. Depois, com os dedos, basta empurrar e esfregar esta mistura nas juntas de todos os artigos.<\/p>\n<p>Ao montar o seu alambique, insira o pesco\u00e7o de cisne no pote com uma ligeira press\u00e3o. Ligue tamb\u00e9m o pesco\u00e7o de cisne ao condensador. Quando os vapores come\u00e7arem a subir, se ocorrer uma fuga, basta adicionar um pouco de massa \u00e0 zona da fuga.<br \/>\nPara soltar as partes separadas do alambique para limpeza, uma vez terminada a destila\u00e7\u00e3o, basta dar um golpe direto com o calcanhar da palma da m\u00e3o para cima no rebordo das partes separadas. A massa de centeio solta-se facilmente.<br \/>\nPara separar os tubos, basta pux\u00e1-los cuidadosamente para fora (onde n\u00e3o h\u00e1 conectores de lat\u00e3o).<br \/>\nOs vapores procurar\u00e3o sempre uma sa\u00edda f\u00e1cil - atrav\u00e9s da tubagem - pelo que n\u00e3o h\u00e1 grande necessidade de aplicar quantidades grossas da mistura de farinha. Um m\u00e9todo alternativo \u00e9 a utiliza\u00e7\u00e3o de fita de silicone ou qualquer outra fita de veda\u00e7\u00e3o que resista a temperaturas elevadas. Tenha o cuidado de n\u00e3o colocar demasiada fita adesiva nas juntas do alambique, uma vez que o objetivo \u00e9 vedar a sa\u00edda de vapores e permitir que o capacete do alambique se solte caso uma obstru\u00e7\u00e3o na tubagem provoque um aumento excessivo da press\u00e3o.<\/p>\n<p>Feito \u00e0 m\u00e3o<br \/>\nFabricado em Portugal<\/p>\n<p>Dimens\u00f5es:<br \/>\nC - 75 cm, L - 40 cm, A - 75 cm<br \/>\nC - 29,5 pol., L - 15,7 pol., A - 29,5 pol.<br \/>\nEspessura - cerca de 0,6 mm; 0,02 in<\/p>\n<p>As dimens\u00f5es podem variar ligeiramente.<\/p>","protected":false},"excerpt":{"rendered":"<p>Traditional Alembic 30L With: Dome with thermometer and arm Pot Condenser bucket This product is handmade. Good quality and thick copper is used in the production of the still. In this still essential oils and floral waters can be distilled. The condensation container is equipped with a water inlet pipe located at the bottom of [&hellip;]<\/p>","protected":false},"featured_media":65683,"comment_status":"open","ping_status":"closed","template":"","meta":{"_acf_changed":false},"product_brand":[],"product_cat":[2322],"product_tag":[2253,2248,2250,2252,2249,2254,2251,2257,2803,2101,2255,2256,2421],"class_list":{"0":"post-65682","1":"product","2":"type-product","3":"status-publish","4":"has-post-thumbnail","6":"product_cat-alembics","7":"product_tag-antique-copper-pot","8":"product_tag-copper","9":"product_tag-copper-distiller","10":"product_tag-copper-pot","11":"product_tag-copper-stills","12":"product_tag-distiller-alembic","13":"product_tag-essential-oil-still","14":"product_tag-handmade-still","15":"product_tag-large-still","16":"product_tag-made-in-portugal","17":"product_tag-oil-extractor","18":"product_tag-oils-essences","19":"product_tag-still-essential-oils","20":"product_shipping_class-large-package","22":"first","23":"onbackorder","24":"taxable","25":"shipping-taxable","26":"purchasable","27":"product-type-simple"},"acf":[],"gallery_images":[65684,65685,65686,65687,65688,65689],"_links":{"self":[{"href":"https:\/\/www.padaworks.com\/pt\/wp-json\/wp\/v2\/product\/65682","targetHints":{"allow":["GET"]}}],"collection":[{"href":"https:\/\/www.padaworks.com\/pt\/wp-json\/wp\/v2\/product"}],"about":[{"href":"https:\/\/www.padaworks.com\/pt\/wp-json\/wp\/v2\/types\/product"}],"replies":[{"embeddable":true,"href":"https:\/\/www.padaworks.com\/pt\/wp-json\/wp\/v2\/comments?post=65682"}],"wp:featuredmedia":[{"embeddable":true,"href":"https:\/\/www.padaworks.com\/pt\/wp-json\/wp\/v2\/media\/65683"}],"wp:attachment":[{"href":"https:\/\/www.padaworks.com\/pt\/wp-json\/wp\/v2\/media?parent=65682"}],"wp:term":[{"taxonomy":"product_brand","embeddable":true,"href":"https:\/\/www.padaworks.com\/pt\/wp-json\/wp\/v2\/product_brand?post=65682"},{"taxonomy":"product_cat","embeddable":true,"href":"https:\/\/www.padaworks.com\/pt\/wp-json\/wp\/v2\/product_cat?post=65682"},{"taxonomy":"product_tag","embeddable":true,"href":"https:\/\/www.padaworks.com\/pt\/wp-json\/wp\/v2\/product_tag?post=65682"}],"curies":[{"name":"wp","href":"https:\/\/api.w.org\/{rel}","templated":true}]}}