{"id":65662,"date":"2025-06-27T19:28:27","date_gmt":"2025-06-27T19:28:27","guid":{"rendered":"https:\/\/www.padaworks.com\/product\/wooden-bird-house-brown\/"},"modified":"2025-11-19T09:16:37","modified_gmt":"2025-11-19T09:16:37","slug":"casinha-de-passaros-em-madeira-castanha","status":"publish","type":"product","link":"https:\/\/www.padaworks.com\/pt\/product\/casinha-de-passaros-em-madeira-castanha\/","title":{"rendered":"Casa de p\u00e1ssaros em madeira castanha"},"content":{"rendered":"<p>Casa de p\u00e1ssaros em madeira castanha<\/p>\n<p>Esta gaiola \u00e9 produzida segundo m\u00e9todos de fabrico muito antigos, para que o resultado final seja o mais ancestral poss\u00edvel. Pormenores como marcas na madeira, alinhamentos imprecisos, irregularidades na madeira ser\u00e3o encontrados neste tipo de constru\u00e7\u00e3o.<br \/>Reutilizamos madeira para produzir esta gaiola, de m\u00f3veis velhos, paletes, entre outros. Por este motivo, \u00e9 poss\u00edvel encontrar marcas, pequenos buracos e pequenas lascas na madeira.<\/p>\n<p>Feito \u00e0 m\u00e3o<br \/>Fabricado em Portugal<\/p>\n<p>Dimens\u00f5es:<br \/>C \u2013 39 cm, L \u2013 28 cm, A \u2013 36 cm<br \/>L \u2013 39 cm, L \u2013 28 cm, A \u2013 36 cm<br \/>Inclu\u00eda dois comedouros.<\/p>\n<p>Este produto \u00e9 cuidadosamente embalado para garantir que chega em boas condi\u00e7\u00f5es \u00e0 sua casa.<br \/>As dimens\u00f5es podem variar ligeiramente.<\/p>","protected":false},"excerpt":{"rendered":"<p>Wooden Bird House Brown This cage is produced using very old production methods, so that the final result is as ancestral as possible. Details such as marks in the wood, imprecise alignments, irregularities in the wood will be found in this type of construction.We reuse wood to produce this cage, from old furniture, pallets, among [&hellip;]<\/p>","protected":false},"featured_media":65663,"comment_status":"open","ping_status":"open","template":"","meta":{"_acf_changed":false},"product_brand":[],"product_cat":[509,132],"product_tag":[570,2046,497,507,755,1110,498,504,571,503,505,1072,499],"class_list":{"0":"post-65662","1":"product","2":"type-product","3":"status-publish","4":"has-post-thumbnail","6":"product_cat-pet-supplies","7":"product_cat-bird-cages","8":"product_tag-antique-bird-cage","9":"product_tag-antique-cage","10":"product_tag-bird-cage","11":"product_tag-bird-cage-decor","12":"product_tag-bird-cage-wooden","13":"product_tag-bird-cages-for-birds","14":"product_tag-bird-home","15":"product_tag-budgie-cage","16":"product_tag-decorative-bird-cage","17":"product_tag-parakeet-cage","18":"product_tag-vintage-bird-cage","19":"product_tag-wooden-aviary","20":"product_tag-wooden-bird-cage","21":"product_shipping_class-large-package","23":"first","24":"outofstock","25":"taxable","26":"shipping-taxable","27":"purchasable","28":"product-type-simple"},"acf":[],"gallery_images":[65664,65665,65666,65667],"_links":{"self":[{"href":"https:\/\/www.padaworks.com\/pt\/wp-json\/wp\/v2\/product\/65662","targetHints":{"allow":["GET"]}}],"collection":[{"href":"https:\/\/www.padaworks.com\/pt\/wp-json\/wp\/v2\/product"}],"about":[{"href":"https:\/\/www.padaworks.com\/pt\/wp-json\/wp\/v2\/types\/product"}],"replies":[{"embeddable":true,"href":"https:\/\/www.padaworks.com\/pt\/wp-json\/wp\/v2\/comments?post=65662"}],"wp:featuredmedia":[{"embeddable":true,"href":"https:\/\/www.padaworks.com\/pt\/wp-json\/wp\/v2\/media\/65663"}],"wp:attachment":[{"href":"https:\/\/www.padaworks.com\/pt\/wp-json\/wp\/v2\/media?parent=65662"}],"wp:term":[{"taxonomy":"product_brand","embeddable":true,"href":"https:\/\/www.padaworks.com\/pt\/wp-json\/wp\/v2\/product_brand?post=65662"},{"taxonomy":"product_cat","embeddable":true,"href":"https:\/\/www.padaworks.com\/pt\/wp-json\/wp\/v2\/product_cat?post=65662"},{"taxonomy":"product_tag","embeddable":true,"href":"https:\/\/www.padaworks.com\/pt\/wp-json\/wp\/v2\/product_tag?post=65662"}],"curies":[{"name":"wp","href":"https:\/\/api.w.org\/{rel}","templated":true}]}}