{"id":65652,"date":"2025-06-27T19:09:42","date_gmt":"2025-06-27T19:09:42","guid":{"rendered":"https:\/\/www.padaworks.com\/product\/large-picnic-basket\/"},"modified":"2025-11-19T09:16:38","modified_gmt":"2025-11-19T09:16:38","slug":"cesto-grande-de-piquenique","status":"publish","type":"product","link":"https:\/\/www.padaworks.com\/pt\/product\/cesto-grande-de-piquenique\/","title":{"rendered":"Cesto de piquenique grande"},"content":{"rendered":"<p>Cesto de piquenique grande<\/p>\n<p>Perfeito para um piquenique com a fam\u00edlia e os amigos.<br \/>Pr\u00e1tico para transportar alimentos para a praia, jardins ou campo.<br \/>\u00c9 um produto totalmente feito \u00e0 m\u00e3o, amigo do ambiente e sustent\u00e1vel!<\/p>\n<p>Feito \u00e0 m\u00e3o<br \/>Fabricado em Portugal <\/p>\n<p>Dimens\u00f5es:<br \/>C \u2013 45 cm, L \u2013 30 cm, A \u2013 25 cm, A com al\u00e7a \u2013 33 cm<br \/>C \u2013 45 cm, L \u2013 30 cm, A \u2013 25 cm, A com pega \u2013 33 cm<\/p>\n<p>As dimens\u00f5es podem variar ligeiramente<\/p>","protected":false},"excerpt":{"rendered":"<p>Large Picnic Basket Perfect for a picnic with family and friends.Practical for transporting food to the beach, gardens or countryside.It is an all handmade product, environmentally friendly and sustainable! Artisan MadeMade in Portugal Dimensions:L &#8211; 45 cm, W &#8211; 30 cm, H &#8211; 25 cm, H with handle &#8211; 33 cmL &#8211; 17,7 in, W [&hellip;]<\/p>","protected":false},"featured_media":65653,"comment_status":"open","ping_status":"open","template":"","meta":{"_acf_changed":false},"product_brand":[],"product_cat":[448,1915],"product_tag":[444,441,442,443,445,339,336,437,312,2790,440,446,439],"class_list":{"0":"post-65652","1":"product","2":"type-product","3":"status-publish","4":"has-post-thumbnail","6":"product_cat-picnic","7":"product_cat-market-baskets","8":"product_tag-cute-basket","9":"product_tag-food-basket","10":"product_tag-garden-basket","11":"product_tag-gathering-basket","12":"product_tag-gift-basket","13":"product_tag-outdoor-basket","14":"product_tag-picnic-basket","15":"product_tag-picnic-basket-set","16":"product_tag-storage-basket","17":"product_tag-unique-basket","18":"product_tag-vintage-picnic","19":"product_tag-wedding-basket","20":"product_tag-wicker-basket","21":"product_shipping_class-small-package","23":"first","24":"instock","25":"taxable","26":"shipping-taxable","27":"purchasable","28":"product-type-simple"},"acf":[],"gallery_images":[65654,65655,65656,65657,65658,65659,65660,65661],"_links":{"self":[{"href":"https:\/\/www.padaworks.com\/pt\/wp-json\/wp\/v2\/product\/65652","targetHints":{"allow":["GET"]}}],"collection":[{"href":"https:\/\/www.padaworks.com\/pt\/wp-json\/wp\/v2\/product"}],"about":[{"href":"https:\/\/www.padaworks.com\/pt\/wp-json\/wp\/v2\/types\/product"}],"replies":[{"embeddable":true,"href":"https:\/\/www.padaworks.com\/pt\/wp-json\/wp\/v2\/comments?post=65652"}],"wp:featuredmedia":[{"embeddable":true,"href":"https:\/\/www.padaworks.com\/pt\/wp-json\/wp\/v2\/media\/65653"}],"wp:attachment":[{"href":"https:\/\/www.padaworks.com\/pt\/wp-json\/wp\/v2\/media?parent=65652"}],"wp:term":[{"taxonomy":"product_brand","embeddable":true,"href":"https:\/\/www.padaworks.com\/pt\/wp-json\/wp\/v2\/product_brand?post=65652"},{"taxonomy":"product_cat","embeddable":true,"href":"https:\/\/www.padaworks.com\/pt\/wp-json\/wp\/v2\/product_cat?post=65652"},{"taxonomy":"product_tag","embeddable":true,"href":"https:\/\/www.padaworks.com\/pt\/wp-json\/wp\/v2\/product_tag?post=65652"}],"curies":[{"name":"wp","href":"https:\/\/api.w.org\/{rel}","templated":true}]}}