{"id":65542,"date":"2025-06-13T17:03:05","date_gmt":"2025-06-13T17:03:05","guid":{"rendered":"https:\/\/www.padaworks.com\/product\/small-steel-blue-rug-50x100cm-soft-rug\/"},"modified":"2026-04-28T15:16:51","modified_gmt":"2026-04-28T15:16:51","slug":"tapete-pequeno-azul-aco-50x100cm-tapete-macio","status":"publish","type":"product","link":"https:\/\/www.padaworks.com\/pt\/product\/tapete-pequeno-azul-aco-50x100cm-tapete-macio\/","title":{"rendered":"Tapete azul a\u00e7o pequeno - 50x100cm - Tapete macio"},"content":{"rendered":"<p>Tapete pequeno azul a\u00e7o<\/p>\n<p>Este tapete \u00e9 tecido num tear manual com tecidos reutilizados.<br \/>Estes tapetes s\u00e3o robustos, leves e podem ser lavados regularmente \u00e0 m\u00e3o ou \u00e0 m\u00e1quina.<br \/>\u00c9 ecol\u00f3gico porque reutiliza a mat\u00e9ria-prima desperdi\u00e7ada pela ind\u00fastria t\u00eaxtil.<br \/>Recomendamos a lavagem a frio ou a 30\u00b0C.<br \/>Uma vez que este tapete \u00e9 fabricado com produtos reciclados das ind\u00fastrias t\u00eaxteis, pode haver ligeiras varia\u00e7\u00f5es de cor.<\/p>\n<p>Feito \u00e0 m\u00e3o<br \/>Fabricado em Portugal<\/p>\n<p>Dimens\u00f5es:<br \/>C - 100 cm, L - 50 cm<br \/>C - 39,4 pol., L - 19,7 pol.<br \/>C - 3,3 p\u00e9s, L - 1,6 p\u00e9s<br \/>Espessura - cerca de 0,5 cm; 0,2 in<\/p>\n<p>As dimens\u00f5es podem variar ligeiramente.<\/p>","protected":false},"excerpt":{"rendered":"<p>Tapete pequeno azul a\u00e7o Este tapete \u00e9 tecido num tear manual com tecidos reutilizados. Estes tapetes s\u00e3o robustos, leves e podem ser lavados regularmente \u00e0 m\u00e3o ou na m\u00e1quina. S\u00e3o ecol\u00f3gicos porque reutilizam mat\u00e9ria-prima desperdi\u00e7ada pela ind\u00fastria t\u00eaxtil. Recomendamos lavar a frio ou a 30 \u00b0C. Uma vez que este tapete \u00e9 feito com produtos reciclados da [\u2026]<\/p>","protected":false},"featured_media":65543,"comment_status":"open","ping_status":"closed","template":"","meta":{"_acf_changed":false},"product_brand":[],"product_cat":[2728],"product_tag":[621,839,589,421,465,597,293,585,483,1812,482,817,592],"class_list":{"0":"post-65542","1":"product","2":"type-product","3":"status-publish","4":"has-post-thumbnail","6":"product_cat-soft","7":"product_tag-2x3-rug","8":"product_tag-baby-shower-gift","9":"product_tag-bath-rug","10":"product_tag-bathroom-rug","11":"product_tag-bedroom-rug","12":"product_tag-blue-rug","13":"product_tag-cotton-rug","14":"product_tag-entryway-rug","15":"product_tag-front-door-rug","16":"product_tag-irregular-rug","17":"product_tag-rugs-for-bedroom","18":"product_tag-shower-mat","19":"product_tag-small-rug","20":"product_shipping_class-small-package","22":"first","23":"instock","24":"sale","25":"taxable","26":"shipping-taxable","27":"purchasable","28":"product-type-simple"},"acf":[],"gallery_images":[65544,65545,65546,65547,65548,65549,65550,65551],"_links":{"self":[{"href":"https:\/\/www.padaworks.com\/pt\/wp-json\/wp\/v2\/product\/65542","targetHints":{"allow":["GET"]}}],"collection":[{"href":"https:\/\/www.padaworks.com\/pt\/wp-json\/wp\/v2\/product"}],"about":[{"href":"https:\/\/www.padaworks.com\/pt\/wp-json\/wp\/v2\/types\/product"}],"replies":[{"embeddable":true,"href":"https:\/\/www.padaworks.com\/pt\/wp-json\/wp\/v2\/comments?post=65542"}],"wp:featuredmedia":[{"embeddable":true,"href":"https:\/\/www.padaworks.com\/pt\/wp-json\/wp\/v2\/media\/65543"}],"wp:attachment":[{"href":"https:\/\/www.padaworks.com\/pt\/wp-json\/wp\/v2\/media?parent=65542"}],"wp:term":[{"taxonomy":"product_brand","embeddable":true,"href":"https:\/\/www.padaworks.com\/pt\/wp-json\/wp\/v2\/product_brand?post=65542"},{"taxonomy":"product_cat","embeddable":true,"href":"https:\/\/www.padaworks.com\/pt\/wp-json\/wp\/v2\/product_cat?post=65542"},{"taxonomy":"product_tag","embeddable":true,"href":"https:\/\/www.padaworks.com\/pt\/wp-json\/wp\/v2\/product_tag?post=65542"}],"curies":[{"name":"wp","href":"https:\/\/api.w.org\/{rel}","templated":true}]}}