{"id":65446,"date":"2025-06-13T13:59:55","date_gmt":"2025-06-13T13:59:55","guid":{"rendered":"https:\/\/www.padaworks.com\/product\/bohemian-straw-hat\/"},"modified":"2026-02-17T22:42:41","modified_gmt":"2026-02-17T22:42:41","slug":"chapeu-de-palha-boemio","status":"publish","type":"product","link":"https:\/\/www.padaworks.com\/pt\/product\/chapeu-de-palha-boemio\/","title":{"rendered":"Chap\u00e9u de palha bo\u00e9mio"},"content":{"rendered":"<p>Chap\u00e9u de palha bo\u00e9mio<\/p>\n<p>Feito \u00e0 m\u00e3o<\/p>\n<p>Tamanho - 56 cm \/ 58 cm; 22,0 in \/ 22,8 in<br \/>Di\u00e2metro total - 40 cm; 15,7 in<br \/>A - 12 cm \/ 4,7 in<\/p>\n<p>As dimens\u00f5es podem variar ligeiramente.<\/p>","protected":false},"excerpt":{"rendered":"<p>Bohemian Straw Hat Artisan Made Size &#8211; 56 cm \/ 58 cm; 22,0 in \/ 22,8 inFull diameter &#8211; 40 cm; 15,7 inH &#8211; 12 cm \/ 4,7 in The dimensions may vary slightly.<\/p>","protected":false},"featured_media":65447,"comment_status":"open","ping_status":"open","template":"","meta":{"_acf_changed":false},"product_brand":[],"product_cat":[1546],"product_tag":[734,740,741,1135,750,736,735,737,1917,739,742,738,272],"class_list":{"0":"post-65446","1":"product","2":"type-product","3":"status-publish","4":"has-post-thumbnail","6":"product_cat-hats-accessories","7":"product_tag-boater-hat","8":"product_tag-bucket-hat","9":"product_tag-fashion-hat","10":"product_tag-garden-hat","11":"product_tag-straw-beach-hat","12":"product_tag-straw-hat-men","13":"product_tag-straw-hat-women","14":"product_tag-sun-hat","15":"product_tag-travel-hat","16":"product_tag-vintage-hat","17":"product_tag-vintage-straw-hat","18":"product_tag-wide-brim-hat","19":"product_tag-woman-hat","20":"product_shipping_class-small-package","22":"first","23":"instock","24":"taxable","25":"shipping-taxable","26":"purchasable","27":"product-type-simple"},"acf":[],"gallery_images":[65448,65449,65450,65451,65452,65453],"_links":{"self":[{"href":"https:\/\/www.padaworks.com\/pt\/wp-json\/wp\/v2\/product\/65446","targetHints":{"allow":["GET"]}}],"collection":[{"href":"https:\/\/www.padaworks.com\/pt\/wp-json\/wp\/v2\/product"}],"about":[{"href":"https:\/\/www.padaworks.com\/pt\/wp-json\/wp\/v2\/types\/product"}],"replies":[{"embeddable":true,"href":"https:\/\/www.padaworks.com\/pt\/wp-json\/wp\/v2\/comments?post=65446"}],"wp:featuredmedia":[{"embeddable":true,"href":"https:\/\/www.padaworks.com\/pt\/wp-json\/wp\/v2\/media\/65447"}],"wp:attachment":[{"href":"https:\/\/www.padaworks.com\/pt\/wp-json\/wp\/v2\/media?parent=65446"}],"wp:term":[{"taxonomy":"product_brand","embeddable":true,"href":"https:\/\/www.padaworks.com\/pt\/wp-json\/wp\/v2\/product_brand?post=65446"},{"taxonomy":"product_cat","embeddable":true,"href":"https:\/\/www.padaworks.com\/pt\/wp-json\/wp\/v2\/product_cat?post=65446"},{"taxonomy":"product_tag","embeddable":true,"href":"https:\/\/www.padaworks.com\/pt\/wp-json\/wp\/v2\/product_tag?post=65446"}],"curies":[{"name":"wp","href":"https:\/\/api.w.org\/{rel}","templated":true}]}}