{"id":64708,"date":"2025-03-21T19:29:29","date_gmt":"2025-03-21T19:29:29","guid":{"rendered":"https:\/\/www.padaworks.com\/product\/large-orange-and-white-rug-140x200cm-ring-line-rug\/"},"modified":"2025-11-19T09:18:05","modified_gmt":"2025-11-19T09:18:05","slug":"tapete-grande-laranja-e-branco-140x200cm-tapete-de-argolas","status":"publish","type":"product","link":"https:\/\/www.padaworks.com\/pt\/product\/tapete-grande-laranja-e-branco-140x200cm-tapete-de-argolas\/","title":{"rendered":"Tapete grande laranja e branco - 140x200cm - Tapete Ring Line"},"content":{"rendered":"<p>Tapete grande laranja e branco 140x200cm<\/p>\n<p>Este tapete \u00e9 tecido num tear manual com tecidos reutilizados de f\u00e1bricas t\u00eaxteis.<br \/>Estes tapetes s\u00e3o robustos, leves e podem ser lavados regularmente \u00e0 m\u00e3o ou \u00e0 m\u00e1quina.<br \/>Para al\u00e9m de serem ecol\u00f3gicos, uma vez que reutilizam mat\u00e9ria-prima desperdi\u00e7ada pela ind\u00fastria, s\u00e3o muito mais saud\u00e1veis do que os tapetes de fibras sint\u00e9ticas.<br \/>Recomendamos a lavagem a frio ou a 30\u00b0C.<\/p>\n<p>Feito \u00e0 m\u00e3o<br \/>Fabricado em Portugal<\/p>\n<p>Dimens\u00f5es:<br \/>C - 200 cm, L - 140 cm<br \/>C - 78,7 pol., L - 55,1 pol.<br \/>C - 6,6 p\u00e9s, L - 4,6 p\u00e9s<br \/>Espessura - cerca de 0,8 cm; 0,3 in<\/p>\n<p>As dimens\u00f5es podem variar ligeiramente.<\/p>","protected":false},"excerpt":{"rendered":"<p>Large Orange and White Rug 140x200cm This rug is woven in a manual loom with fabrics reused from textile factories.These rugs are robust, light, and can be regularly washed by hand or machine.In addition to being ecological, as they reuse raw material wasted by the industry, they are much healthier than synthetic fiber rugs.We recommend [&hellip;]<\/p>","protected":false},"featured_media":64709,"comment_status":"open","ping_status":"open","template":"","meta":{"_acf_changed":false},"product_brand":[],"product_cat":[2729],"product_tag":[655,2158,465,959,596,475,1773,1077,476,594,482,1331,595],"class_list":{"0":"post-64708","1":"product","2":"type-product","3":"status-publish","4":"has-post-thumbnail","6":"product_cat-ring-line","7":"product_tag-5x7-rug","8":"product_tag-accent-rug","9":"product_tag-bedroom-rug","10":"product_tag-floor-rug","11":"product_tag-hallway-rug","12":"product_tag-handwoven-rug","13":"product_tag-modern-area-rug","14":"product_tag-orange-rug","15":"product_tag-recycled-rugs","16":"product_tag-rug-for-living-room","17":"product_tag-rugs-for-bedroom","18":"product_tag-striped-rug","19":"product_tag-washable-rug","20":"product_shipping_class-small-package","22":"first","23":"instock","24":"taxable","25":"shipping-taxable","26":"purchasable","27":"product-type-simple"},"acf":[],"gallery_images":[64710,64711,64712,64713,64714,64715,64716],"_links":{"self":[{"href":"https:\/\/www.padaworks.com\/pt\/wp-json\/wp\/v2\/product\/64708","targetHints":{"allow":["GET"]}}],"collection":[{"href":"https:\/\/www.padaworks.com\/pt\/wp-json\/wp\/v2\/product"}],"about":[{"href":"https:\/\/www.padaworks.com\/pt\/wp-json\/wp\/v2\/types\/product"}],"replies":[{"embeddable":true,"href":"https:\/\/www.padaworks.com\/pt\/wp-json\/wp\/v2\/comments?post=64708"}],"wp:featuredmedia":[{"embeddable":true,"href":"https:\/\/www.padaworks.com\/pt\/wp-json\/wp\/v2\/media\/64709"}],"wp:attachment":[{"href":"https:\/\/www.padaworks.com\/pt\/wp-json\/wp\/v2\/media?parent=64708"}],"wp:term":[{"taxonomy":"product_brand","embeddable":true,"href":"https:\/\/www.padaworks.com\/pt\/wp-json\/wp\/v2\/product_brand?post=64708"},{"taxonomy":"product_cat","embeddable":true,"href":"https:\/\/www.padaworks.com\/pt\/wp-json\/wp\/v2\/product_cat?post=64708"},{"taxonomy":"product_tag","embeddable":true,"href":"https:\/\/www.padaworks.com\/pt\/wp-json\/wp\/v2\/product_tag?post=64708"}],"curies":[{"name":"wp","href":"https:\/\/api.w.org\/{rel}","templated":true}]}}