{"id":64695,"date":"2025-03-19T23:08:49","date_gmt":"2025-03-19T23:08:49","guid":{"rendered":"https:\/\/www.padaworks.com\/product\/palm-basket-18x13x7-cm\/"},"modified":"2026-04-22T10:22:09","modified_gmt":"2026-04-22T10:22:09","slug":"cesto-de-palma-18x13x7-cm","status":"publish","type":"product","link":"https:\/\/www.padaworks.com\/pt\/product\/cesto-de-palma-18x13x7-cm\/","title":{"rendered":"Cesto de palma 18x13x7 cm"},"content":{"rendered":"<p>Cesto de palma<\/p>\n<p>Cesto de arruma\u00e7\u00e3o decorativo feito de palma, uma planta natural, feito \u00e0 m\u00e3o. Sustent\u00e1vel e vegan.<br \/>Ideal para guardar pequenos objectos que utiliza frequentemente e que quer ter sempre \u00e0 m\u00e3o. Tamb\u00e9m pode ser utilizado para guardar p\u00e3o, frutas e legumes.<br \/>Uma vez que \u00e9 fabricado a partir de um produto natural, pode haver varia\u00e7\u00f5es naturais na cor.<\/p>\n<p>Dimens\u00f5es:<br \/>C \u2013 18 cm, L \u2013 13 cm, A \u2013 7 cm<br \/>L \u2013 18 cm, L \u2013 13 cm, A \u2013 7 cm<\/p>\n<p>As dimens\u00f5es podem variar ligeiramente<br \/>O pre\u00e7o \u00e9 para um cesto<\/p>","protected":false},"excerpt":{"rendered":"<p>Palm Basket Decorative storage basket made from palm, a natural plant, handmade. Sustainable and vegan.Ideal for storing small items you use frequently and want to always have on hand. It can also be used to store bread, fruits, and vegetables.Because it is made from a natural product, there may be natural variations in color. Dimensions:L [&hellip;]<\/p>","protected":false},"featured_media":64696,"comment_status":"open","ping_status":"open","template":"","meta":{"_acf_changed":false},"product_brand":[],"product_cat":[2720,2721],"product_tag":[2125,2124,654,1511,2114,1001,445,642,1229,1514,2123,2120,2117],"class_list":{"0":"post-64695","1":"product","2":"type-product","3":"status-publish","4":"has-post-thumbnail","6":"product_cat-kitchen-storage","7":"product_cat-decorative","8":"product_tag-basket-decor","9":"product_tag-basket-weaving","10":"product_tag-easter-basket","11":"product_tag-entry-way-decor","12":"product_tag-fall-decor","13":"product_tag-farmhouse-kitchen","14":"product_tag-gift-basket","15":"product_tag-laundry-basket","16":"product_tag-new-home-gift","17":"product_tag-organizer-basket","18":"product_tag-storage-bins","19":"product_tag-storage-organization","20":"product_tag-toy-storage","21":"product_shipping_class-small-package","23":"first","24":"instock","25":"sale","26":"taxable","27":"shipping-taxable","28":"purchasable","29":"product-type-simple"},"acf":[],"gallery_images":[64697,64698,64699,64700],"_links":{"self":[{"href":"https:\/\/www.padaworks.com\/pt\/wp-json\/wp\/v2\/product\/64695","targetHints":{"allow":["GET"]}}],"collection":[{"href":"https:\/\/www.padaworks.com\/pt\/wp-json\/wp\/v2\/product"}],"about":[{"href":"https:\/\/www.padaworks.com\/pt\/wp-json\/wp\/v2\/types\/product"}],"replies":[{"embeddable":true,"href":"https:\/\/www.padaworks.com\/pt\/wp-json\/wp\/v2\/comments?post=64695"}],"wp:featuredmedia":[{"embeddable":true,"href":"https:\/\/www.padaworks.com\/pt\/wp-json\/wp\/v2\/media\/64696"}],"wp:attachment":[{"href":"https:\/\/www.padaworks.com\/pt\/wp-json\/wp\/v2\/media?parent=64695"}],"wp:term":[{"taxonomy":"product_brand","embeddable":true,"href":"https:\/\/www.padaworks.com\/pt\/wp-json\/wp\/v2\/product_brand?post=64695"},{"taxonomy":"product_cat","embeddable":true,"href":"https:\/\/www.padaworks.com\/pt\/wp-json\/wp\/v2\/product_cat?post=64695"},{"taxonomy":"product_tag","embeddable":true,"href":"https:\/\/www.padaworks.com\/pt\/wp-json\/wp\/v2\/product_tag?post=64695"}],"curies":[{"name":"wp","href":"https:\/\/api.w.org\/{rel}","templated":true}]}}