{"id":64493,"date":"2025-02-28T19:02:56","date_gmt":"2025-02-28T19:02:56","guid":{"rendered":"https:\/\/www.padaworks.com\/product\/large-oval-bird-house\/"},"modified":"2025-11-18T15:44:40","modified_gmt":"2025-11-18T15:44:40","slug":"grande-casa-oval-para-passaros","status":"publish","type":"product","link":"https:\/\/www.padaworks.com\/pt\/product\/grande-casa-oval-para-passaros\/","title":{"rendered":"Casa de p\u00e1ssaros grande e oval"},"content":{"rendered":"<p>Casa de p\u00e1ssaros grande e oval<\/p>\n<p>Ofere\u00e7a ao seu ador\u00e1vel p\u00e1ssaro uma gaiola nova e grande, com um design atrativo que pode facilmente acrescentar \u00e0 decora\u00e7\u00e3o da sua casa.<br \/>Esta gaiola \u00e9 toda feita \u00e0 m\u00e3o com madeira reutilizada.<br \/>Esta madeira \u00e9 recolhida nos centros de res\u00edduos e transformada nesta bela gaiola.<\/p>\n<p>Carater\u00edsticas da gaiola:<br \/>- Uma porta frontal com mola e uma fechadura;<br \/>- Quatro comedouros de pl\u00e1stico, dois de cada lado;<br \/>- Uma gaveta de res\u00edduos com um fecho para facilitar a limpeza do ch\u00e3o da gaiola;<br \/>- Um anel em cima da gaiola<\/p>\n<p>Feito \u00e0 m\u00e3o<br \/>Fabricado em Portugal<\/p>\n<p>Dimens\u00f5es:<br \/>C \u2013 57 cm, L \u2013 48 cm, A \u2013 67 cm<br \/>C \u2013 57 cm, L \u2013 48 cm, A \u2013 67 cm<\/p>\n<p>Espa\u00e7amento entre fios - 1,1 cm; 0,4 in<\/p>\n<p>Este produto \u00e9 cuidadosamente embalado para garantir que chega em boas condi\u00e7\u00f5es \u00e0 sua casa.<br \/>As dimens\u00f5es podem variar ligeiramente.<\/p>","protected":false},"excerpt":{"rendered":"<p>Large Oval Bird House Give to your lovely bird a new and large cage, with one attractive design that you can easily add in you home decor.This cage is all handmade with reused wood.This wood is collected from waste centers and transformed into this beautiful cage. Features of the cage:&#8211; One spring-loaded front doors and [&hellip;]<\/p>","protected":false},"featured_media":64494,"comment_status":"open","ping_status":"open","template":"","meta":{"_acf_changed":false},"product_brand":[],"product_cat":[509,132],"product_tag":[567,497,507,723,561,721,563,722,568,566,505,500,499],"class_list":{"0":"post-64493","1":"product","2":"type-product","3":"status-publish","4":"has-post-thumbnail","6":"product_cat-pet-supplies","7":"product_cat-bird-cages","8":"product_tag-aviary-cage","9":"product_tag-bird-cage","10":"product_tag-bird-cage-decor","11":"product_tag-bird-gift","12":"product_tag-birds-cage","13":"product_tag-father-day-gift","14":"product_tag-large-bird-cage","15":"product_tag-large-wooden-cage","16":"product_tag-parrot-cage","17":"product_tag-round-bird-cage","18":"product_tag-vintage-bird-cage","19":"product_tag-wood-bird-cage","20":"product_tag-wooden-bird-cage","21":"product_shipping_class-large-package","23":"first","24":"instock","25":"taxable","26":"shipping-taxable","27":"purchasable","28":"product-type-variable","29":"has-default-attributes","30":"wvs-archive-product-wrapper"},"acf":[],"gallery_images":[64495,64496,64497,64498,64499,64500,64501,64502,64504],"_links":{"self":[{"href":"https:\/\/www.padaworks.com\/pt\/wp-json\/wp\/v2\/product\/64493","targetHints":{"allow":["GET"]}}],"collection":[{"href":"https:\/\/www.padaworks.com\/pt\/wp-json\/wp\/v2\/product"}],"about":[{"href":"https:\/\/www.padaworks.com\/pt\/wp-json\/wp\/v2\/types\/product"}],"replies":[{"embeddable":true,"href":"https:\/\/www.padaworks.com\/pt\/wp-json\/wp\/v2\/comments?post=64493"}],"wp:featuredmedia":[{"embeddable":true,"href":"https:\/\/www.padaworks.com\/pt\/wp-json\/wp\/v2\/media\/64494"}],"wp:attachment":[{"href":"https:\/\/www.padaworks.com\/pt\/wp-json\/wp\/v2\/media?parent=64493"}],"wp:term":[{"taxonomy":"product_brand","embeddable":true,"href":"https:\/\/www.padaworks.com\/pt\/wp-json\/wp\/v2\/product_brand?post=64493"},{"taxonomy":"product_cat","embeddable":true,"href":"https:\/\/www.padaworks.com\/pt\/wp-json\/wp\/v2\/product_cat?post=64493"},{"taxonomy":"product_tag","embeddable":true,"href":"https:\/\/www.padaworks.com\/pt\/wp-json\/wp\/v2\/product_tag?post=64493"}],"curies":[{"name":"wp","href":"https:\/\/api.w.org\/{rel}","templated":true}]}}