{"id":64487,"date":"2025-02-27T18:18:03","date_gmt":"2025-02-27T18:18:03","guid":{"rendered":"https:\/\/www.padaworks.com\/product\/mini-cage-decor\/"},"modified":"2026-02-16T15:16:17","modified_gmt":"2026-02-16T15:16:17","slug":"decoracao-de-mini-gaiolas","status":"publish","type":"product","link":"https:\/\/www.padaworks.com\/pt\/product\/decoracao-de-mini-gaiolas\/","title":{"rendered":"Decora\u00e7\u00e3o de mini gaiolas"},"content":{"rendered":"<p>Decora\u00e7\u00e3o de mini gaiolas<\/p>\n<p>Esta mini gaiola \u00e9 toda feita \u00e0 m\u00e3o com madeira reutilizada.<br \/>Esta madeira \u00e9 recolhida em centros de recolha de res\u00edduos e transformada nesta bonita mini gaiola.<\/p>\n<p>Feito \u00e0 m\u00e3o<br \/>Fabricado em Portugal<\/p>\n<p>Dimens\u00f5es:<br \/>C - 6,5 cm, L - 4 cm, A - 7 cm<br \/>C - 2,6 pol., L - 1,6 pol., A - 2,8 pol.<\/p>\n<p>As dimens\u00f5es podem variar ligeiramente.<\/p>","protected":false},"excerpt":{"rendered":"<p>Mini Cage Decor This mini cage is all handmade with reused wood.This wood is collected from waste centers and transformed into this beautiful mini cage. Artisan MadeMade in Portugal Dimensions:L &#8211; 6,5 cm, W &#8211; 4 cm, H &#8211; 7 cmL &#8211; 2,6 in, W &#8211; 1,6 in, H &#8211; 2,8 in The dimensions may [&hellip;]<\/p>","protected":false},"featured_media":64488,"comment_status":"open","ping_status":"closed","template":"","meta":{"_acf_changed":false},"product_brand":[],"product_cat":[509,132],"product_tag":[570,497,507,565,1689,1068,571,1097,501,503,505,659,500],"class_list":{"0":"post-64487","1":"product","2":"type-product","3":"status-publish","4":"has-post-thumbnail","6":"product_cat-pet-supplies","7":"product_cat-bird-cages","8":"product_tag-antique-bird-cage","9":"product_tag-bird-cage","10":"product_tag-bird-cage-decor","11":"product_tag-bird-cage-wood","12":"product_tag-bird-memory","13":"product_tag-canary-cage","14":"product_tag-decorative-bird-cage","15":"product_tag-doll-cage","16":"product_tag-finch-cage","17":"product_tag-parakeet-cage","18":"product_tag-vintage-bird-cage","19":"product_tag-wedding-decor","20":"product_tag-wood-bird-cage","21":"product_shipping_class-small-package","23":"first","24":"instock","25":"taxable","26":"shipping-taxable","27":"purchasable","28":"product-type-simple"},"acf":[],"gallery_images":[64489,64490,64491,64492],"_links":{"self":[{"href":"https:\/\/www.padaworks.com\/pt\/wp-json\/wp\/v2\/product\/64487","targetHints":{"allow":["GET"]}}],"collection":[{"href":"https:\/\/www.padaworks.com\/pt\/wp-json\/wp\/v2\/product"}],"about":[{"href":"https:\/\/www.padaworks.com\/pt\/wp-json\/wp\/v2\/types\/product"}],"replies":[{"embeddable":true,"href":"https:\/\/www.padaworks.com\/pt\/wp-json\/wp\/v2\/comments?post=64487"}],"wp:featuredmedia":[{"embeddable":true,"href":"https:\/\/www.padaworks.com\/pt\/wp-json\/wp\/v2\/media\/64488"}],"wp:attachment":[{"href":"https:\/\/www.padaworks.com\/pt\/wp-json\/wp\/v2\/media?parent=64487"}],"wp:term":[{"taxonomy":"product_brand","embeddable":true,"href":"https:\/\/www.padaworks.com\/pt\/wp-json\/wp\/v2\/product_brand?post=64487"},{"taxonomy":"product_cat","embeddable":true,"href":"https:\/\/www.padaworks.com\/pt\/wp-json\/wp\/v2\/product_cat?post=64487"},{"taxonomy":"product_tag","embeddable":true,"href":"https:\/\/www.padaworks.com\/pt\/wp-json\/wp\/v2\/product_tag?post=64487"}],"curies":[{"name":"wp","href":"https:\/\/api.w.org\/{rel}","templated":true}]}}