{"id":64435,"date":"2024-11-30T17:19:42","date_gmt":"2024-11-30T17:19:42","guid":{"rendered":"https:\/\/www.padaworks.com\/product\/cotton-bathrobe-waffle-bathrobe\/"},"modified":"2025-11-18T15:44:51","modified_gmt":"2025-11-18T15:44:51","slug":"roupao-de-banho-de-algodao-roupao-de-banho-waffle","status":"publish","type":"product","link":"https:\/\/www.padaworks.com\/pt\/product\/roupao-de-banho-de-algodao-roupao-de-banho-waffle\/","title":{"rendered":"Roup\u00e3o de banho de algod\u00e3o - Roup\u00e3o de banho Waffle"},"content":{"rendered":"<p>Roup\u00e3o de banho de algod\u00e3o - Roup\u00e3o de banho Waffle<\/p>\n<p>450 g\/m2<br \/>100% Algod\u00e3o<br \/>Fabricado em Portugal<\/p>\n<p>A textura suave do algod\u00e3o proporciona um toque delicado e confort\u00e1vel.<br \/>Estes roup\u00f5es de banho s\u00e3o absorventes e confort\u00e1veis.<br \/>Lavar os roup\u00f5es de banho em \u00e1gua fria ou morna e sec\u00e1-los ao ar livre ou a uma temperatura baixa na m\u00e1quina de secar.<\/p>","protected":false},"excerpt":{"rendered":"<p>Cotton Bathrobe &#8211; Waffle Bathrobe 450 g\/m2100% CottonMade in Portugal The soft texture of cotton provides a delicate and comfortable touch.These bathrobes are absorbent and comfortable.Wash bathrobes in cold or warm water and dry them outdoors or on a low temperature in the dryer.<\/p>","protected":false},"featured_media":64436,"comment_status":"open","ping_status":"open","template":"","meta":{"_acf_changed":false},"product_brand":[],"product_cat":[2634],"product_tag":[2653,2646,2647,2649,2652,2645,2626,2644,2650,2654,2648,2651,2643],"class_list":{"0":"post-64435","1":"product","2":"type-product","3":"status-publish","4":"has-post-thumbnail","6":"product_cat-towels","7":"product_tag-bath-robe","8":"product_tag-bathrobe-for-men","9":"product_tag-bathrobe-for-women","10":"product_tag-bridesmaid-gifts","11":"product_tag-cotton-robe","12":"product_tag-couple-bathrobe","13":"product_tag-house-warming-gift","14":"product_tag-luxury-bathrobe","15":"product_tag-robe","16":"product_tag-shower-robe","17":"product_tag-spa-bathrobe","18":"product_tag-waffle-robe","19":"product_tag-women-bathrobe","20":"product_shipping_class-small-package","21":"pa_other-waffle-robe","22":"pa_other-waffle-robeslippers","24":"first","25":"instock","26":"taxable","27":"shipping-taxable","28":"purchasable","29":"product-type-variable","30":"has-default-attributes","31":"wvs-archive-product-wrapper"},"acf":[],"gallery_images":[64437,64438,64439,64443],"_links":{"self":[{"href":"https:\/\/www.padaworks.com\/pt\/wp-json\/wp\/v2\/product\/64435","targetHints":{"allow":["GET"]}}],"collection":[{"href":"https:\/\/www.padaworks.com\/pt\/wp-json\/wp\/v2\/product"}],"about":[{"href":"https:\/\/www.padaworks.com\/pt\/wp-json\/wp\/v2\/types\/product"}],"replies":[{"embeddable":true,"href":"https:\/\/www.padaworks.com\/pt\/wp-json\/wp\/v2\/comments?post=64435"}],"wp:featuredmedia":[{"embeddable":true,"href":"https:\/\/www.padaworks.com\/pt\/wp-json\/wp\/v2\/media\/64436"}],"wp:attachment":[{"href":"https:\/\/www.padaworks.com\/pt\/wp-json\/wp\/v2\/media?parent=64435"}],"wp:term":[{"taxonomy":"product_brand","embeddable":true,"href":"https:\/\/www.padaworks.com\/pt\/wp-json\/wp\/v2\/product_brand?post=64435"},{"taxonomy":"product_cat","embeddable":true,"href":"https:\/\/www.padaworks.com\/pt\/wp-json\/wp\/v2\/product_cat?post=64435"},{"taxonomy":"product_tag","embeddable":true,"href":"https:\/\/www.padaworks.com\/pt\/wp-json\/wp\/v2\/product_tag?post=64435"}],"curies":[{"name":"wp","href":"https:\/\/api.w.org\/{rel}","templated":true}]}}