{"id":64412,"date":"2024-11-30T15:40:31","date_gmt":"2024-11-30T15:40:31","guid":{"rendered":"https:\/\/www.padaworks.com\/product\/bath-sheet-100x150cm-2\/"},"modified":"2025-11-18T15:32:12","modified_gmt":"2025-11-18T15:32:12","slug":"lencol-de-banho-100x150cm-2","status":"publish","type":"product","link":"https:\/\/www.padaworks.com\/pt\/product\/lencol-de-banho-100x150cm-2\/","title":{"rendered":"Len\u00e7ol de banho 100x150cm"},"content":{"rendered":"<p>Len\u00e7ol de banho 100x150cm<\/p>\n<p>440 g\/m2<br \/>100% Algod\u00e3o<br \/>De acordo com a norma oeko-tex 100<br \/>Fabricado em Portugal<\/p>\n<p>A textura suave do algod\u00e3o proporciona um toque delicado e confort\u00e1vel.<br \/>Estas toalhas s\u00e3o muito absorventes e secam rapidamente.<br \/>Lavar as toalhas em \u00e1gua fria ou morna e sec\u00e1-las ao ar livre ou a uma temperatura baixa na m\u00e1quina de secar. Estas toalhas mant\u00eam a sua forma e suavidade mesmo ap\u00f3s v\u00e1rias lavagens.<\/p>\n<p>Dimens\u00f5es:<br \/>Toalha de banho: 100 x 150 cm; 39,4 x 59,1 pol.<\/p>\n<p>As dimens\u00f5es podem variar ligeiramente.<\/p>","protected":false},"excerpt":{"rendered":"<p>Bath Sheet 100x150cm 440 g\/m2100% CottonAccording to oeko-tex standard 100Made in Portugal The soft texture of cotton provides a delicate and comfortable touch.These towels are highly absorbent and drying quickly.Wash towels in cold or warm water and dry them outdoors or on a low temperature in the dryer. This towels maintain their shape and softness [&hellip;]<\/p>","protected":false},"featured_media":64413,"comment_status":"open","ping_status":"open","template":"","meta":{"_acf_changed":false},"product_brand":[],"product_cat":[2634],"product_tag":[2639,2592,573,2642,2638,2594,2584,2637,2640,2591,2641,2590,2588],"class_list":{"0":"post-64412","1":"product","2":"type-product","3":"status-publish","4":"has-post-thumbnail","6":"product_cat-towels","7":"product_tag-college-gift","8":"product_tag-high-quality","9":"product_tag-housewarming-gift","10":"product_tag-kids-towels","11":"product_tag-large-bath-towel","12":"product_tag-luxury-bath-towels","13":"product_tag-organic-cotton-towel","14":"product_tag-oversized-towel","15":"product_tag-pool-towel","16":"product_tag-portuguese-towels","17":"product_tag-spa-towel","18":"product_tag-towels","19":"product_tag-vintage-bath-towel","20":"product_shipping_class-small-package","22":"first","23":"instock","24":"taxable","25":"shipping-taxable","26":"purchasable","27":"product-type-variable","28":"has-default-attributes","29":"wvs-archive-product-wrapper"},"acf":[],"gallery_images":[64414,64415,64416,64417,64418,64419,64420],"_links":{"self":[{"href":"https:\/\/www.padaworks.com\/pt\/wp-json\/wp\/v2\/product\/64412","targetHints":{"allow":["GET"]}}],"collection":[{"href":"https:\/\/www.padaworks.com\/pt\/wp-json\/wp\/v2\/product"}],"about":[{"href":"https:\/\/www.padaworks.com\/pt\/wp-json\/wp\/v2\/types\/product"}],"replies":[{"embeddable":true,"href":"https:\/\/www.padaworks.com\/pt\/wp-json\/wp\/v2\/comments?post=64412"}],"wp:featuredmedia":[{"embeddable":true,"href":"https:\/\/www.padaworks.com\/pt\/wp-json\/wp\/v2\/media\/64413"}],"wp:attachment":[{"href":"https:\/\/www.padaworks.com\/pt\/wp-json\/wp\/v2\/media?parent=64412"}],"wp:term":[{"taxonomy":"product_brand","embeddable":true,"href":"https:\/\/www.padaworks.com\/pt\/wp-json\/wp\/v2\/product_brand?post=64412"},{"taxonomy":"product_cat","embeddable":true,"href":"https:\/\/www.padaworks.com\/pt\/wp-json\/wp\/v2\/product_cat?post=64412"},{"taxonomy":"product_tag","embeddable":true,"href":"https:\/\/www.padaworks.com\/pt\/wp-json\/wp\/v2\/product_tag?post=64412"}],"curies":[{"name":"wp","href":"https:\/\/api.w.org\/{rel}","templated":true}]}}