{"id":64354,"date":"2024-11-27T19:36:47","date_gmt":"2024-11-27T19:36:47","guid":{"rendered":"https:\/\/www.padaworks.com\/product\/hand-towels-50x100cm-2\/"},"modified":"2025-11-18T15:32:34","modified_gmt":"2025-11-18T15:32:34","slug":"toalhas-de-mao-50x100cm-2","status":"publish","type":"product","link":"https:\/\/www.padaworks.com\/pt\/product\/toalhas-de-mao-50x100cm-2\/","title":{"rendered":"Toalhas de m\u00e3o 50x100cm"},"content":{"rendered":"<p>Toalhas de m\u00e3o 50x100cm<\/p>\n<p>440 g\/m2<br \/>100% Algod\u00e3o<br \/>De acordo com a norma oeko-tex 100<br \/>Fabricado em Portugal<\/p>\n<p>A textura suave do algod\u00e3o proporciona um toque delicado e confort\u00e1vel.<br \/>Estas toalhas s\u00e3o muito absorventes e secam rapidamente.<br \/>Lavar as toalhas em \u00e1gua fria ou morna e sec\u00e1-las ao ar livre ou a uma temperatura baixa na m\u00e1quina de secar. Estas toalhas mant\u00eam a sua forma e suavidade mesmo ap\u00f3s v\u00e1rias lavagens.<\/p>\n<p>Dimens\u00f5es:<br \/>Toalha de m\u00e3o: 50 x 100 cm; 19,7 x 39,4 pol.<\/p>\n<p>As dimens\u00f5es podem variar ligeiramente.<\/p>","protected":false},"excerpt":{"rendered":"<p>Toalhas de m\u00e3o 50x100cm 440 g\/m2100% Algod\u00e3oDe acordo com a norma oeko-tex 100Fabricado em Portugal A textura suave do algod\u00e3o proporciona um toque delicado e confort\u00e1vel. Estas toalhas s\u00e3o altamente absorventes e de secagem r\u00e1pida. Lave as toalhas em \u00e1gua fria ou morna e seque-as ao ar livre ou a baixa temperatura na m\u00e1quina de secar. Estas toalhas mant\u00eam a sua forma e suavidade [...]<\/p>","protected":false},"featured_media":64355,"comment_status":"open","ping_status":"open","template":"","meta":{"_acf_changed":false},"product_brand":[],"product_cat":[2634],"product_tag":[2589,885,2593,2623,2612,2592,2626,2616,2591,2625,2624,2590,2588],"class_list":{"0":"post-64354","1":"product","2":"type-product","3":"status-publish","4":"has-post-thumbnail","6":"product_cat-towels","7":"product_tag-bathroom-accessories","8":"product_tag-bathroom-decor","9":"product_tag-bathroom-towels","10":"product_tag-guest-bathroom","11":"product_tag-hand-towel","12":"product_tag-high-quality","13":"product_tag-house-warming-gift","14":"product_tag-luxury-towels","15":"product_tag-portuguese-towels","16":"product_tag-soft-towels","17":"product_tag-solid-towel","18":"product_tag-towels","19":"product_tag-vintage-bath-towel","20":"product_shipping_class-small-package","22":"first","23":"instock","24":"taxable","25":"shipping-taxable","26":"purchasable","27":"product-type-variable","28":"has-default-attributes","29":"wvs-archive-product-wrapper"},"acf":[],"gallery_images":[64356,64357,64358,64359,64360,64361,64362],"_links":{"self":[{"href":"https:\/\/www.padaworks.com\/pt\/wp-json\/wp\/v2\/product\/64354","targetHints":{"allow":["GET"]}}],"collection":[{"href":"https:\/\/www.padaworks.com\/pt\/wp-json\/wp\/v2\/product"}],"about":[{"href":"https:\/\/www.padaworks.com\/pt\/wp-json\/wp\/v2\/types\/product"}],"replies":[{"embeddable":true,"href":"https:\/\/www.padaworks.com\/pt\/wp-json\/wp\/v2\/comments?post=64354"}],"wp:featuredmedia":[{"embeddable":true,"href":"https:\/\/www.padaworks.com\/pt\/wp-json\/wp\/v2\/media\/64355"}],"wp:attachment":[{"href":"https:\/\/www.padaworks.com\/pt\/wp-json\/wp\/v2\/media?parent=64354"}],"wp:term":[{"taxonomy":"product_brand","embeddable":true,"href":"https:\/\/www.padaworks.com\/pt\/wp-json\/wp\/v2\/product_brand?post=64354"},{"taxonomy":"product_cat","embeddable":true,"href":"https:\/\/www.padaworks.com\/pt\/wp-json\/wp\/v2\/product_cat?post=64354"},{"taxonomy":"product_tag","embeddable":true,"href":"https:\/\/www.padaworks.com\/pt\/wp-json\/wp\/v2\/product_tag?post=64354"}],"curies":[{"name":"wp","href":"https:\/\/api.w.org\/{rel}","templated":true}]}}