{"id":64285,"date":"2024-11-27T18:21:02","date_gmt":"2024-11-27T18:21:02","guid":{"rendered":"https:\/\/www.padaworks.com\/product\/face-towels-30x50cm\/"},"modified":"2026-03-09T23:04:00","modified_gmt":"2026-03-09T23:04:00","slug":"toalhas-de-rosto-30x50cm","status":"publish","type":"product","link":"https:\/\/www.padaworks.com\/pt\/product\/toalhas-de-rosto-30x50cm\/","title":{"rendered":"Toalhas de rosto - 30x50cm"},"content":{"rendered":"<p>Toalhas de rosto 30x50cm<\/p>\n<p>440 g\/m2<br \/>100% Algod\u00e3o<br \/>De acordo com a norma oeko-tex 100<br \/>Fabricado em Portugal<\/p>\n<p>A textura suave do algod\u00e3o proporciona um toque delicado e confort\u00e1vel.<br \/>Estas toalhas s\u00e3o muito absorventes e secam rapidamente.<br \/>Lavar as toalhas em \u00e1gua fria ou morna e sec\u00e1-las ao ar livre ou a uma temperatura baixa na m\u00e1quina de secar. Estas toalhas mant\u00eam a sua forma e suavidade mesmo ap\u00f3s v\u00e1rias lavagens.<\/p>\n<p>Dimens\u00f5es:<br \/>Toalha de rosto: 30 x 50 cm; 11,8 x 19,7 pol.<\/p>\n<p>As dimens\u00f5es podem variar ligeiramente.<\/p>","protected":false},"excerpt":{"rendered":"<p>Face Towels 30x50cm 440 g\/m2100% CottonAccording to oeko-tex standard 100Made in Portugal The soft texture of cotton provides a delicate and comfortable touch.These towels are highly absorbent and drying quickly.Wash towels in cold or warm water and dry them outdoors or on a low temperature in the dryer. This towels maintain their shape and softness [&hellip;]<\/p>","protected":false},"featured_media":64286,"comment_status":"open","ping_status":"open","template":"","meta":{"_acf_changed":false},"product_brand":[],"product_cat":[2634],"product_tag":[2586,2593,2614,2613,2612,2592,573,2594,2615,2584,2591,2590,2588],"class_list":{"0":"post-64285","1":"product","2":"type-product","3":"status-publish","4":"has-post-thumbnail","6":"product_cat-towels","7":"product_tag-bath-decor","8":"product_tag-bathroom-towels","9":"product_tag-face-towels","10":"product_tag-facial-towel","11":"product_tag-hand-towel","12":"product_tag-high-quality","13":"product_tag-housewarming-gift","14":"product_tag-luxury-bath-towels","15":"product_tag-makeup-towel","16":"product_tag-organic-cotton-towel","17":"product_tag-portuguese-towels","18":"product_tag-towels","19":"product_tag-vintage-bath-towel","20":"product_shipping_class-small-package","22":"first","23":"instock","24":"taxable","25":"shipping-taxable","26":"purchasable","27":"product-type-variable","28":"has-default-attributes","29":"wvs-archive-product-wrapper"},"acf":[],"gallery_images":[64287,64288,64289,64290,64291,64292,64293],"_links":{"self":[{"href":"https:\/\/www.padaworks.com\/pt\/wp-json\/wp\/v2\/product\/64285","targetHints":{"allow":["GET"]}}],"collection":[{"href":"https:\/\/www.padaworks.com\/pt\/wp-json\/wp\/v2\/product"}],"about":[{"href":"https:\/\/www.padaworks.com\/pt\/wp-json\/wp\/v2\/types\/product"}],"replies":[{"embeddable":true,"href":"https:\/\/www.padaworks.com\/pt\/wp-json\/wp\/v2\/comments?post=64285"}],"wp:featuredmedia":[{"embeddable":true,"href":"https:\/\/www.padaworks.com\/pt\/wp-json\/wp\/v2\/media\/64286"}],"wp:attachment":[{"href":"https:\/\/www.padaworks.com\/pt\/wp-json\/wp\/v2\/media?parent=64285"}],"wp:term":[{"taxonomy":"product_brand","embeddable":true,"href":"https:\/\/www.padaworks.com\/pt\/wp-json\/wp\/v2\/product_brand?post=64285"},{"taxonomy":"product_cat","embeddable":true,"href":"https:\/\/www.padaworks.com\/pt\/wp-json\/wp\/v2\/product_cat?post=64285"},{"taxonomy":"product_tag","embeddable":true,"href":"https:\/\/www.padaworks.com\/pt\/wp-json\/wp\/v2\/product_tag?post=64285"}],"curies":[{"name":"wp","href":"https:\/\/api.w.org\/{rel}","templated":true}]}}