{"id":64261,"date":"2024-11-26T19:43:58","date_gmt":"2024-11-26T19:43:58","guid":{"rendered":"https:\/\/www.padaworks.com\/product\/cotton-baby-blanket-130x170cm\/"},"modified":"2026-03-13T17:47:22","modified_gmt":"2026-03-13T17:47:22","slug":"manta-de-algodao-para-bebe-130x170cm","status":"publish","type":"product","link":"https:\/\/www.padaworks.com\/pt\/product\/manta-de-algodao-para-bebe-130x170cm\/","title":{"rendered":"Manta de algod\u00e3o para beb\u00e9 - 130x170cm"},"content":{"rendered":"<p>Manta de algod\u00e3o para beb\u00e9 130x170cm<\/p>\n<p>100% Algod\u00e3o<br \/>Fabricado em Portugal<\/p>\n<p>Dimens\u00f5es:<br \/>C - 170 cm, L - 130 cm<br \/>C - 66,9 pol., L - 51,2 pol.<\/p>\n<p>As dimens\u00f5es podem variar ligeiramente.<\/p>","protected":false},"excerpt":{"rendered":"<p>Cotton Baby Blanket 130x170cm 100% CottonMade in Portugal Dimensions:L &#8211; 170 cm, W &#8211; 130 cmL &#8211; 66,9 in, W &#8211; 51,2 in The dimensions may vary slightly.<\/p>","protected":false},"featured_media":64262,"comment_status":"open","ping_status":"open","template":"","meta":{"_acf_changed":false},"product_brand":[],"product_cat":[2581],"product_tag":[2571,2599,2598,2604,2602,2601,2101,2578,2600,2575,2569,2603,2576],"class_list":{"0":"post-64261","1":"product","2":"type-product","3":"status-publish","4":"has-post-thumbnail","6":"product_cat-knitted-blanket","7":"product_tag-baby-blanket","8":"product_tag-baby-boy-blanket","9":"product_tag-baby-girl-blanket","10":"product_tag-chunky-blanket","11":"product_tag-cream-blanket","12":"product_tag-knit-baby-blanket","13":"product_tag-made-in-portugal","14":"product_tag-modern-blanket","15":"product_tag-organic-baby-blanket","16":"product_tag-soft-baby-blanket","17":"product_tag-textured-blanket","18":"product_tag-warm-baby-blanket","19":"product_tag-winter-blanket","20":"product_shipping_class-small-package","21":"pa_design-a","22":"pa_design-b","24":"first","25":"instock","26":"taxable","27":"shipping-taxable","28":"purchasable","29":"product-type-variable","30":"has-default-attributes","31":"wvs-archive-product-wrapper"},"acf":[],"gallery_images":[64263,64264,64265,64266,64267,64268,64269],"_links":{"self":[{"href":"https:\/\/www.padaworks.com\/pt\/wp-json\/wp\/v2\/product\/64261","targetHints":{"allow":["GET"]}}],"collection":[{"href":"https:\/\/www.padaworks.com\/pt\/wp-json\/wp\/v2\/product"}],"about":[{"href":"https:\/\/www.padaworks.com\/pt\/wp-json\/wp\/v2\/types\/product"}],"replies":[{"embeddable":true,"href":"https:\/\/www.padaworks.com\/pt\/wp-json\/wp\/v2\/comments?post=64261"}],"wp:featuredmedia":[{"embeddable":true,"href":"https:\/\/www.padaworks.com\/pt\/wp-json\/wp\/v2\/media\/64262"}],"wp:attachment":[{"href":"https:\/\/www.padaworks.com\/pt\/wp-json\/wp\/v2\/media?parent=64261"}],"wp:term":[{"taxonomy":"product_brand","embeddable":true,"href":"https:\/\/www.padaworks.com\/pt\/wp-json\/wp\/v2\/product_brand?post=64261"},{"taxonomy":"product_cat","embeddable":true,"href":"https:\/\/www.padaworks.com\/pt\/wp-json\/wp\/v2\/product_cat?post=64261"},{"taxonomy":"product_tag","embeddable":true,"href":"https:\/\/www.padaworks.com\/pt\/wp-json\/wp\/v2\/product_tag?post=64261"}],"curies":[{"name":"wp","href":"https:\/\/api.w.org\/{rel}","templated":true}]}}