{"id":64211,"date":"2024-11-26T17:57:35","date_gmt":"2024-11-26T17:57:35","guid":{"rendered":"https:\/\/www.padaworks.com\/product\/towel-set-set-of-6-towels\/"},"modified":"2025-11-18T15:33:15","modified_gmt":"2025-11-18T15:33:15","slug":"conjunto-de-toalhas-conjunto-de-6-toalhas","status":"publish","type":"product","link":"https:\/\/www.padaworks.com\/pt\/product\/conjunto-de-toalhas-conjunto-de-6-toalhas\/","title":{"rendered":"Conjunto de toalhas - Conjunto de 6 toalhas"},"content":{"rendered":"<p>Conjunto de toalhas<\/p>\n<p>440 g\/m2<br \/>100% Algod\u00e3o<br \/>De acordo com a norma oeko-tex 100<br \/>Fabricado em Portugal<\/p>\n<p>A textura suave do algod\u00e3o proporciona um toque delicado e confort\u00e1vel.<br \/>Estas toalhas s\u00e3o muito absorventes e secam rapidamente.<br \/>Lavar as toalhas em \u00e1gua fria ou morna e sec\u00e1-las ao ar livre ou a uma temperatura baixa na m\u00e1quina de secar. Estas toalhas mant\u00eam a sua forma e suavidade mesmo ap\u00f3s v\u00e1rias lavagens.<\/p>\n<p>Dimens\u00f5es:<br \/>2x - Toalha de rosto: 30x50cm; 11,8\u00d719,7in<br \/>2x - Toalha de m\u00e3o: 50x100cm; 19,7\u00d739,4in<br \/>2x - Len\u00e7ol de banho: 100x150cm; 39,4\u00d759,1in<\/p>\n<p>As dimens\u00f5es podem variar ligeiramente.<\/p>","protected":false},"excerpt":{"rendered":"<p>Towel Set 440 g\/m2100% CottonAccording to oeko-tex standard 100Made in Portugal The soft texture of cotton provides a delicate and comfortable touch.These towels are highly absorbent and drying quickly.Wash towels in cold or warm water and dry them outdoors or on a low temperature in the dryer. This towels maintain their shape and softness even [&hellip;]<\/p>","protected":false},"featured_media":64212,"comment_status":"open","ping_status":"open","template":"","meta":{"_acf_changed":false},"product_brand":[],"product_cat":[2634],"product_tag":[2586,2585,2587,2589,2593,2592,2583,2594,2584,2591,2582,2590,2588],"class_list":{"0":"post-64211","1":"product","2":"type-product","3":"status-publish","4":"has-post-thumbnail","6":"product_cat-towels","7":"product_tag-bath-decor","8":"product_tag-bath-sheet","9":"product_tag-bath-towel-set","10":"product_tag-bathroom-accessories","11":"product_tag-bathroom-towels","12":"product_tag-high-quality","13":"product_tag-kids-towel","14":"product_tag-luxury-bath-towels","15":"product_tag-organic-cotton-towel","16":"product_tag-portuguese-towels","17":"product_tag-swim-towel","18":"product_tag-towels","19":"product_tag-vintage-bath-towel","20":"product_shipping_class-small-package","22":"first","23":"instock","24":"taxable","25":"shipping-taxable","26":"purchasable","27":"product-type-variable","28":"has-default-attributes","29":"wvs-archive-product-wrapper"},"acf":[],"gallery_images":[64213,64214,64215,64216,64217,64218,64219,64220,64221],"_links":{"self":[{"href":"https:\/\/www.padaworks.com\/pt\/wp-json\/wp\/v2\/product\/64211","targetHints":{"allow":["GET"]}}],"collection":[{"href":"https:\/\/www.padaworks.com\/pt\/wp-json\/wp\/v2\/product"}],"about":[{"href":"https:\/\/www.padaworks.com\/pt\/wp-json\/wp\/v2\/types\/product"}],"replies":[{"embeddable":true,"href":"https:\/\/www.padaworks.com\/pt\/wp-json\/wp\/v2\/comments?post=64211"}],"wp:featuredmedia":[{"embeddable":true,"href":"https:\/\/www.padaworks.com\/pt\/wp-json\/wp\/v2\/media\/64212"}],"wp:attachment":[{"href":"https:\/\/www.padaworks.com\/pt\/wp-json\/wp\/v2\/media?parent=64211"}],"wp:term":[{"taxonomy":"product_brand","embeddable":true,"href":"https:\/\/www.padaworks.com\/pt\/wp-json\/wp\/v2\/product_brand?post=64211"},{"taxonomy":"product_cat","embeddable":true,"href":"https:\/\/www.padaworks.com\/pt\/wp-json\/wp\/v2\/product_cat?post=64211"},{"taxonomy":"product_tag","embeddable":true,"href":"https:\/\/www.padaworks.com\/pt\/wp-json\/wp\/v2\/product_tag?post=64211"}],"curies":[{"name":"wp","href":"https:\/\/api.w.org\/{rel}","templated":true}]}}