{"id":64198,"date":"2024-11-23T20:35:21","date_gmt":"2024-11-23T20:35:21","guid":{"rendered":"https:\/\/www.padaworks.com\/product\/crochet-baby-blanket\/"},"modified":"2026-02-12T14:50:49","modified_gmt":"2026-02-12T14:50:49","slug":"cobertor-de-croche-para-bebe","status":"publish","type":"product","link":"https:\/\/www.padaworks.com\/pt\/product\/cobertor-de-croche-para-bebe\/","title":{"rendered":"Manta de beb\u00e9 em croch\u00e9"},"content":{"rendered":"<p>Manta de beb\u00e9 em croch\u00e9<\/p>\n<p>Feito \u00e0 m\u00e3o<br \/>Fabricado em Portugal<\/p>\n<p>Dimens\u00f5es:<br \/>Verde menta<br \/>C \u2013 80 cm, L \u2013 76 cm<br \/>L \u2013 31,5 pol., L \u2013 29,9 pol.<\/p>\n<p>Colorido<br \/>C \u2013 87 cm, L \u2013 74 cm<br \/>L \u2013 87 cm, L \u2013 74 cm<\/p>\n<p>Azul Esverdeado<br \/>C \u2013 90 cm, L \u2013 80 cm<br \/>L \u2013 35,4 pol., L \u2013 31,5 pol.<\/p>\n<p>Estas mantas s\u00e3o feitas \u00e0 m\u00e3o, pelo que as dimens\u00f5es s\u00e3o aproximadas. A mat\u00e9ria-prima e o padr\u00e3o fazem com que as dimens\u00f5es variem.<\/p>\n<p>As dimens\u00f5es podem variar ligeiramente.<\/p>","protected":false},"excerpt":{"rendered":"<p>Crochet Baby Blanket Artisan MadeMade in Portugal Dimensions:Mint GreenL &#8211; 80 cm, W &#8211; 76 cmL &#8211; 31,5 in, W &#8211; 29,9 in ColorfulL &#8211; 87 cm, W &#8211; 74 cmL &#8211; 34,3 in, W &#8211; 29,1 in Blue GreenL &#8211; 90 cm, W &#8211; 80 cmL &#8211; 35,4 in, W &#8211; 31,5 in These [&hellip;]<\/p>","protected":false},"featured_media":64199,"comment_status":"open","ping_status":"closed","template":"","meta":{"_acf_changed":false},"product_brand":[],"product_cat":[2581,2719],"product_tag":[2571,2570,2574,2568,2579,2573,2578,2580,2572,2575,2569,2577,2576],"class_list":{"0":"post-64198","1":"product","2":"type-product","3":"status-publish","4":"has-post-thumbnail","6":"product_cat-knitted-blanket","7":"product_cat-special-offers","8":"product_tag-baby-blanket","9":"product_tag-baby-blanket-crochet","10":"product_tag-chuncky-blanket","11":"product_tag-crochet-blanket","12":"product_tag-crochet-gift","13":"product_tag-crochet-pattern","14":"product_tag-modern-blanket","15":"product_tag-modern-crochet","16":"product_tag-one-of-kind","17":"product_tag-soft-baby-blanket","18":"product_tag-textured-blanket","19":"product_tag-throw-blanket","20":"product_tag-winter-blanket","21":"product_shipping_class-small-package","23":"first","24":"instock","25":"taxable","26":"shipping-taxable","27":"purchasable","28":"product-type-variable","29":"has-default-attributes","30":"wvs-archive-product-wrapper"},"acf":[],"gallery_images":[64200,64201,64202,64203,64204],"_links":{"self":[{"href":"https:\/\/www.padaworks.com\/pt\/wp-json\/wp\/v2\/product\/64198","targetHints":{"allow":["GET"]}}],"collection":[{"href":"https:\/\/www.padaworks.com\/pt\/wp-json\/wp\/v2\/product"}],"about":[{"href":"https:\/\/www.padaworks.com\/pt\/wp-json\/wp\/v2\/types\/product"}],"replies":[{"embeddable":true,"href":"https:\/\/www.padaworks.com\/pt\/wp-json\/wp\/v2\/comments?post=64198"}],"wp:featuredmedia":[{"embeddable":true,"href":"https:\/\/www.padaworks.com\/pt\/wp-json\/wp\/v2\/media\/64199"}],"wp:attachment":[{"href":"https:\/\/www.padaworks.com\/pt\/wp-json\/wp\/v2\/media?parent=64198"}],"wp:term":[{"taxonomy":"product_brand","embeddable":true,"href":"https:\/\/www.padaworks.com\/pt\/wp-json\/wp\/v2\/product_brand?post=64198"},{"taxonomy":"product_cat","embeddable":true,"href":"https:\/\/www.padaworks.com\/pt\/wp-json\/wp\/v2\/product_cat?post=64198"},{"taxonomy":"product_tag","embeddable":true,"href":"https:\/\/www.padaworks.com\/pt\/wp-json\/wp\/v2\/product_tag?post=64198"}],"curies":[{"name":"wp","href":"https:\/\/api.w.org\/{rel}","templated":true}]}}