{"id":64184,"date":"2024-11-23T18:51:38","date_gmt":"2024-11-23T18:51:38","guid":{"rendered":"https:\/\/www.padaworks.com\/product\/unique-ceramic-fish\/"},"modified":"2026-03-16T12:03:13","modified_gmt":"2026-03-16T12:03:13","slug":"peixe-de-ceramica-unico","status":"publish","type":"product","link":"https:\/\/www.padaworks.com\/pt\/product\/peixe-de-ceramica-unico\/","title":{"rendered":"Peixe de cer\u00e2mica \u00fanico"},"content":{"rendered":"<p>Peixe de cer\u00e2mica \u00fanico<\/p>\n<p>Estas pe\u00e7as de cer\u00e2mica s\u00e3o \u00fanicas!<br \/>\nDesde o trabalho de extra\u00e7\u00e3o, a prepara\u00e7\u00e3o e a moldagem do barro s\u00e3o feitas \u00e0 m\u00e3o. A pintura \u00e9 tamb\u00e9m efectuada \u00e0 m\u00e3o.<br \/>\nUma pe\u00e7a de arte \u00fanica, perfeita para a decora\u00e7\u00e3o que procura.<\/p>\n<p>Feito \u00e0 m\u00e3o<br \/>\nFabricado em Portugal<\/p>\n<p>Dimens\u00f5es:<br \/>\nC - 14 cm, L - 13 cm, A - 0,5 cm<br \/>\nC - 5,5 pol., L - 5,1 pol., A - 0,2 pol.<\/p>\n<p>T\u00eam um orif\u00edcio para pendurar na parede.<br \/>\nAs dimens\u00f5es podem variar ligeiramente.<\/p>","protected":false},"excerpt":{"rendered":"<p>Unique Ceramic Fish These ceramic pieces are unique! From the extraction work, preparation and molding of the clay are done by hand. The painting is also done by hand. A unique piece of art perfect for the decor you are looking for. Artisan Made Made in Portugal Dimensions: L \u2013 14 cm, W \u2013 13 [&hellip;]<\/p>","protected":false},"featured_media":64185,"comment_status":"open","ping_status":"closed","template":"","meta":{"_acf_changed":false},"product_brand":[],"product_cat":[402,1551],"product_tag":[495,1008,494,1685,2059,2343,2055,1619,396,1466,493,491,2061],"class_list":{"0":"post-64184","1":"product","2":"type-product","3":"status-publish","4":"has-post-thumbnail","6":"product_cat-pottery","7":"product_cat-fishes","8":"product_tag-ceramic-art","9":"product_tag-ceramic-wall-art","10":"product_tag-ceramic-wall-hanging","11":"product_tag-fish-art","12":"product_tag-fish-figurine","13":"product_tag-fish-gift","14":"product_tag-fish-ornament","15":"product_tag-fish-wall-art","16":"product_tag-fish-wall-hanging","17":"product_tag-handmade-ceramic","18":"product_tag-outdoor-wall-decor","19":"product_tag-sardine-wall-hanging","20":"product_tag-tropical-fish","21":"product_shipping_class-small-package","22":"pa_design-m1","23":"pa_design-m2","24":"pa_design-m3","26":"first","27":"instock","28":"taxable","29":"shipping-taxable","30":"purchasable","31":"product-type-variable","32":"has-default-attributes","33":"wvs-archive-product-wrapper"},"acf":[],"gallery_images":[64186,64187,64188,64189,64190,64191],"_links":{"self":[{"href":"https:\/\/www.padaworks.com\/pt\/wp-json\/wp\/v2\/product\/64184","targetHints":{"allow":["GET"]}}],"collection":[{"href":"https:\/\/www.padaworks.com\/pt\/wp-json\/wp\/v2\/product"}],"about":[{"href":"https:\/\/www.padaworks.com\/pt\/wp-json\/wp\/v2\/types\/product"}],"replies":[{"embeddable":true,"href":"https:\/\/www.padaworks.com\/pt\/wp-json\/wp\/v2\/comments?post=64184"}],"wp:featuredmedia":[{"embeddable":true,"href":"https:\/\/www.padaworks.com\/pt\/wp-json\/wp\/v2\/media\/64185"}],"wp:attachment":[{"href":"https:\/\/www.padaworks.com\/pt\/wp-json\/wp\/v2\/media?parent=64184"}],"wp:term":[{"taxonomy":"product_brand","embeddable":true,"href":"https:\/\/www.padaworks.com\/pt\/wp-json\/wp\/v2\/product_brand?post=64184"},{"taxonomy":"product_cat","embeddable":true,"href":"https:\/\/www.padaworks.com\/pt\/wp-json\/wp\/v2\/product_cat?post=64184"},{"taxonomy":"product_tag","embeddable":true,"href":"https:\/\/www.padaworks.com\/pt\/wp-json\/wp\/v2\/product_tag?post=64184"}],"curies":[{"name":"wp","href":"https:\/\/api.w.org\/{rel}","templated":true}]}}