{"id":64175,"date":"2024-11-23T18:06:40","date_gmt":"2024-11-23T18:06:40","guid":{"rendered":"https:\/\/www.padaworks.com\/product\/copper-saucepan-o-24cm\/"},"modified":"2026-03-17T11:32:41","modified_gmt":"2026-03-17T11:32:41","slug":"cacarola-de-cobre-de-24-cm","status":"publish","type":"product","link":"https:\/\/www.padaworks.com\/pt\/product\/cacarola-de-cobre-de-24-cm\/","title":{"rendered":"Ca\u00e7arola de cobre \u00d8 24cm"},"content":{"rendered":"<p>Ca\u00e7arola de cobre \u00d8 24cm<\/p>\n<p>Feito \u00e0 m\u00e3o<br \/>Fabricado em Portugal<\/p>\n<p>Dimens\u00f5es:<br \/>\u00d8 - 24 cm, H - 11 cm<br \/>\u00d8 - 9,4 in, H - 4,3 in<\/p>\n<p>As dimens\u00f5es podem variar ligeiramente.<\/p>","protected":false},"excerpt":{"rendered":"<p>Copper Saucepan \u00d8 24cm Artisan MadeMade in Portugal Dimensions:\u00d8 &#8211; 24 cm, H &#8211; 11 cm\u00d8 &#8211; 9,4 in, H &#8211; 4,3 in The dimensions may vary slightly.<\/p>","protected":false},"featured_media":64176,"comment_status":"open","ping_status":"open","template":"","meta":{"_acf_changed":false},"product_brand":[],"product_cat":[2733],"product_tag":[2566,2253,2263,2262,2265,2556,2252,2554,2316,1023,2266,2264,2567],"class_list":{"0":"post-64175","1":"product","2":"type-product","3":"status-publish","4":"has-post-thumbnail","6":"product_cat-cookware-and-tools","7":"product_tag-antique-copper-pan","8":"product_tag-antique-copper-pot","9":"product_tag-casserole-pot","10":"product_tag-cooking-pot","11":"product_tag-copper-kitchen","12":"product_tag-copper-kitchen-decor","13":"product_tag-copper-pot","14":"product_tag-copper-pot-with-lid","15":"product_tag-copper-utensils","16":"product_tag-gift-for-mom","17":"product_tag-handmade-copper-pot","18":"product_tag-pot-with-lid","19":"product_tag-saucepan","20":"product_shipping_class-small-package","22":"first","23":"onbackorder","24":"taxable","25":"shipping-taxable","26":"purchasable","27":"product-type-simple"},"acf":[],"gallery_images":[64177,64178,64179,64180,64181,64182,64183],"_links":{"self":[{"href":"https:\/\/www.padaworks.com\/pt\/wp-json\/wp\/v2\/product\/64175","targetHints":{"allow":["GET"]}}],"collection":[{"href":"https:\/\/www.padaworks.com\/pt\/wp-json\/wp\/v2\/product"}],"about":[{"href":"https:\/\/www.padaworks.com\/pt\/wp-json\/wp\/v2\/types\/product"}],"replies":[{"embeddable":true,"href":"https:\/\/www.padaworks.com\/pt\/wp-json\/wp\/v2\/comments?post=64175"}],"wp:featuredmedia":[{"embeddable":true,"href":"https:\/\/www.padaworks.com\/pt\/wp-json\/wp\/v2\/media\/64176"}],"wp:attachment":[{"href":"https:\/\/www.padaworks.com\/pt\/wp-json\/wp\/v2\/media?parent=64175"}],"wp:term":[{"taxonomy":"product_brand","embeddable":true,"href":"https:\/\/www.padaworks.com\/pt\/wp-json\/wp\/v2\/product_brand?post=64175"},{"taxonomy":"product_cat","embeddable":true,"href":"https:\/\/www.padaworks.com\/pt\/wp-json\/wp\/v2\/product_cat?post=64175"},{"taxonomy":"product_tag","embeddable":true,"href":"https:\/\/www.padaworks.com\/pt\/wp-json\/wp\/v2\/product_tag?post=64175"}],"curies":[{"name":"wp","href":"https:\/\/api.w.org\/{rel}","templated":true}]}}