{"id":64166,"date":"2024-11-23T17:51:55","date_gmt":"2024-11-23T17:51:55","guid":{"rendered":"https:\/\/www.padaworks.com\/product\/copper-saucepan-o-16cm\/"},"modified":"2026-04-05T21:16:53","modified_gmt":"2026-04-05T21:16:53","slug":"cacarola-de-cobre-o-16cm","status":"publish","type":"product","link":"https:\/\/www.padaworks.com\/pt\/product\/cacarola-de-cobre-o-16cm\/","title":{"rendered":"Ca\u00e7arola de cobre \u00d8 16cm"},"content":{"rendered":"<p>Ca\u00e7arola de cobre \u00d8 16cm<\/p>\n<p>Feito \u00e0 m\u00e3o<br \/>Fabricado em Portugal<\/p>\n<p>Dimens\u00f5es:<br \/>\u00d8 - 16 cm, H - 7 cm<br \/>\u00d8 - 6,3 in, H - 2,8 in<\/p>\n<p>As dimens\u00f5es podem variar ligeiramente.<\/p>","protected":false},"excerpt":{"rendered":"<p>Copper Saucepan \u00d8 16cm Artisan MadeMade in Portugal Dimensions:\u00d8 &#8211; 16 cm, H &#8211; 7 cm\u00d8 &#8211; 6,3 in, H &#8211; 2,8 in The dimensions may vary slightly.<\/p>","protected":false},"featured_media":64167,"comment_status":"open","ping_status":"open","template":"","meta":{"_acf_changed":false},"product_brand":[],"product_cat":[2733],"product_tag":[2566,2253,2263,2262,2265,2556,2554,2316,1023,2266,2267,2264,2567],"class_list":{"0":"post-64166","1":"product","2":"type-product","3":"status-publish","4":"has-post-thumbnail","6":"product_cat-cookware-and-tools","7":"product_tag-antique-copper-pan","8":"product_tag-antique-copper-pot","9":"product_tag-casserole-pot","10":"product_tag-cooking-pot","11":"product_tag-copper-kitchen","12":"product_tag-copper-kitchen-decor","13":"product_tag-copper-pot-with-lid","14":"product_tag-copper-utensils","15":"product_tag-gift-for-mom","16":"product_tag-handmade-copper-pot","17":"product_tag-modern-copper","18":"product_tag-pot-with-lid","19":"product_tag-saucepan","20":"product_shipping_class-small-package","22":"first","23":"onbackorder","24":"sale","25":"taxable","26":"shipping-taxable","27":"purchasable","28":"product-type-simple"},"acf":[],"gallery_images":[64168,64169,64170,64171,64172,64173,64174],"_links":{"self":[{"href":"https:\/\/www.padaworks.com\/pt\/wp-json\/wp\/v2\/product\/64166","targetHints":{"allow":["GET"]}}],"collection":[{"href":"https:\/\/www.padaworks.com\/pt\/wp-json\/wp\/v2\/product"}],"about":[{"href":"https:\/\/www.padaworks.com\/pt\/wp-json\/wp\/v2\/types\/product"}],"replies":[{"embeddable":true,"href":"https:\/\/www.padaworks.com\/pt\/wp-json\/wp\/v2\/comments?post=64166"}],"wp:featuredmedia":[{"embeddable":true,"href":"https:\/\/www.padaworks.com\/pt\/wp-json\/wp\/v2\/media\/64167"}],"wp:attachment":[{"href":"https:\/\/www.padaworks.com\/pt\/wp-json\/wp\/v2\/media?parent=64166"}],"wp:term":[{"taxonomy":"product_brand","embeddable":true,"href":"https:\/\/www.padaworks.com\/pt\/wp-json\/wp\/v2\/product_brand?post=64166"},{"taxonomy":"product_cat","embeddable":true,"href":"https:\/\/www.padaworks.com\/pt\/wp-json\/wp\/v2\/product_cat?post=64166"},{"taxonomy":"product_tag","embeddable":true,"href":"https:\/\/www.padaworks.com\/pt\/wp-json\/wp\/v2\/product_tag?post=64166"}],"curies":[{"name":"wp","href":"https:\/\/api.w.org\/{rel}","templated":true}]}}