{"id":64159,"date":"2024-11-23T17:23:17","date_gmt":"2024-11-23T17:23:17","guid":{"rendered":"https:\/\/www.padaworks.com\/product\/mini-copper-cauldron-o-16cm\/"},"modified":"2026-04-09T15:17:21","modified_gmt":"2026-04-09T15:17:21","slug":"mini-caldeirao-de-cobre-o-16-cm","status":"publish","type":"product","link":"https:\/\/www.padaworks.com\/pt\/product\/mini-caldeirao-de-cobre-o-16-cm\/","title":{"rendered":"Mini caldeir\u00e3o de cobre \u00d8 16cm"},"content":{"rendered":"<p>Mini caldeir\u00e3o de cobre \u00d8 16cm<\/p>\n<p>Feito \u00e0 m\u00e3o<br \/>Fabricado em Portugal<\/p>\n<p>Dimens\u00f5es:<br \/>\u00d8 \u2013 17 cm, A \u2013 8 cm, A com pega \u2013 11 cm<br \/>\u00d8 \u2013 17 cm, A \u2013 8 cm, A com pega \u2013 11 cm<\/p>\n<p>As dimens\u00f5es podem variar ligeiramente.<\/p>","protected":false},"excerpt":{"rendered":"<p>Mini Copper Cauldron \u00d8 16cm Artisan MadeMade in Portugal Dimensions:\u00d8 &#8211; 17 cm, H &#8211; 8 cm, H with handle &#8211; 11 cm\u00d8 &#8211; 6,7 in, H &#8211; 3,1 in, H with handle &#8211; 4,3 in The dimensions may vary slightly.<\/p>","protected":false},"featured_media":64160,"comment_status":"open","ping_status":"closed","template":"","meta":{"_acf_changed":false},"product_brand":[],"product_cat":[2733],"product_tag":[2563,2564,2565,2562,2550,2268,2265,2556,2310,319,2408,2551,2561],"class_list":{"0":"post-64159","1":"product","2":"type-product","3":"status-publish","4":"has-post-thumbnail","6":"product_cat-cookware-and-tools","7":"product_tag-antique-copper-bowl","8":"product_tag-antique-decor","9":"product_tag-cauldron-copper","10":"product_tag-copper-bowl","11":"product_tag-copper-cooking-pot","12":"product_tag-copper-cookware","13":"product_tag-copper-kitchen","14":"product_tag-copper-kitchen-decor","15":"product_tag-cottage-decor","16":"product_tag-farmhouse-decor","17":"product_tag-handmade-copper","18":"product_tag-metal-pot","19":"product_tag-small-copper-pot","20":"product_shipping_class-small-package","22":"first","23":"onbackorder","24":"taxable","25":"shipping-taxable","26":"purchasable","27":"product-type-simple"},"acf":[],"gallery_images":[64161,64162,64163,64164,64165],"_links":{"self":[{"href":"https:\/\/www.padaworks.com\/pt\/wp-json\/wp\/v2\/product\/64159","targetHints":{"allow":["GET"]}}],"collection":[{"href":"https:\/\/www.padaworks.com\/pt\/wp-json\/wp\/v2\/product"}],"about":[{"href":"https:\/\/www.padaworks.com\/pt\/wp-json\/wp\/v2\/types\/product"}],"replies":[{"embeddable":true,"href":"https:\/\/www.padaworks.com\/pt\/wp-json\/wp\/v2\/comments?post=64159"}],"wp:featuredmedia":[{"embeddable":true,"href":"https:\/\/www.padaworks.com\/pt\/wp-json\/wp\/v2\/media\/64160"}],"wp:attachment":[{"href":"https:\/\/www.padaworks.com\/pt\/wp-json\/wp\/v2\/media?parent=64159"}],"wp:term":[{"taxonomy":"product_brand","embeddable":true,"href":"https:\/\/www.padaworks.com\/pt\/wp-json\/wp\/v2\/product_brand?post=64159"},{"taxonomy":"product_cat","embeddable":true,"href":"https:\/\/www.padaworks.com\/pt\/wp-json\/wp\/v2\/product_cat?post=64159"},{"taxonomy":"product_tag","embeddable":true,"href":"https:\/\/www.padaworks.com\/pt\/wp-json\/wp\/v2\/product_tag?post=64159"}],"curies":[{"name":"wp","href":"https:\/\/api.w.org\/{rel}","templated":true}]}}