{"id":64082,"date":"2024-10-29T15:24:24","date_gmt":"2024-10-29T15:24:24","guid":{"rendered":"https:\/\/www.padaworks.com\/product\/small-pastel-blue-and-white-rug-50x100cm-knotted-rug\/"},"modified":"2025-12-17T12:42:21","modified_gmt":"2025-12-17T12:42:21","slug":"pequeno-tapete-azul-pastel-e-branco-50x100cm-tapete-com-nos","status":"publish","type":"product","link":"https:\/\/www.padaworks.com\/pt\/product\/pequeno-tapete-azul-pastel-e-branco-50x100cm-tapete-com-nos\/","title":{"rendered":"Tapete pequeno azul pastel e branco - 50x100cm - Tapete atado"},"content":{"rendered":"<p>Tapete pequeno azul pastel e branco 50x100cm<\/p>\n<p>Este tapete \u00e9 tecido num tear manual com tecidos reutilizados.<br \/>Estes tapetes s\u00e3o robustos, leves e podem ser lavados \u00e0 m\u00e3o com regularidade.<br \/>\u00c9 ecol\u00f3gico porque reutiliza a mat\u00e9ria-prima desperdi\u00e7ada pela ind\u00fastria t\u00eaxtil.<br \/>Uma vez que este tapete \u00e9 fabricado com produtos reciclados das ind\u00fastrias t\u00eaxteis, pode haver ligeiras varia\u00e7\u00f5es de cor.<br \/>Este tapete \u00e9 feito com restos de tecidos desperdi\u00e7ados e uma mistura de fios.<\/p>\n<p>Feito \u00e0 m\u00e3o<br \/>Fabricado em Portugal<\/p>\n<p>Dimens\u00f5es:<br \/>C - 100 cm, L - 50 cm<br \/>C - 39,4 pol., L - 19,7 pol.<br \/>C - 3,3 p\u00e9s, L - 1,6 p\u00e9s<br \/>Espessura - cerca de 0,5 cm; 0,2 in<\/p>\n<p>As dimens\u00f5es podem variar ligeiramente.<\/p>","protected":false},"excerpt":{"rendered":"<p>Small Pastel Blue and White Rug 50x100cm This rug is woven in a manual loom with fabrics reused.These rugs are robust, light, and can be regularly washed by hand.It is ecological because they reuse raw material wasted by the textil industry.Since this rug is made with recycled products from the textile industries, there may be [&hellip;]<\/p>","protected":false},"featured_media":64083,"comment_status":"open","ping_status":"closed","template":"","meta":{"_acf_changed":false},"product_brand":[],"product_cat":[2731],"product_tag":[589,465,477,597,588,596,420,1229,476,576,482,1137,2361],"class_list":{"0":"post-64082","1":"product","2":"type-product","3":"status-publish","4":"has-post-thumbnail","6":"product_cat-knotted","7":"product_tag-bath-rug","8":"product_tag-bedroom-rug","9":"product_tag-bedside-rug","10":"product_tag-blue-rug","11":"product_tag-door-mat","12":"product_tag-hallway-rug","13":"product_tag-handmade-rug","14":"product_tag-new-home-gift","15":"product_tag-recycled-rugs","16":"product_tag-room-rug","17":"product_tag-rugs-for-bedroom","18":"product_tag-table-rug","19":"product_tag-wholesale-rug","20":"product_shipping_class-small-package","22":"first","23":"instock","24":"taxable","25":"shipping-taxable","26":"purchasable","27":"product-type-simple"},"acf":[],"gallery_images":[64084,64085,64086,64087,64088,64089,64090],"_links":{"self":[{"href":"https:\/\/www.padaworks.com\/pt\/wp-json\/wp\/v2\/product\/64082","targetHints":{"allow":["GET"]}}],"collection":[{"href":"https:\/\/www.padaworks.com\/pt\/wp-json\/wp\/v2\/product"}],"about":[{"href":"https:\/\/www.padaworks.com\/pt\/wp-json\/wp\/v2\/types\/product"}],"replies":[{"embeddable":true,"href":"https:\/\/www.padaworks.com\/pt\/wp-json\/wp\/v2\/comments?post=64082"}],"wp:featuredmedia":[{"embeddable":true,"href":"https:\/\/www.padaworks.com\/pt\/wp-json\/wp\/v2\/media\/64083"}],"wp:attachment":[{"href":"https:\/\/www.padaworks.com\/pt\/wp-json\/wp\/v2\/media?parent=64082"}],"wp:term":[{"taxonomy":"product_brand","embeddable":true,"href":"https:\/\/www.padaworks.com\/pt\/wp-json\/wp\/v2\/product_brand?post=64082"},{"taxonomy":"product_cat","embeddable":true,"href":"https:\/\/www.padaworks.com\/pt\/wp-json\/wp\/v2\/product_cat?post=64082"},{"taxonomy":"product_tag","embeddable":true,"href":"https:\/\/www.padaworks.com\/pt\/wp-json\/wp\/v2\/product_tag?post=64082"}],"curies":[{"name":"wp","href":"https:\/\/api.w.org\/{rel}","templated":true}]}}