{"id":64044,"date":"2024-10-29T12:23:21","date_gmt":"2024-10-29T12:23:21","guid":{"rendered":"https:\/\/www.padaworks.com\/product\/runner-cream-and-black-rug-50x200cm-soft-rug\/"},"modified":"2026-03-06T18:31:52","modified_gmt":"2026-03-06T18:31:52","slug":"tapete-de-correr-creme-e-preto-50x200cm-tapete-macio","status":"publish","type":"product","link":"https:\/\/www.padaworks.com\/pt\/product\/tapete-de-correr-creme-e-preto-50x200cm-tapete-macio\/","title":{"rendered":"Tapete Runner Creme e Preto - 50x200cm - Tapete macio"},"content":{"rendered":"<p>Tapete Runner Creme e Preto 200cm<\/p>\n<p>Este tapete \u00e9 tecido num tear manual com tecidos reutilizados.<br \/>Estes tapetes s\u00e3o robustos, leves e podem ser lavados regularmente \u00e0 m\u00e3o ou \u00e0 m\u00e1quina.<br \/>\u00c9 ecol\u00f3gico porque reutiliza a mat\u00e9ria-prima desperdi\u00e7ada pela ind\u00fastria t\u00eaxtil.<br \/>Recomendamos a lavagem a frio ou a 30\u00b0C.<br \/>Uma vez que este tapete \u00e9 fabricado com produtos reciclados das ind\u00fastrias t\u00eaxteis, pode haver ligeiras varia\u00e7\u00f5es de cor.<\/p>\n<p>Feito \u00e0 m\u00e3o<br \/>Fabricado em Portugal<\/p>\n<p>Dimens\u00f5es:<br \/>C - 200 cm, L - 50 cm<br \/>C - 78,7 pol., L - 19,7 pol.<br \/>C - 6,6 p\u00e9s, L - 1,6 p\u00e9s<br \/>Espessura - cerca de 0,5 cm; 0,2 in<\/p>\n<p>As dimens\u00f5es podem variar ligeiramente.<\/p>","protected":false},"excerpt":{"rendered":"<p>Tapete Runner Creme e Preto 200cm Este tapete \u00e9 tecido num tear manual com tecidos reutilizados.Estes tapetes s\u00e3o robustos, leves e podem ser lavados regularmente \u00e0 m\u00e3o ou \u00e0 m\u00e1quina.\u00c9 ecol\u00f3gico porque reutiliza mat\u00e9ria-prima desperdi\u00e7ada pela ind\u00fastria t\u00eaxtil.Recomendamos a lavagem a frio ou a 30\u00b0C.Como este tapete \u00e9 feito com produtos reciclados [...]<\/p>","protected":false},"featured_media":64045,"comment_status":"open","ping_status":"open","template":"","meta":{"_acf_changed":false},"product_brand":[],"product_cat":[2728],"product_tag":[516,890,720,421,837,514,581,476,482,295,1772,1330,579],"class_list":{"0":"post-64044","1":"product","2":"type-product","3":"status-publish","4":"has-post-thumbnail","6":"product_cat-soft","7":"product_tag-2x6-runner","8":"product_tag-area-rugs","9":"product_tag-bathroom-mat","10":"product_tag-bathroom-rug","11":"product_tag-black-and-white-rug","12":"product_tag-kitchen-runner-rug","13":"product_tag-living-room-rug","14":"product_tag-recycled-rugs","15":"product_tag-rugs-for-bedroom","16":"product_tag-sustainable-rug","17":"product_tag-unique-rug","18":"product_tag-vintage-runner","19":"product_tag-vintage-runner-rug","20":"product_shipping_class-small-package","22":"first","23":"instock","24":"sale","25":"taxable","26":"shipping-taxable","27":"purchasable","28":"product-type-simple"},"acf":[],"gallery_images":[64046,64047,64048,64049,64050,64051,64052,64053,64054],"_links":{"self":[{"href":"https:\/\/www.padaworks.com\/pt\/wp-json\/wp\/v2\/product\/64044","targetHints":{"allow":["GET"]}}],"collection":[{"href":"https:\/\/www.padaworks.com\/pt\/wp-json\/wp\/v2\/product"}],"about":[{"href":"https:\/\/www.padaworks.com\/pt\/wp-json\/wp\/v2\/types\/product"}],"replies":[{"embeddable":true,"href":"https:\/\/www.padaworks.com\/pt\/wp-json\/wp\/v2\/comments?post=64044"}],"wp:featuredmedia":[{"embeddable":true,"href":"https:\/\/www.padaworks.com\/pt\/wp-json\/wp\/v2\/media\/64045"}],"wp:attachment":[{"href":"https:\/\/www.padaworks.com\/pt\/wp-json\/wp\/v2\/media?parent=64044"}],"wp:term":[{"taxonomy":"product_brand","embeddable":true,"href":"https:\/\/www.padaworks.com\/pt\/wp-json\/wp\/v2\/product_brand?post=64044"},{"taxonomy":"product_cat","embeddable":true,"href":"https:\/\/www.padaworks.com\/pt\/wp-json\/wp\/v2\/product_cat?post=64044"},{"taxonomy":"product_tag","embeddable":true,"href":"https:\/\/www.padaworks.com\/pt\/wp-json\/wp\/v2\/product_tag?post=64044"}],"curies":[{"name":"wp","href":"https:\/\/api.w.org\/{rel}","templated":true}]}}