{"id":64037,"date":"2024-10-29T12:08:26","date_gmt":"2024-10-29T12:08:26","guid":{"rendered":"https:\/\/www.padaworks.com\/product\/recycled-wood-bird-park-bird-playground\/"},"modified":"2026-01-25T12:46:07","modified_gmt":"2026-01-25T12:46:07","slug":"parque-para-passaros-em-madeira-reciclada-parque-infantil-para-passaros","status":"publish","type":"product","link":"https:\/\/www.padaworks.com\/pt\/product\/parque-para-passaros-em-madeira-reciclada-parque-infantil-para-passaros\/","title":{"rendered":"Parque para p\u00e1ssaros em madeira reciclada - Parque infantil para p\u00e1ssaros"},"content":{"rendered":"<p>Parque de p\u00e1ssaros em madeira reciclada<\/p>\n<p>Este parque infantil para p\u00e1ssaros \u00e9 feito \u00e0 m\u00e3o com madeira reutilizada. Esta madeira \u00e9 recolhida em centros de res\u00edduos e transformada nesta bela gaiola.<br \/>Para al\u00e9m das escadas e do baloi\u00e7o, inclui um tabuleiro e dois recipientes para comida e \u00e1gua.<br \/>Este parque infantil para p\u00e1ssaros necessita de uma montagem simples antes de ser utilizado.<\/p>\n<p>Dimens\u00f5es :<br \/>C - 40 cm, L - 27 cm, A - 45 cm<br \/>C - 15,7 pol., L - 10,6 pol., A - 17,7 pol.<\/p>\n<p>As dimens\u00f5es podem variar ligeiramente.<\/p>\n<p>Este produto \u00e9 cuidadosamente embalado para garantir que chega a sua casa em boas condi\u00e7\u00f5es.<\/p>","protected":false},"excerpt":{"rendered":"<p>Recycled Wood Bird Park This bird playground is handmade with reused wood. This wood is collected from waste centers and transformed into this beautiful cage.In addition to the stairs and swing, it includes a tray and two containers for food and water.This bird playground needs simple assembly before use. Dimensions :L &#8211; 40 cm, W [&hellip;]<\/p>","protected":false},"featured_media":64038,"comment_status":"open","ping_status":"closed","template":"","meta":{"_acf_changed":false},"product_brand":[],"product_cat":[509,2546],"product_tag":[2535,2538,2543,2542,2536,2545,2540,2537,2534,1617,2539,2541,2544],"class_list":{"0":"post-64037","1":"product","2":"type-product","3":"status-publish","4":"has-post-thumbnail","6":"product_cat-pet-supplies","7":"product_cat-pet-accessories","8":"product_tag-bird-perches-stand","9":"product_tag-bird-play-gym","10":"product_tag-bird-play-park","11":"product_tag-bird-playstand","12":"product_tag-bird-toys","13":"product_tag-bird-world","14":"product_tag-budgie-toys","15":"product_tag-cage-accessories","16":"product_tag-handmade-playground","17":"product_tag-love-your-bird","18":"product_tag-parakeet-toys","19":"product_tag-parrot-playstation","20":"product_tag-petsmart","21":"product_shipping_class-small-package","23":"first","24":"instock","25":"taxable","26":"shipping-taxable","27":"purchasable","28":"product-type-simple"},"acf":[],"gallery_images":[64039,64040,64041,64042,64043],"_links":{"self":[{"href":"https:\/\/www.padaworks.com\/pt\/wp-json\/wp\/v2\/product\/64037","targetHints":{"allow":["GET"]}}],"collection":[{"href":"https:\/\/www.padaworks.com\/pt\/wp-json\/wp\/v2\/product"}],"about":[{"href":"https:\/\/www.padaworks.com\/pt\/wp-json\/wp\/v2\/types\/product"}],"replies":[{"embeddable":true,"href":"https:\/\/www.padaworks.com\/pt\/wp-json\/wp\/v2\/comments?post=64037"}],"wp:featuredmedia":[{"embeddable":true,"href":"https:\/\/www.padaworks.com\/pt\/wp-json\/wp\/v2\/media\/64038"}],"wp:attachment":[{"href":"https:\/\/www.padaworks.com\/pt\/wp-json\/wp\/v2\/media?parent=64037"}],"wp:term":[{"taxonomy":"product_brand","embeddable":true,"href":"https:\/\/www.padaworks.com\/pt\/wp-json\/wp\/v2\/product_brand?post=64037"},{"taxonomy":"product_cat","embeddable":true,"href":"https:\/\/www.padaworks.com\/pt\/wp-json\/wp\/v2\/product_cat?post=64037"},{"taxonomy":"product_tag","embeddable":true,"href":"https:\/\/www.padaworks.com\/pt\/wp-json\/wp\/v2\/product_tag?post=64037"}],"curies":[{"name":"wp","href":"https:\/\/api.w.org\/{rel}","templated":true}]}}