{"id":63854,"date":"2024-10-01T15:07:21","date_gmt":"2024-10-01T15:07:21","guid":{"rendered":"https:\/\/www.padaworks.com\/product\/runner-rug-soft-pink-and-white-60x300cm-ring-line-rug\/"},"modified":"2025-11-19T09:18:56","modified_gmt":"2025-11-19T09:18:56","slug":"tapete-corredor-rosa-suave-e-branco-60x300-cm-com-linha-circular","status":"publish","type":"product","link":"https:\/\/www.padaworks.com\/pt\/product\/tapete-corredor-rosa-suave-e-branco-60x300-cm-com-linha-circular\/","title":{"rendered":"Tapete de corredor macio rosa e branco - 60x300cm - Tapete Ring Line"},"content":{"rendered":"<p>Tapete Runner Rosa Claro e Branco 300 cm<br \/>(rosa pastel + rosa antigo)<\/p>\n<p>Este tapete \u00e9 tecido num tear manual com tecidos reutilizados.<br \/>Estes tapetes s\u00e3o robustos, leves e podem ser lavados regularmente \u00e0 m\u00e3o ou \u00e0 m\u00e1quina.<br \/>\u00c9 ecol\u00f3gico porque reutiliza a mat\u00e9ria-prima desperdi\u00e7ada pela ind\u00fastria t\u00eaxtil.<br \/>Recomendamos a lavagem a frio ou a 30\u00b0C.<br \/>Uma vez que este tapete \u00e9 fabricado com produtos reciclados das ind\u00fastrias t\u00eaxteis, pode haver ligeiras varia\u00e7\u00f5es de cor.<\/p>\n<p>Feito \u00e0 m\u00e3o<br \/>Fabricado em Portugal<\/p>\n<p>Dimens\u00f5es:<br \/>C \u2013 300 cm, L \u2013 60 cm<br \/>C \u2013 118,1 pol., L \u2013 23,6 pol.<br \/>C - 9,8 p\u00e9s, L - 2,0 p\u00e9s<br \/>Espessura - cerca de 0,8 cm; 0,3 in<\/p>\n<p>As dimens\u00f5es podem variar ligeiramente.<\/p>","protected":false},"excerpt":{"rendered":"<p>Runner Rug Soft Pink and White 300cm(pastel pink + old rose) This rug is woven in a manual loom with fabrics reused.These rugs are robust, light, and can be regularly washed by hand or machine.It is ecological because they reuse raw material wasted by the textil industry.We recommend cold washing or to 30\u00b0C.Since this rug [&hellip;]<\/p>","protected":false},"featured_media":63855,"comment_status":"open","ping_status":"open","template":"","meta":{"_acf_changed":false},"product_brand":[],"product_cat":[2729],"product_tag":[2273,1802,477,1458,2083,575,467,593,512,482,515,1772,579],"class_list":{"0":"post-63854","1":"product","2":"type-product","3":"status-publish","4":"has-post-thumbnail","6":"product_cat-ring-line","7":"product_tag-2x10-runner-rug","8":"product_tag-bathroom-runner-rug","9":"product_tag-bedside-rug","10":"product_tag-hallway-runner-rug","11":"product_tag-home-decor-rug","12":"product_tag-kitchen-rug","13":"product_tag-nursery-rug","14":"product_tag-pink-rug","15":"product_tag-rug-runner","16":"product_tag-rugs-for-bedroom","17":"product_tag-rugs-for-living-room","18":"product_tag-unique-rug","19":"product_tag-vintage-runner-rug","20":"product_shipping_class-small-package","22":"first","23":"instock","24":"taxable","25":"shipping-taxable","26":"purchasable","27":"product-type-simple"},"acf":[],"gallery_images":[63856,63857,63858,63859,63860,63861,63862,63863,63864],"_links":{"self":[{"href":"https:\/\/www.padaworks.com\/pt\/wp-json\/wp\/v2\/product\/63854","targetHints":{"allow":["GET"]}}],"collection":[{"href":"https:\/\/www.padaworks.com\/pt\/wp-json\/wp\/v2\/product"}],"about":[{"href":"https:\/\/www.padaworks.com\/pt\/wp-json\/wp\/v2\/types\/product"}],"replies":[{"embeddable":true,"href":"https:\/\/www.padaworks.com\/pt\/wp-json\/wp\/v2\/comments?post=63854"}],"wp:featuredmedia":[{"embeddable":true,"href":"https:\/\/www.padaworks.com\/pt\/wp-json\/wp\/v2\/media\/63855"}],"wp:attachment":[{"href":"https:\/\/www.padaworks.com\/pt\/wp-json\/wp\/v2\/media?parent=63854"}],"wp:term":[{"taxonomy":"product_brand","embeddable":true,"href":"https:\/\/www.padaworks.com\/pt\/wp-json\/wp\/v2\/product_brand?post=63854"},{"taxonomy":"product_cat","embeddable":true,"href":"https:\/\/www.padaworks.com\/pt\/wp-json\/wp\/v2\/product_cat?post=63854"},{"taxonomy":"product_tag","embeddable":true,"href":"https:\/\/www.padaworks.com\/pt\/wp-json\/wp\/v2\/product_tag?post=63854"}],"curies":[{"name":"wp","href":"https:\/\/api.w.org\/{rel}","templated":true}]}}