{"id":63843,"date":"2024-10-01T14:45:49","date_gmt":"2024-10-01T14:45:49","guid":{"rendered":"https:\/\/www.padaworks.com\/product\/long-runner-rug-cream-and-green-60x300cm-ring-line-rug\/"},"modified":"2026-02-12T16:07:07","modified_gmt":"2026-02-12T16:07:07","slug":"tapete-de-correr-comprido-creme-e-verde-60x300cm-tapete-de-argolas","status":"publish","type":"product","link":"https:\/\/www.padaworks.com\/pt\/product\/tapete-de-correr-comprido-creme-e-verde-60x300cm-tapete-de-argolas\/","title":{"rendered":"Tapete comprido de corredor creme e verde - 60x300cm - Tapete Ring Line"},"content":{"rendered":"<p>Tapete comprido de correr Creme e verde 300cm<br \/>(verde \u00e1gua + verde ch\u00e1 + verde pera + verde pinho + verde ex\u00e9rcito escuro)<\/p>\n<p>Este tapete \u00e9 tecido num tear manual com tecidos reutilizados.<br \/>Estes tapetes s\u00e3o robustos, leves e podem ser lavados regularmente \u00e0 m\u00e3o ou \u00e0 m\u00e1quina.<br \/>\u00c9 ecol\u00f3gico porque reutiliza a mat\u00e9ria-prima desperdi\u00e7ada pela ind\u00fastria t\u00eaxtil.<br \/>Recomendamos a lavagem a frio ou a 30\u00b0C.<br \/>Uma vez que este tapete \u00e9 fabricado com produtos reciclados das ind\u00fastrias t\u00eaxteis, pode haver ligeiras varia\u00e7\u00f5es de cor.<\/p>\n<p>Feito \u00e0 m\u00e3o<br \/>Fabricado em Portugal<\/p>\n<p>Dimens\u00f5es:<br \/>C \u2013 300 cm, L \u2013 60 cm<br \/>C \u2013 118,1 pol., L \u2013 23,6 pol.<br \/>C - 9,8 p\u00e9s, L - 2,0 p\u00e9s<br \/>Espessura - cerca de 0,8 cm; 0,3 in<\/p>\n<p>As dimens\u00f5es podem variar ligeiramente.<\/p>","protected":false},"excerpt":{"rendered":"<p>Long Runner Rug Cream and Green 300cm(water green + tea green + pear green + pine green + dark army green) This rug is woven in a manual loom with fabrics reused.These rugs are robust, light, and can be regularly washed by hand or machine.It is ecological because they reuse raw material wasted by the [&hellip;]<\/p>","protected":false},"featured_media":63844,"comment_status":"open","ping_status":"closed","template":"","meta":{"_acf_changed":false},"product_brand":[],"product_cat":[2729,2719],"product_tag":[1138,589,421,591,1796,650,420,475,466,513,482,515,579],"class_list":{"0":"post-63843","1":"product","2":"type-product","3":"status-publish","4":"has-post-thumbnail","6":"product_cat-ring-line","7":"product_cat-special-offers","8":"product_tag-2x10-rug","9":"product_tag-bath-rug","10":"product_tag-bathroom-rug","11":"product_tag-farmhouse-rug","12":"product_tag-green-geometric-rug","13":"product_tag-green-rug","14":"product_tag-handmade-rug","15":"product_tag-handwoven-rug","16":"product_tag-kitchen-mat","17":"product_tag-kitchen-runner","18":"product_tag-rugs-for-bedroom","19":"product_tag-rugs-for-living-room","20":"product_tag-vintage-runner-rug","21":"product_shipping_class-small-package","23":"first","24":"instock","25":"sale","26":"taxable","27":"shipping-taxable","28":"purchasable","29":"product-type-simple"},"acf":[],"gallery_images":[63845,63846,63847,63848,63849,63850,63851,63852,63853],"_links":{"self":[{"href":"https:\/\/www.padaworks.com\/pt\/wp-json\/wp\/v2\/product\/63843","targetHints":{"allow":["GET"]}}],"collection":[{"href":"https:\/\/www.padaworks.com\/pt\/wp-json\/wp\/v2\/product"}],"about":[{"href":"https:\/\/www.padaworks.com\/pt\/wp-json\/wp\/v2\/types\/product"}],"replies":[{"embeddable":true,"href":"https:\/\/www.padaworks.com\/pt\/wp-json\/wp\/v2\/comments?post=63843"}],"wp:featuredmedia":[{"embeddable":true,"href":"https:\/\/www.padaworks.com\/pt\/wp-json\/wp\/v2\/media\/63844"}],"wp:attachment":[{"href":"https:\/\/www.padaworks.com\/pt\/wp-json\/wp\/v2\/media?parent=63843"}],"wp:term":[{"taxonomy":"product_brand","embeddable":true,"href":"https:\/\/www.padaworks.com\/pt\/wp-json\/wp\/v2\/product_brand?post=63843"},{"taxonomy":"product_cat","embeddable":true,"href":"https:\/\/www.padaworks.com\/pt\/wp-json\/wp\/v2\/product_cat?post=63843"},{"taxonomy":"product_tag","embeddable":true,"href":"https:\/\/www.padaworks.com\/pt\/wp-json\/wp\/v2\/product_tag?post=63843"}],"curies":[{"name":"wp","href":"https:\/\/api.w.org\/{rel}","templated":true}]}}