{"id":63832,"date":"2024-10-01T14:35:12","date_gmt":"2024-10-01T14:35:12","guid":{"rendered":"https:\/\/www.padaworks.com\/product\/runner-rug-green-cream-60x200cm-ring-line-rug\/"},"modified":"2025-11-19T09:18:58","modified_gmt":"2025-11-19T09:18:58","slug":"tapete-de-correr-verde-creme-60x200cm-tapete-de-argolas","status":"publish","type":"product","link":"https:\/\/www.padaworks.com\/pt\/product\/tapete-de-correr-verde-creme-60x200cm-tapete-de-argolas\/","title":{"rendered":"Tapete de corredor verde creme - 60x200cm - Tapete Ring Line"},"content":{"rendered":"<p>Tapete de corredor Verde Creme 200cm<br \/>(verde \u00e1gua + verde ch\u00e1 + verde pera + verde pinho + verde ex\u00e9rcito escuro)<\/p>\n<p>Este tapete \u00e9 tecido num tear manual com tecidos reutilizados.<br \/>Estes tapetes s\u00e3o robustos, leves e podem ser lavados regularmente \u00e0 m\u00e3o ou \u00e0 m\u00e1quina.<br \/>\u00c9 ecol\u00f3gico porque reutiliza a mat\u00e9ria-prima desperdi\u00e7ada pela ind\u00fastria t\u00eaxtil.<br \/>Recomendamos a lavagem a frio ou a 30\u00b0C.<br \/>Uma vez que este tapete \u00e9 fabricado com produtos reciclados das ind\u00fastrias t\u00eaxteis, pode haver ligeiras varia\u00e7\u00f5es de cor.<\/p>\n<p>Feito \u00e0 m\u00e3o<br \/>Fabricado em Portugal<\/p>\n<p>Dimens\u00f5es:<br \/>C - 200 cm, L - 60 cm<br \/>C - 78,7 pol., L - 23,6 pol.<br \/>C - 6,6 p\u00e9s, L - 2,0 p\u00e9s<br \/>Espessura - cerca de 0,8 cm; 0,3 in<\/p>\n<p>As dimens\u00f5es podem variar ligeiramente.<\/p>","protected":false},"excerpt":{"rendered":"<p>Runner Rug Green Cream 200cm(water green + tea green + pear green + pine green + dark army green) This rug is woven in a manual loom with fabrics reused.These rugs are robust, light, and can be regularly washed by hand or machine.It is ecological because they reuse raw material wasted by the textil industry.We [&hellip;]<\/p>","protected":false},"featured_media":63833,"comment_status":"open","ping_status":"open","template":"","meta":{"_acf_changed":false},"product_brand":[],"product_cat":[2729],"product_tag":[477,1082,585,483,650,575,577,480,512,482,574,1456,468],"class_list":{"0":"post-63832","1":"product","2":"type-product","3":"status-publish","4":"has-post-thumbnail","6":"product_cat-ring-line","7":"product_tag-bedside-rug","8":"product_tag-cotton-runner-rug","9":"product_tag-entryway-rug","10":"product_tag-front-door-rug","11":"product_tag-green-rug","12":"product_tag-kitchen-rug","13":"product_tag-machine-washable-rug","14":"product_tag-rag-rug","15":"product_tag-rug-runner","16":"product_tag-rugs-for-bedroom","17":"product_tag-runner-rug","18":"product_tag-runner-rug-2x6","19":"product_tag-scandinavian-rug","20":"product_shipping_class-small-package","22":"first","23":"instock","24":"sale","25":"taxable","26":"shipping-taxable","27":"purchasable","28":"product-type-simple"},"acf":[],"gallery_images":[63834,63835,63836,63837,63838,63839,63840,63841,63842],"_links":{"self":[{"href":"https:\/\/www.padaworks.com\/pt\/wp-json\/wp\/v2\/product\/63832","targetHints":{"allow":["GET"]}}],"collection":[{"href":"https:\/\/www.padaworks.com\/pt\/wp-json\/wp\/v2\/product"}],"about":[{"href":"https:\/\/www.padaworks.com\/pt\/wp-json\/wp\/v2\/types\/product"}],"replies":[{"embeddable":true,"href":"https:\/\/www.padaworks.com\/pt\/wp-json\/wp\/v2\/comments?post=63832"}],"wp:featuredmedia":[{"embeddable":true,"href":"https:\/\/www.padaworks.com\/pt\/wp-json\/wp\/v2\/media\/63833"}],"wp:attachment":[{"href":"https:\/\/www.padaworks.com\/pt\/wp-json\/wp\/v2\/media?parent=63832"}],"wp:term":[{"taxonomy":"product_brand","embeddable":true,"href":"https:\/\/www.padaworks.com\/pt\/wp-json\/wp\/v2\/product_brand?post=63832"},{"taxonomy":"product_cat","embeddable":true,"href":"https:\/\/www.padaworks.com\/pt\/wp-json\/wp\/v2\/product_cat?post=63832"},{"taxonomy":"product_tag","embeddable":true,"href":"https:\/\/www.padaworks.com\/pt\/wp-json\/wp\/v2\/product_tag?post=63832"}],"curies":[{"name":"wp","href":"https:\/\/api.w.org\/{rel}","templated":true}]}}