{"id":63811,"date":"2024-10-01T14:08:44","date_gmt":"2024-10-01T14:08:44","guid":{"rendered":"https:\/\/www.padaworks.com\/product\/long-runner-white-and-blue-rug-60x300cm-ring-line-rug\/"},"modified":"2025-11-19T09:19:00","modified_gmt":"2025-11-19T09:19:00","slug":"tapete-comprido-branco-e-azul-60x300cm-tapete-de-argolas","status":"publish","type":"product","link":"https:\/\/www.padaworks.com\/pt\/product\/tapete-comprido-branco-e-azul-60x300cm-tapete-de-argolas\/","title":{"rendered":"Tapete comprido branco e azul - 60x300cm - Tapete Ring Line"},"content":{"rendered":"<p>Tapete comprido branco e azul 300cm<br \/>(azul petr\u00f3leo)<\/p>\n<p>Este tapete \u00e9 tecido num tear manual com tecidos reutilizados.<br \/>Estes tapetes s\u00e3o robustos, leves e podem ser lavados regularmente \u00e0 m\u00e3o ou \u00e0 m\u00e1quina.<br \/>\u00c9 ecol\u00f3gico porque reutiliza a mat\u00e9ria-prima desperdi\u00e7ada pela ind\u00fastria t\u00eaxtil.<br \/>Recomendamos a lavagem a frio ou a 30\u00b0C.<br \/>Uma vez que este tapete \u00e9 fabricado com produtos reciclados das ind\u00fastrias t\u00eaxteis, pode haver ligeiras varia\u00e7\u00f5es de cor.<\/p>\n<p>Feito \u00e0 m\u00e3o<br \/>Fabricado em Portugal<\/p>\n<p>Dimens\u00f5es:<br \/>C \u2013 300 cm, L \u2013 60 cm<br \/>C \u2013 118,1 pol., L \u2013 23,6 pol.<br \/>C - 9,8 p\u00e9s, L - 2,0 p\u00e9s<br \/>Espessura - cerca de 0,8 cm; 0,3 in<\/p>\n<p>As dimens\u00f5es podem variar ligeiramente.<\/p>","protected":false},"excerpt":{"rendered":"<p>Long Runner White and Blue Rug 300cm(petrol blue) This rug is woven in a manual loom with fabrics reused.These rugs are robust, light, and can be regularly washed by hand or machine.It is ecological because they reuse raw material wasted by the textil industry.We recommend cold washing or to 30\u00b0C.Since this rug is made with [&hellip;]<\/p>","protected":false},"featured_media":63812,"comment_status":"open","ping_status":"open","template":"","meta":{"_acf_changed":false},"product_brand":[],"product_cat":[2729],"product_tag":[1138,2334,465,2529,422,585,959,1458,2530,476,512,482,1331],"class_list":{"0":"post-63811","1":"product","2":"type-product","3":"status-publish","4":"has-post-thumbnail","6":"product_cat-ring-line","7":"product_tag-2x10-rug","8":"product_tag-art-rug","9":"product_tag-bedroom-rug","10":"product_tag-blue-and-white-rug","11":"product_tag-cute-rug","12":"product_tag-entryway-rug","13":"product_tag-floor-rug","14":"product_tag-hallway-runner-rug","15":"product_tag-long-rug-runner","16":"product_tag-recycled-rugs","17":"product_tag-rug-runner","18":"product_tag-rugs-for-bedroom","19":"product_tag-striped-rug","20":"product_shipping_class-small-package","22":"first","23":"instock","24":"taxable","25":"shipping-taxable","26":"purchasable","27":"product-type-simple"},"acf":[],"gallery_images":[63813,63814,63815,63816,63817,63818,63819,63820,63821],"_links":{"self":[{"href":"https:\/\/www.padaworks.com\/pt\/wp-json\/wp\/v2\/product\/63811","targetHints":{"allow":["GET"]}}],"collection":[{"href":"https:\/\/www.padaworks.com\/pt\/wp-json\/wp\/v2\/product"}],"about":[{"href":"https:\/\/www.padaworks.com\/pt\/wp-json\/wp\/v2\/types\/product"}],"replies":[{"embeddable":true,"href":"https:\/\/www.padaworks.com\/pt\/wp-json\/wp\/v2\/comments?post=63811"}],"wp:featuredmedia":[{"embeddable":true,"href":"https:\/\/www.padaworks.com\/pt\/wp-json\/wp\/v2\/media\/63812"}],"wp:attachment":[{"href":"https:\/\/www.padaworks.com\/pt\/wp-json\/wp\/v2\/media?parent=63811"}],"wp:term":[{"taxonomy":"product_brand","embeddable":true,"href":"https:\/\/www.padaworks.com\/pt\/wp-json\/wp\/v2\/product_brand?post=63811"},{"taxonomy":"product_cat","embeddable":true,"href":"https:\/\/www.padaworks.com\/pt\/wp-json\/wp\/v2\/product_cat?post=63811"},{"taxonomy":"product_tag","embeddable":true,"href":"https:\/\/www.padaworks.com\/pt\/wp-json\/wp\/v2\/product_tag?post=63811"}],"curies":[{"name":"wp","href":"https:\/\/api.w.org\/{rel}","templated":true}]}}