{"id":63754,"date":"2024-09-30T11:52:21","date_gmt":"2024-09-30T11:52:21","guid":{"rendered":"https:\/\/www.padaworks.com\/product\/oval-wicker-multicolor-basket\/"},"modified":"2025-11-19T09:19:06","modified_gmt":"2025-11-19T09:19:06","slug":"cesto-oval-de-vime-multicolorido","status":"publish","type":"product","link":"https:\/\/www.padaworks.com\/pt\/product\/cesto-oval-de-vime-multicolorido\/","title":{"rendered":"Cesto oval de vime multicolorido"},"content":{"rendered":"<p>Cesto oval de vime multicolorido<\/p>\n<p>Perfeito para um piquenique com a fam\u00edlia e os amigos.<br \/>Pr\u00e1tico para transportar alimentos para a praia, jardins ou campo.<br \/>Ou perfeito para o seu dia na quinta ou nos mercados de agricultores.<br \/>\u00c9 um produto totalmente feito \u00e0 m\u00e3o, amigo do ambiente e sustent\u00e1vel!<\/p>\n<p>Feito \u00e0 m\u00e3o<br \/>Fabricado em Portugal<\/p>\n<p>Dimens\u00f5es:<br \/>C \u2013 40 cm, L \u2013 29 cm, A \u2013 14 cm, A com al\u00e7a \u2013 30 cm<br \/>C \u2013 40 cm, L \u2013 29 cm, A \u2013 14 cm, A com pega \u2013 30 cm<\/p>\n<p>As dimens\u00f5es podem variar ligeiramente<\/p>","protected":false},"excerpt":{"rendered":"<p>Oval Wicker Multicolor Basket Perfect for a picnic with family and friends.Practical for transporting food to the beach, gardens or countryside.Or perfect for your day at the farm or at the farmers markets.It is an all handmade product, environmentally friendly and sustainable! Artisan MadeMade in Portugal Dimensions:L &#8211; 40 cm, W &#8211; 29 cm, H [&hellip;]<\/p>","protected":false},"featured_media":63755,"comment_status":"open","ping_status":"open","template":"","meta":{"_acf_changed":false},"product_brand":[],"product_cat":[1915],"product_tag":[2432,444,1860,441,309,442,445,1023,1958,312,440,446,538],"class_list":{"0":"post-63754","1":"product","2":"type-product","3":"status-publish","4":"has-post-thumbnail","6":"product_cat-market-baskets","7":"product_tag-black-basket","8":"product_tag-cute-basket","9":"product_tag-flower-girl-wicker","10":"product_tag-food-basket","11":"product_tag-fruit-basket","12":"product_tag-garden-basket","13":"product_tag-gift-basket","14":"product_tag-gift-for-mom","15":"product_tag-recycled-basket","16":"product_tag-storage-basket","17":"product_tag-vintage-picnic","18":"product_tag-wedding-basket","19":"product_tag-woven-basket","20":"product_shipping_class-large-package","22":"first","23":"instock","24":"sale","25":"taxable","26":"shipping-taxable","27":"purchasable","28":"product-type-simple"},"acf":[],"gallery_images":[63756,63757,63758],"_links":{"self":[{"href":"https:\/\/www.padaworks.com\/pt\/wp-json\/wp\/v2\/product\/63754","targetHints":{"allow":["GET"]}}],"collection":[{"href":"https:\/\/www.padaworks.com\/pt\/wp-json\/wp\/v2\/product"}],"about":[{"href":"https:\/\/www.padaworks.com\/pt\/wp-json\/wp\/v2\/types\/product"}],"replies":[{"embeddable":true,"href":"https:\/\/www.padaworks.com\/pt\/wp-json\/wp\/v2\/comments?post=63754"}],"wp:featuredmedia":[{"embeddable":true,"href":"https:\/\/www.padaworks.com\/pt\/wp-json\/wp\/v2\/media\/63755"}],"wp:attachment":[{"href":"https:\/\/www.padaworks.com\/pt\/wp-json\/wp\/v2\/media?parent=63754"}],"wp:term":[{"taxonomy":"product_brand","embeddable":true,"href":"https:\/\/www.padaworks.com\/pt\/wp-json\/wp\/v2\/product_brand?post=63754"},{"taxonomy":"product_cat","embeddable":true,"href":"https:\/\/www.padaworks.com\/pt\/wp-json\/wp\/v2\/product_cat?post=63754"},{"taxonomy":"product_tag","embeddable":true,"href":"https:\/\/www.padaworks.com\/pt\/wp-json\/wp\/v2\/product_tag?post=63754"}],"curies":[{"name":"wp","href":"https:\/\/api.w.org\/{rel}","templated":true}]}}