{"id":63721,"date":"2024-09-27T17:12:00","date_gmt":"2024-09-27T17:12:00","guid":{"rendered":"https:\/\/www.padaworks.com\/product\/ceramic-cats-vintage-ceramic-cat-ceramic-cat-figurine-lady-cat-ceramic-art-cat-lover-gift-vintage-cat-cat-pottery-funny-gift\/"},"modified":"2026-02-02T14:39:15","modified_gmt":"2026-02-02T14:39:15","slug":"gatos-de-ceramica-ceramica-pintada-a-mao","status":"publish","type":"product","link":"https:\/\/www.padaworks.com\/pt\/product\/gatos-de-ceramica-ceramica-pintada-a-mao\/","title":{"rendered":"Cer\u00e2mica Gatos pintados \u00e0 m\u00e3o"},"content":{"rendered":"<p>Gatos em cer\u00e2mica<\/p>\n<p>Feito \u00e0 m\u00e3o<br \/>\nFabricado em Portugal<\/p>\n<p>Dimens\u00f5es:<br \/>\nTamanho pequeno<br \/>\nC - 3 cm, L - 3 cm, A - 9 cm<br \/>\nC - 1,2 pol., L - 1,2 pol., A - 3,5 pol.<\/p>\n<p>Tamanho m\u00e9dio<br \/>\nC - 4 cm, L - 5 cm, A - 15 cm<br \/>\nC - 1,6 pol., L - 2,0 pol., A - 5,9 pol.<\/p>\n<p>Tamanho grande<br \/>\nC - 6 cm, L - 7 cm, A - 20 cm<br \/>\nC - 2,4 pol., L - 2,8 pol., A - 7,9 pol.<\/p>\n<p>As dimens\u00f5es podem variar ligeiramente.<\/p>","protected":false},"excerpt":{"rendered":"<p>Ceramic Cats Artisan Made Made in Portugal Dimensions: Small Size L \u2013 3 cm, W \u2013 3 cm, H \u2013 9 cm L \u2013 1,2 in, W \u2013 1,2 in, H \u2013 3,5 in Medium Size L \u2013 4 cm, W \u2013 5 cm, H \u2013 15 cm L \u2013 1,6 in, W \u2013 2,0 [&hellip;]<\/p>","protected":false},"featured_media":63722,"comment_status":"open","ping_status":"closed","template":"","meta":{"_acf_changed":false},"product_brand":[],"product_cat":[1799],"product_tag":[2521,2519,2520,2526,2522,1054,2527,2518,2525,2524,2528,1124,2523],"class_list":{"0":"post-63721","1":"product","2":"type-product","3":"status-publish","4":"has-post-thumbnail","6":"product_cat-little-treasoures","7":"product_tag-black-cat","8":"product_tag-cat-art","9":"product_tag-cat-ceramic","10":"product_tag-cat-charm","11":"product_tag-cat-figurine","12":"product_tag-cat-gift","13":"product_tag-cat-lovers","14":"product_tag-ceramic-cat","15":"product_tag-cute-cat-decor","16":"product_tag-handmade-cat","17":"product_tag-portuguese-cat","18":"product_tag-vintage-ceramic","19":"product_tag-white-cat","20":"product_shipping_class-small-package","22":"first","23":"instock","24":"taxable","25":"shipping-taxable","26":"purchasable","27":"product-type-variable","28":"has-default-attributes","29":"wvs-archive-product-wrapper"},"acf":[],"gallery_images":[63723,63724,63725,63726,63727,63728,63729,63730,63731],"_links":{"self":[{"href":"https:\/\/www.padaworks.com\/pt\/wp-json\/wp\/v2\/product\/63721","targetHints":{"allow":["GET"]}}],"collection":[{"href":"https:\/\/www.padaworks.com\/pt\/wp-json\/wp\/v2\/product"}],"about":[{"href":"https:\/\/www.padaworks.com\/pt\/wp-json\/wp\/v2\/types\/product"}],"replies":[{"embeddable":true,"href":"https:\/\/www.padaworks.com\/pt\/wp-json\/wp\/v2\/comments?post=63721"}],"wp:featuredmedia":[{"embeddable":true,"href":"https:\/\/www.padaworks.com\/pt\/wp-json\/wp\/v2\/media\/63722"}],"wp:attachment":[{"href":"https:\/\/www.padaworks.com\/pt\/wp-json\/wp\/v2\/media?parent=63721"}],"wp:term":[{"taxonomy":"product_brand","embeddable":true,"href":"https:\/\/www.padaworks.com\/pt\/wp-json\/wp\/v2\/product_brand?post=63721"},{"taxonomy":"product_cat","embeddable":true,"href":"https:\/\/www.padaworks.com\/pt\/wp-json\/wp\/v2\/product_cat?post=63721"},{"taxonomy":"product_tag","embeddable":true,"href":"https:\/\/www.padaworks.com\/pt\/wp-json\/wp\/v2\/product_tag?post=63721"}],"curies":[{"name":"wp","href":"https:\/\/api.w.org\/{rel}","templated":true}]}}