{"id":63672,"date":"2024-09-27T14:00:39","date_gmt":"2024-09-27T14:00:39","guid":{"rendered":"https:\/\/www.padaworks.com\/product\/green-track-motorcycle-with-multicolor-rooster\/"},"modified":"2025-11-19T09:19:12","modified_gmt":"2025-11-19T09:19:12","slug":"motociclo-de-pista-verde-com-galo-multicolor","status":"publish","type":"product","link":"https:\/\/www.padaworks.com\/pt\/product\/motociclo-de-pista-verde-com-galo-multicolor\/","title":{"rendered":"Motociclo de pista verde com galo multicolorido"},"content":{"rendered":"<p>Motociclo de pista verde com galo multicolorido<\/p>\n<p>Feito \u00e0 m\u00e3o<br \/>Fabricado em Portugal<\/p>\n<p>Dimens\u00f5es:<br \/>C - 17 cm, L - 5 cm, A - 14 cm<br \/>C - 6,7 pol., L - 2,0 pol., A - 5,5 pol.<\/p>\n<p>As dimens\u00f5es podem variar ligeiramente.<\/p>","protected":false},"excerpt":{"rendered":"<p>Motociclo de Pista Verde com Galo Multicolorido Feito \u00e0 m\u00e3oFabricado em Portugal Dimens\u00f5es:C - 17 cm, L - 5 cm, A - 14 cmC - 6,7 pol., L - 2,0 pol., A - 5,5 pol. As dimens\u00f5es podem variar ligeiramente.<\/p>","protected":false},"featured_media":63673,"comment_status":"open","ping_status":"open","template":"","meta":{"_acf_changed":false},"product_brand":[],"product_cat":[402,1549],"product_tag":[1450,550,2511,919,2048,506,544,545,549,2515,2507,548,542],"class_list":{"0":"post-63672","1":"product","2":"type-product","3":"status-publish","4":"has-post-thumbnail","6":"product_cat-pottery","7":"product_cat-roosters","8":"product_tag-black-rooster","9":"product_tag-ceramic-figurine","10":"product_tag-ceramic-motorcycle","11":"product_tag-ceramic-rooster","12":"product_tag-farmhouse-chicken","13":"product_tag-father-gift","14":"product_tag-gift-from-portugal","15":"product_tag-good-luck-rooster","16":"product_tag-handmade-ceramics","17":"product_tag-motorcycle-gift","18":"product_tag-pottery-portuguese","19":"product_tag-rooster-figurine","20":"product_tag-traditional-rooster","21":"product_shipping_class-small-package","23":"first","24":"instock","25":"sale","26":"taxable","27":"shipping-taxable","28":"purchasable","29":"product-type-simple"},"acf":[],"gallery_images":[63674,63675,63676,63677,63678,63679],"_links":{"self":[{"href":"https:\/\/www.padaworks.com\/pt\/wp-json\/wp\/v2\/product\/63672","targetHints":{"allow":["GET"]}}],"collection":[{"href":"https:\/\/www.padaworks.com\/pt\/wp-json\/wp\/v2\/product"}],"about":[{"href":"https:\/\/www.padaworks.com\/pt\/wp-json\/wp\/v2\/types\/product"}],"replies":[{"embeddable":true,"href":"https:\/\/www.padaworks.com\/pt\/wp-json\/wp\/v2\/comments?post=63672"}],"wp:featuredmedia":[{"embeddable":true,"href":"https:\/\/www.padaworks.com\/pt\/wp-json\/wp\/v2\/media\/63673"}],"wp:attachment":[{"href":"https:\/\/www.padaworks.com\/pt\/wp-json\/wp\/v2\/media?parent=63672"}],"wp:term":[{"taxonomy":"product_brand","embeddable":true,"href":"https:\/\/www.padaworks.com\/pt\/wp-json\/wp\/v2\/product_brand?post=63672"},{"taxonomy":"product_cat","embeddable":true,"href":"https:\/\/www.padaworks.com\/pt\/wp-json\/wp\/v2\/product_cat?post=63672"},{"taxonomy":"product_tag","embeddable":true,"href":"https:\/\/www.padaworks.com\/pt\/wp-json\/wp\/v2\/product_tag?post=63672"}],"curies":[{"name":"wp","href":"https:\/\/api.w.org\/{rel}","templated":true}]}}