{"id":63657,"date":"2024-09-27T13:34:07","date_gmt":"2024-09-27T13:34:07","guid":{"rendered":"https:\/\/www.padaworks.com\/product\/hand-painted-ceramic-swallows-with-heart-wall-hanging\/"},"modified":"2026-04-29T10:11:56","modified_gmt":"2026-04-29T10:11:56","slug":"andorinhas-de-ceramica-pintadas-a-mao-com-coracao-para-pendurar-na-parede","status":"publish","type":"product","link":"https:\/\/www.padaworks.com\/pt\/product\/andorinhas-de-ceramica-pintadas-a-mao-com-coracao-para-pendurar-na-parede\/","title":{"rendered":"Pendurar na parede Andorinhas com cora\u00e7\u00e3o em cer\u00e2mica pintada \u00e0 m\u00e3o"},"content":{"rendered":"<p>Andorinhas em cer\u00e2mica pintadas \u00e0 m\u00e3o com cora\u00e7\u00e3o<\/p>\n<p>Feito \u00e0 m\u00e3o<br \/>\nFabricado em Portugal<\/p>\n<p>Dimens\u00f5es:<br \/>\nC \u2013 14 cm, L \u2013 18 cm, P \u2013 5 cm<br \/>\nL \u2013 5,5 pol., L \u2013 7,1 pol., P \u2013 2,0 pol.<\/p>\n<p>As dimens\u00f5es podem variar ligeiramente.<\/p>","protected":false},"excerpt":{"rendered":"<p>Hand Painted Ceramic Swallows With Heart Artisan Made Made in Portugal Dimensions: L \u2013 14 cm, W \u2013 18 cm, D \u2013 5 cm L \u2013 5,5 in, W \u2013 7,1 in, D \u2013 2,0 in The dimensions may vary slightly.<\/p>","protected":false},"featured_media":63658,"comment_status":"open","ping_status":"closed","template":"","meta":{"_acf_changed":false},"product_brand":[],"product_cat":[1550,1799],"product_tag":[660,664,479,549,667,1598,1124,94,668,662,659,539,2513],"class_list":{"0":"post-63657","1":"product","2":"type-product","3":"status-publish","4":"has-post-thumbnail","6":"product_cat-birds","7":"product_cat-little-treasoures","8":"product_tag-ceramic-swallow","9":"product_tag-ceramic-wall-swallow","10":"product_tag-gift-for-her","11":"product_tag-handmade-ceramics","12":"product_tag-portuguese-gift","13":"product_tag-vintage-bird","14":"product_tag-vintage-ceramic","15":"product_tag-wall-decor","16":"product_tag-wall-hanging-swallow","17":"product_tag-wall-swallows","18":"product_tag-wedding-decor","19":"product_tag-wedding-gift","20":"product_tag-white-birds","21":"product_shipping_class-small-package","23":"first","24":"instock","25":"sale","26":"taxable","27":"shipping-taxable","28":"purchasable","29":"product-type-simple"},"acf":[],"gallery_images":[63659,63660,63661,63662],"_links":{"self":[{"href":"https:\/\/www.padaworks.com\/pt\/wp-json\/wp\/v2\/product\/63657","targetHints":{"allow":["GET"]}}],"collection":[{"href":"https:\/\/www.padaworks.com\/pt\/wp-json\/wp\/v2\/product"}],"about":[{"href":"https:\/\/www.padaworks.com\/pt\/wp-json\/wp\/v2\/types\/product"}],"replies":[{"embeddable":true,"href":"https:\/\/www.padaworks.com\/pt\/wp-json\/wp\/v2\/comments?post=63657"}],"wp:featuredmedia":[{"embeddable":true,"href":"https:\/\/www.padaworks.com\/pt\/wp-json\/wp\/v2\/media\/63658"}],"wp:attachment":[{"href":"https:\/\/www.padaworks.com\/pt\/wp-json\/wp\/v2\/media?parent=63657"}],"wp:term":[{"taxonomy":"product_brand","embeddable":true,"href":"https:\/\/www.padaworks.com\/pt\/wp-json\/wp\/v2\/product_brand?post=63657"},{"taxonomy":"product_cat","embeddable":true,"href":"https:\/\/www.padaworks.com\/pt\/wp-json\/wp\/v2\/product_cat?post=63657"},{"taxonomy":"product_tag","embeddable":true,"href":"https:\/\/www.padaworks.com\/pt\/wp-json\/wp\/v2\/product_tag?post=63657"}],"curies":[{"name":"wp","href":"https:\/\/api.w.org\/{rel}","templated":true}]}}