{"id":63458,"date":"2024-09-25T15:07:47","date_gmt":"2024-09-25T15:07:47","guid":{"rendered":"https:\/\/www.padaworks.com\/product\/large-dark-blue-and-jute-rug-140x200cm-jute-and-ring-line-rug\/"},"modified":"2025-11-19T09:19:34","modified_gmt":"2025-11-19T09:19:34","slug":"tapete-grande-azul-escuro-e-juta-140x200cm-tapete-de-juta-e-linha-de-aneis","status":"publish","type":"product","link":"https:\/\/www.padaworks.com\/pt\/product\/tapete-grande-azul-escuro-e-juta-140x200cm-tapete-de-juta-e-linha-de-aneis\/","title":{"rendered":"Tapete grande azul escuro e juta - 140x200cm - Tapete de juta e argolas"},"content":{"rendered":"<p>Tapete grande azul escuro e juta 140 x 200 cm<\/p>\n<p>Este tapete \u00e9 tecido num tear manual com tecidos reutilizados.<br \/>\u00c9 ecol\u00f3gico porque reutiliza a mat\u00e9ria-prima desperdi\u00e7ada pela ind\u00fastria t\u00eaxtil.<br \/>Uma vez que este tapete \u00e9 fabricado com produtos reciclados das ind\u00fastrias t\u00eaxteis, pode haver ligeiras varia\u00e7\u00f5es de cor.<\/p>\n<p>Feito \u00e0 m\u00e3o<br \/>Fabricado em Portugal<\/p>\n<p>Dimens\u00f5es:<br \/>C - 200 cm, L - 140 cm<br \/>C - 78,7 pol., L - 55,1 pol.<br \/>C - 6,6 p\u00e9s, L - 4,6 p\u00e9s<br \/>Espessura - cerca de 0,8 cm; 0,3 in<\/p>\n<p>As dimens\u00f5es podem variar ligeiramente.<\/p>","protected":false},"excerpt":{"rendered":"<p>Large Dark Blue and Jute Rug 140x200cm This rug is woven in a manual loom with fabrics reused.It is ecological because they reuse raw material wasted by the textil industry.Since this rug is made with recycled products from the textile industries, there may be slight variations in color. Artisan MadeMade in Portugal Dimensions:L &#8211; 200 [&hellip;]<\/p>","protected":false},"featured_media":63459,"comment_status":"open","ping_status":"open","template":"","meta":{"_acf_changed":false},"product_brand":[],"product_cat":[2729],"product_tag":[586,477,1822,597,582,1836,658,619,475,1854,575,482,515],"class_list":{"0":"post-63458","1":"product","2":"type-product","3":"status-publish","4":"has-post-thumbnail","6":"product_cat-ring-line","7":"product_tag-5x8-rug","8":"product_tag-bedside-rug","9":"product_tag-blue-area-rug","10":"product_tag-blue-rug","11":"product_tag-cotton-carpet","12":"product_tag-dinning-room-rug","13":"product_tag-eco-friendly-rug","14":"product_tag-entry-rug","15":"product_tag-handwoven-rug","16":"product_tag-jute-area-rug","17":"product_tag-kitchen-rug","18":"product_tag-rugs-for-bedroom","19":"product_tag-rugs-for-living-room","20":"product_shipping_class-small-package","22":"first","23":"instock","24":"taxable","25":"shipping-taxable","26":"purchasable","27":"product-type-simple"},"acf":[],"gallery_images":[63460,63461,63462,63463,63464,63465,63466,63467,63468],"_links":{"self":[{"href":"https:\/\/www.padaworks.com\/pt\/wp-json\/wp\/v2\/product\/63458","targetHints":{"allow":["GET"]}}],"collection":[{"href":"https:\/\/www.padaworks.com\/pt\/wp-json\/wp\/v2\/product"}],"about":[{"href":"https:\/\/www.padaworks.com\/pt\/wp-json\/wp\/v2\/types\/product"}],"replies":[{"embeddable":true,"href":"https:\/\/www.padaworks.com\/pt\/wp-json\/wp\/v2\/comments?post=63458"}],"wp:featuredmedia":[{"embeddable":true,"href":"https:\/\/www.padaworks.com\/pt\/wp-json\/wp\/v2\/media\/63459"}],"wp:attachment":[{"href":"https:\/\/www.padaworks.com\/pt\/wp-json\/wp\/v2\/media?parent=63458"}],"wp:term":[{"taxonomy":"product_brand","embeddable":true,"href":"https:\/\/www.padaworks.com\/pt\/wp-json\/wp\/v2\/product_brand?post=63458"},{"taxonomy":"product_cat","embeddable":true,"href":"https:\/\/www.padaworks.com\/pt\/wp-json\/wp\/v2\/product_cat?post=63458"},{"taxonomy":"product_tag","embeddable":true,"href":"https:\/\/www.padaworks.com\/pt\/wp-json\/wp\/v2\/product_tag?post=63458"}],"curies":[{"name":"wp","href":"https:\/\/api.w.org\/{rel}","templated":true}]}}