{"id":62983,"date":"2024-07-22T18:42:15","date_gmt":"2024-07-22T18:42:15","guid":{"rendered":"https:\/\/www.padaworks.com\/product\/mini-wood-cage-wooden-bird-cage-mini-bird-house-love-your-bird-miniature-bird-cage-mini-cage-decor-outdoor-decor-gift-for-kids\/"},"modified":"2026-02-16T15:16:52","modified_gmt":"2026-02-16T15:16:52","slug":"mini-gaiola-de-madeira-gaiola-de-madeira-para-passaros-mini-casa-para-passaros-love-your-bird-gaiola-para-passaros-mini-gaiola-decoracao-exterior-decoracao-para-criancas","status":"publish","type":"product","link":"https:\/\/www.padaworks.com\/pt\/product\/mini-gaiola-de-madeira-gaiola-de-madeira-para-passaros-mini-casa-para-passaros-love-your-bird-gaiola-para-passaros-mini-gaiola-decoracao-exterior-decoracao-para-criancas\/","title":{"rendered":"Mini gaiola de madeira"},"content":{"rendered":"<p>Mini gaiola de madeira<\/p>\n<p>Esta mini gaiola \u00e9 toda feita \u00e0 m\u00e3o com madeira reutilizada.<br \/>Esta madeira \u00e9 recolhida em centros de recolha de res\u00edduos e transformada nesta bonita mini gaiola.<\/p>\n<p>Feito \u00e0 m\u00e3o<br \/>Fabricado em Portugal<\/p>\n<p>Dimens\u00f5es:<br \/>C - 5 cm, L - 4 cm, A - 6,5 cm<br \/>C - 2,0 pol., L - 1,6 pol., A - 2,6 pol.<\/p>\n<p>As dimens\u00f5es podem variar ligeiramente.<\/p>","protected":false},"excerpt":{"rendered":"<p>Mini Wood Cage This mini cage is all handmade with reused wood.This wood is collected from waste centers and transformed into this beautiful mini cage. Artisan MadeMade in Portugal Dimensions:L &#8211; 5 cm, W &#8211; 4 cm, H &#8211; 6,5 cmL &#8211; 2,0 in, W &#8211; 1,6 in, H &#8211; 2,6 in The dimensions may [&hellip;]<\/p>","protected":false},"featured_media":62984,"comment_status":"open","ping_status":"closed","template":"","meta":{"_acf_changed":false},"product_brand":[],"product_cat":[509,132,812],"product_tag":[570,497,507,565,1689,1068,571,1097,501,503,505,659,500],"class_list":{"0":"post-62983","1":"product","2":"type-product","3":"status-publish","4":"has-post-thumbnail","6":"product_cat-pet-supplies","7":"product_cat-bird-cages","8":"product_cat-garden-decoration","9":"product_tag-antique-bird-cage","10":"product_tag-bird-cage","11":"product_tag-bird-cage-decor","12":"product_tag-bird-cage-wood","13":"product_tag-bird-memory","14":"product_tag-canary-cage","15":"product_tag-decorative-bird-cage","16":"product_tag-doll-cage","17":"product_tag-finch-cage","18":"product_tag-parakeet-cage","19":"product_tag-vintage-bird-cage","20":"product_tag-wedding-decor","21":"product_tag-wood-bird-cage","22":"product_shipping_class-small-package","24":"first","25":"instock","26":"taxable","27":"shipping-taxable","28":"purchasable","29":"product-type-simple"},"acf":[],"gallery_images":[62985,62986,62987,62988,62989,62990,62991,62992],"_links":{"self":[{"href":"https:\/\/www.padaworks.com\/pt\/wp-json\/wp\/v2\/product\/62983","targetHints":{"allow":["GET"]}}],"collection":[{"href":"https:\/\/www.padaworks.com\/pt\/wp-json\/wp\/v2\/product"}],"about":[{"href":"https:\/\/www.padaworks.com\/pt\/wp-json\/wp\/v2\/types\/product"}],"replies":[{"embeddable":true,"href":"https:\/\/www.padaworks.com\/pt\/wp-json\/wp\/v2\/comments?post=62983"}],"wp:featuredmedia":[{"embeddable":true,"href":"https:\/\/www.padaworks.com\/pt\/wp-json\/wp\/v2\/media\/62984"}],"wp:attachment":[{"href":"https:\/\/www.padaworks.com\/pt\/wp-json\/wp\/v2\/media?parent=62983"}],"wp:term":[{"taxonomy":"product_brand","embeddable":true,"href":"https:\/\/www.padaworks.com\/pt\/wp-json\/wp\/v2\/product_brand?post=62983"},{"taxonomy":"product_cat","embeddable":true,"href":"https:\/\/www.padaworks.com\/pt\/wp-json\/wp\/v2\/product_cat?post=62983"},{"taxonomy":"product_tag","embeddable":true,"href":"https:\/\/www.padaworks.com\/pt\/wp-json\/wp\/v2\/product_tag?post=62983"}],"curies":[{"name":"wp","href":"https:\/\/api.w.org\/{rel}","templated":true}]}}