{"id":62939,"date":"2024-07-22T09:47:59","date_gmt":"2024-07-22T09:47:59","guid":{"rendered":"https:\/\/www.padaworks.com\/product\/glazed-cream-stone-sardines-wall-decor\/"},"modified":"2026-04-01T17:22:34","modified_gmt":"2026-04-01T17:22:34","slug":"decoracao-de-parede-de-sardinhas-em-pedra-creme-vidrada","status":"publish","type":"product","link":"https:\/\/www.padaworks.com\/pt\/product\/decoracao-de-parede-de-sardinhas-em-pedra-creme-vidrada\/","title":{"rendered":"Decora\u00e7\u00e3o de parede Sardinhas em pedra creme vidrada"},"content":{"rendered":"<p>Sardinhas em pedra com natas<\/p>\n<p>Feito \u00e0 m\u00e3o<br \/>Fabricado em Portugal<\/p>\n<p>Dimens\u00f5es:<br \/>Tamanho pequeno<br \/>C - 15 cm, L - 2,5 cm, A - 3,5 cm<br \/>C - 5,9 pol., L - 1,0 pol., A - 1,4 pol.<\/p>\n<p>Tamanho m\u00e9dio<br \/>C - 16 cm, L - 2,5 cm, A - 4 cm<br \/>C - 6,3 pol., L - 1,0 pol., A - 1,6 pol.<\/p>\n<p>Tamanho grande<br \/>C - 20 cm, L - 3 cm, A - 5 cm<br \/>C - 7,9 pol., L - 1,2 pol., A - 2,0 pol.<\/p>\n<p>T\u00eam uma abertura na parte de tr\u00e1s para serem pendurados na parede.<\/p>\n<p>O acabamento vidrado pode, por vezes, apresentar pequenas linhas e deforma\u00e7\u00f5es normais do processo de produ\u00e7\u00e3o manual.<\/p>\n<p>As dimens\u00f5es podem variar ligeiramente.<\/p>","protected":false},"excerpt":{"rendered":"<p>Glazed Cream Stone Sardines Artisan MadeMade in Portugal Dimensions:Small SizeL &#8211; 15 cm, W &#8211; 2,5 cm, H &#8211; 3,5 cmL &#8211; 5,9 in, W &#8211; 1,0 in, H &#8211; 1,4 in Medium SizeL &#8211; 16 cm, W &#8211; 2,5 cm, H &#8211; 4 cmL &#8211; 6,3 in, W &#8211; 1,0 in, H &#8211; 1,6 [&hellip;]<\/p>","protected":false},"featured_media":62940,"comment_status":"open","ping_status":"open","template":"","meta":{"_acf_changed":false},"product_brand":[],"product_cat":[402,1551],"product_tag":[495,1008,494,1685,490,1684,1619,396,479,2418,1466,493,491],"class_list":{"0":"post-62939","1":"product","2":"type-product","3":"status-publish","4":"has-post-thumbnail","6":"product_cat-pottery","7":"product_cat-fishes","8":"product_tag-ceramic-art","9":"product_tag-ceramic-wall-art","10":"product_tag-ceramic-wall-hanging","11":"product_tag-fish-art","12":"product_tag-fish-ceramic-painted","13":"product_tag-fish-decor","14":"product_tag-fish-wall-art","15":"product_tag-fish-wall-hanging","16":"product_tag-gift-for-her","17":"product_tag-glazed-sardines","18":"product_tag-handmade-ceramic","19":"product_tag-outdoor-wall-decor","20":"product_tag-sardine-wall-hanging","21":"product_shipping_class-small-package","23":"first","24":"instock","25":"taxable","26":"shipping-taxable","27":"purchasable","28":"product-type-variable","29":"has-default-attributes","30":"wvs-archive-product-wrapper"},"acf":[],"gallery_images":[62941,62942,62943,62944,62945,62946,62947],"_links":{"self":[{"href":"https:\/\/www.padaworks.com\/pt\/wp-json\/wp\/v2\/product\/62939","targetHints":{"allow":["GET"]}}],"collection":[{"href":"https:\/\/www.padaworks.com\/pt\/wp-json\/wp\/v2\/product"}],"about":[{"href":"https:\/\/www.padaworks.com\/pt\/wp-json\/wp\/v2\/types\/product"}],"replies":[{"embeddable":true,"href":"https:\/\/www.padaworks.com\/pt\/wp-json\/wp\/v2\/comments?post=62939"}],"wp:featuredmedia":[{"embeddable":true,"href":"https:\/\/www.padaworks.com\/pt\/wp-json\/wp\/v2\/media\/62940"}],"wp:attachment":[{"href":"https:\/\/www.padaworks.com\/pt\/wp-json\/wp\/v2\/media?parent=62939"}],"wp:term":[{"taxonomy":"product_brand","embeddable":true,"href":"https:\/\/www.padaworks.com\/pt\/wp-json\/wp\/v2\/product_brand?post=62939"},{"taxonomy":"product_cat","embeddable":true,"href":"https:\/\/www.padaworks.com\/pt\/wp-json\/wp\/v2\/product_cat?post=62939"},{"taxonomy":"product_tag","embeddable":true,"href":"https:\/\/www.padaworks.com\/pt\/wp-json\/wp\/v2\/product_tag?post=62939"}],"curies":[{"name":"wp","href":"https:\/\/api.w.org\/{rel}","templated":true}]}}