{"id":62874,"date":"2024-07-20T16:55:53","date_gmt":"2024-07-20T16:55:53","guid":{"rendered":"https:\/\/www.padaworks.com\/product\/glazed-ceramic-red-rooster-small-rooster-ceramic-rooster-rooster-art-rustic-rooster-farmhouse-rooster-vintage-ceramic\/"},"modified":"2026-03-05T14:16:03","modified_gmt":"2026-03-05T14:16:03","slug":"galo-vermelho-em-ceramica-esmaltada-20cm","status":"publish","type":"product","link":"https:\/\/www.padaworks.com\/pt\/product\/galo-vermelho-em-ceramica-esmaltada-20cm\/","title":{"rendered":"Galo vermelho em cer\u00e2mica vidrada - 20cm"},"content":{"rendered":"<p>Galo vermelho em cer\u00e2mica vidrada<br \/>Tamanho pequeno<\/p>\n<p>A figura do galo de Barcelos tem origem na interessante lenda popular que transporta Barcelos para a \u00e9poca medieval, e que conta a hist\u00f3ria de um peregrino a caminho de Santiago de Compostela, que foi milagrosamente salvo da forca, gra\u00e7as a Santiago, quando um galo cantou e se fez ouvir de forma surpreendente.<br \/>Foi a partir dos anos 50 e 60 que o galo de Barcelos se tornou um s\u00edmbolo do turismo nacional e um \u00edcone da identidade de uma na\u00e7\u00e3o.<\/p>\n<p>Com cores vivas, multifacetadas em tamanho e formas, um testemunho das diferen\u00e7as culturais e da variedade etnogr\u00e1fica de Portugal.<br \/>A imagem do galo de Barcelos \u00e9 universal e \u00e9 um s\u00edmbolo da identidade portuguesa presente em muitas partes do mundo, ultrapassando as fronteiras do concelho que lhe deu o nome.<\/p>\n<p>Feito \u00e0 m\u00e3o<br \/>Fabricado em Portugal<\/p>\n<p>Dimens\u00f5es:<br \/>C - 14 cm, L - 9 cm, A - 20 cm<br \/>C - 5,5 pol., L - 3,5 pol., A - 7,9 pol.<\/p>\n<p>As dimens\u00f5es podem variar ligeiramente.<\/p>","protected":false},"excerpt":{"rendered":"<p>Glazed Ceramic Red RoosterSmall Size The figure of the rooster of Barcelos comes from the interesting popular legend that transports Barcelos to medieval times, and which tells the story of a pilgrim on his way to Santiago de Compostela, who was miraculously saved from the gallows, thanks to Santiago, when a rooster crowed made itself [&hellip;]<\/p>","protected":false},"featured_media":62875,"comment_status":"open","ping_status":"closed","template":"","meta":{"_acf_changed":false},"product_brand":[],"product_cat":[1549],"product_tag":[541,550,544,2415,545,549,546,1797,390,547,548,542,539],"class_list":{"0":"post-62874","1":"product","2":"type-product","3":"status-publish","4":"has-post-thumbnail","6":"product_cat-roosters","7":"product_tag-barcelos-rooster","8":"product_tag-ceramic-figurine","9":"product_tag-gift-from-portugal","10":"product_tag-glazed-rooster","11":"product_tag-good-luck-rooster","12":"product_tag-handmade-ceramics","13":"product_tag-lucky-rooster","14":"product_tag-portugal-gifts","15":"product_tag-portuguese-ceramic","16":"product_tag-rooster-decor","17":"product_tag-rooster-figurine","18":"product_tag-traditional-rooster","19":"product_tag-wedding-gift","20":"product_shipping_class-small-package","22":"first","23":"instock","24":"sale","25":"taxable","26":"shipping-taxable","27":"purchasable","28":"product-type-simple"},"acf":[],"gallery_images":[62876,62877,62878,62879,62880],"_links":{"self":[{"href":"https:\/\/www.padaworks.com\/pt\/wp-json\/wp\/v2\/product\/62874","targetHints":{"allow":["GET"]}}],"collection":[{"href":"https:\/\/www.padaworks.com\/pt\/wp-json\/wp\/v2\/product"}],"about":[{"href":"https:\/\/www.padaworks.com\/pt\/wp-json\/wp\/v2\/types\/product"}],"replies":[{"embeddable":true,"href":"https:\/\/www.padaworks.com\/pt\/wp-json\/wp\/v2\/comments?post=62874"}],"wp:featuredmedia":[{"embeddable":true,"href":"https:\/\/www.padaworks.com\/pt\/wp-json\/wp\/v2\/media\/62875"}],"wp:attachment":[{"href":"https:\/\/www.padaworks.com\/pt\/wp-json\/wp\/v2\/media?parent=62874"}],"wp:term":[{"taxonomy":"product_brand","embeddable":true,"href":"https:\/\/www.padaworks.com\/pt\/wp-json\/wp\/v2\/product_brand?post=62874"},{"taxonomy":"product_cat","embeddable":true,"href":"https:\/\/www.padaworks.com\/pt\/wp-json\/wp\/v2\/product_cat?post=62874"},{"taxonomy":"product_tag","embeddable":true,"href":"https:\/\/www.padaworks.com\/pt\/wp-json\/wp\/v2\/product_tag?post=62874"}],"curies":[{"name":"wp","href":"https:\/\/api.w.org\/{rel}","templated":true}]}}