{"id":62868,"date":"2024-06-28T17:45:18","date_gmt":"2024-06-28T17:45:18","guid":{"rendered":"https:\/\/www.padaworks.com\/product\/large-oval-market-basket-wicker-basket-boho-basket-market-basket-picnic-basket-basket-with-handle-handmade-baskets-beach-basket\/"},"modified":"2026-04-05T10:17:45","modified_gmt":"2026-04-05T10:17:45","slug":"cesto-grande-oval-para-compras-cesto-de-vime-cesto-boho-cesto-para-compras-cesto-para-piquenique-cesto-com-pega-cestos-artesanais-cesto-de-praia","status":"publish","type":"product","link":"https:\/\/www.padaworks.com\/pt\/product\/cesto-grande-oval-para-compras-cesto-de-vime-cesto-boho-cesto-para-compras-cesto-para-piquenique-cesto-com-pega-cestos-artesanais-cesto-de-praia\/","title":{"rendered":"Cesto de mercado oval grande"},"content":{"rendered":"<p>Cesto de mercado oval grande<\/p>\n<p>Perfeito para um piquenique com a fam\u00edlia e os amigos.<br \/>Pr\u00e1tico para transportar alimentos para a praia, jardins ou campo.<br \/>Ou perfeito para o seu dia na quinta ou nos mercados de agricultores.<br \/>\u00c9 um produto totalmente feito \u00e0 m\u00e3o, amigo do ambiente e sustent\u00e1vel!<\/p>\n<p>Feito \u00e0 m\u00e3o<br \/>Fabricado em Portugal <\/p>\n<p>Dimens\u00f5es:<br \/>C \u2013 47 cm, L \u2013 36 cm, A \u2013 24 cm, A com al\u00e7a \u2013 40 cm<br \/>C \u2013 47 cm, L \u2013 36 cm, A \u2013 24 cm, A com pega \u2013 40 cm<\/p>\n<p>As dimens\u00f5es podem variar ligeiramente<\/p>","protected":false},"excerpt":{"rendered":"<p>Large Oval Market Basket Perfect for a picnic with family and friends.Practical for transporting food to the beach, gardens or countryside.Or perfect for your day at the farm or at the farmers markets.It is an all handmade product, environmentally friendly and sustainable! Artisan MadeMade in Portugal Dimensions:L &#8211; 47 cm, W &#8211; 36 cm, H [&hellip;]<\/p>","protected":false},"featured_media":62869,"comment_status":"open","ping_status":"open","template":"","meta":{"_acf_changed":false},"product_brand":[],"product_cat":[448,1915],"product_tag":[676,441,309,442,445,1023,1538,1958,529,312,440,446,538],"class_list":{"0":"post-62868","1":"product","2":"type-product","3":"status-publish","4":"has-post-thumbnail","6":"product_cat-picnic","7":"product_cat-market-baskets","8":"product_tag-farmhouse-basket","9":"product_tag-food-basket","10":"product_tag-fruit-basket","11":"product_tag-garden-basket","12":"product_tag-gift-basket","13":"product_tag-gift-for-mom","14":"product_tag-large-wicker-basket","15":"product_tag-recycled-basket","16":"product_tag-round-basket","17":"product_tag-storage-basket","18":"product_tag-vintage-picnic","19":"product_tag-wedding-basket","20":"product_tag-woven-basket","21":"product_shipping_class-recessables","23":"first","24":"onbackorder","25":"taxable","26":"shipping-taxable","27":"purchasable","28":"product-type-simple"},"acf":[],"gallery_images":[62870,62871,62872,62873],"_links":{"self":[{"href":"https:\/\/www.padaworks.com\/pt\/wp-json\/wp\/v2\/product\/62868","targetHints":{"allow":["GET"]}}],"collection":[{"href":"https:\/\/www.padaworks.com\/pt\/wp-json\/wp\/v2\/product"}],"about":[{"href":"https:\/\/www.padaworks.com\/pt\/wp-json\/wp\/v2\/types\/product"}],"replies":[{"embeddable":true,"href":"https:\/\/www.padaworks.com\/pt\/wp-json\/wp\/v2\/comments?post=62868"}],"wp:featuredmedia":[{"embeddable":true,"href":"https:\/\/www.padaworks.com\/pt\/wp-json\/wp\/v2\/media\/62869"}],"wp:attachment":[{"href":"https:\/\/www.padaworks.com\/pt\/wp-json\/wp\/v2\/media?parent=62868"}],"wp:term":[{"taxonomy":"product_brand","embeddable":true,"href":"https:\/\/www.padaworks.com\/pt\/wp-json\/wp\/v2\/product_brand?post=62868"},{"taxonomy":"product_cat","embeddable":true,"href":"https:\/\/www.padaworks.com\/pt\/wp-json\/wp\/v2\/product_cat?post=62868"},{"taxonomy":"product_tag","embeddable":true,"href":"https:\/\/www.padaworks.com\/pt\/wp-json\/wp\/v2\/product_tag?post=62868"}],"curies":[{"name":"wp","href":"https:\/\/api.w.org\/{rel}","templated":true}]}}