{"id":62844,"date":"2024-06-28T16:56:54","date_gmt":"2024-06-28T16:56:54","guid":{"rendered":"https:\/\/www.padaworks.com\/product\/large-wicker-picnic-basket-wicker-basket-market-basket-outdoor-basket-farm-basket-vintage-basket-beach-basket-family-basket\/"},"modified":"2026-04-20T20:02:07","modified_gmt":"2026-04-20T20:02:07","slug":"cesto-de-vime-grande-para-piquenique-cesto-de-vime-cesto-de-mercado-cesto-para-exterior-cesto-de-quinta-cesto-vintage-cesto-de-praia-cesto-familiar","status":"publish","type":"product","link":"https:\/\/www.padaworks.com\/pt\/product\/cesto-de-vime-grande-para-piquenique-cesto-de-vime-cesto-de-mercado-cesto-para-exterior-cesto-de-quinta-cesto-vintage-cesto-de-praia-cesto-familiar\/","title":{"rendered":"Cesto de piquenique grande em vime"},"content":{"rendered":"<p>Cesto de piquenique grande em vime<\/p>\n<p>Perfeito para um piquenique com a fam\u00edlia e os amigos.<br \/>Pr\u00e1tico para transportar alimentos para a praia, jardins ou campo.<br \/>\u00c9 um produto totalmente feito \u00e0 m\u00e3o, amigo do ambiente e sustent\u00e1vel!<\/p>\n<p>Com forro no interior<br \/>Feito \u00e0 m\u00e3o<br \/>Fabricado em Portugal<\/p>\n<p>Dimens\u00f5es:<br \/>C \u2013 50 cm, L \u2013 35 cm, A \u2013 21 cm, A com pega \u2013 35 cm<br \/>C \u2013 50 cm, L \u2013 35 cm, A \u2013 21 cm, A com pega \u2013 35 cm<\/p>\n<p>As dimens\u00f5es podem variar ligeiramente<\/p>","protected":false},"excerpt":{"rendered":"<p>Large Wicker Picnic Basket Perfect for a picnic with family and friends.Practical for transporting food to the beach, gardens or countryside.It is an all handmade product, environmentally friendly and sustainable! With lining insideArtisan MadeMade in Portugal Dimensions:L &#8211; 50 cm, W &#8211; 35 cm, H &#8211; 21 cm, H with handle &#8211; 35 cmL &#8211; [&hellip;]<\/p>","protected":false},"featured_media":62845,"comment_status":"open","ping_status":"open","template":"","meta":{"_acf_changed":false},"product_brand":[],"product_cat":[448,1915],"product_tag":[524,654,441,309,442,443,445,336,523,529,312,440,446],"class_list":{"0":"post-62844","1":"product","2":"type-product","3":"status-publish","4":"has-post-thumbnail","6":"product_cat-picnic","7":"product_cat-market-baskets","8":"product_tag-basket-with-lid","9":"product_tag-easter-basket","10":"product_tag-food-basket","11":"product_tag-fruit-basket","12":"product_tag-garden-basket","13":"product_tag-gathering-basket","14":"product_tag-gift-basket","15":"product_tag-picnic-basket","16":"product_tag-picnic-basket-for-4","17":"product_tag-round-basket","18":"product_tag-storage-basket","19":"product_tag-vintage-picnic","20":"product_tag-wedding-basket","21":"product_shipping_class-small-package","23":"first","24":"instock","25":"sale","26":"taxable","27":"shipping-taxable","28":"purchasable","29":"product-type-simple"},"acf":[],"gallery_images":[62846,62847,62848,62849,62850,62851,62852,62853,62854],"_links":{"self":[{"href":"https:\/\/www.padaworks.com\/pt\/wp-json\/wp\/v2\/product\/62844","targetHints":{"allow":["GET"]}}],"collection":[{"href":"https:\/\/www.padaworks.com\/pt\/wp-json\/wp\/v2\/product"}],"about":[{"href":"https:\/\/www.padaworks.com\/pt\/wp-json\/wp\/v2\/types\/product"}],"replies":[{"embeddable":true,"href":"https:\/\/www.padaworks.com\/pt\/wp-json\/wp\/v2\/comments?post=62844"}],"wp:featuredmedia":[{"embeddable":true,"href":"https:\/\/www.padaworks.com\/pt\/wp-json\/wp\/v2\/media\/62845"}],"wp:attachment":[{"href":"https:\/\/www.padaworks.com\/pt\/wp-json\/wp\/v2\/media?parent=62844"}],"wp:term":[{"taxonomy":"product_brand","embeddable":true,"href":"https:\/\/www.padaworks.com\/pt\/wp-json\/wp\/v2\/product_brand?post=62844"},{"taxonomy":"product_cat","embeddable":true,"href":"https:\/\/www.padaworks.com\/pt\/wp-json\/wp\/v2\/product_cat?post=62844"},{"taxonomy":"product_tag","embeddable":true,"href":"https:\/\/www.padaworks.com\/pt\/wp-json\/wp\/v2\/product_tag?post=62844"}],"curies":[{"name":"wp","href":"https:\/\/api.w.org\/{rel}","templated":true}]}}