{"id":62828,"date":"2024-06-28T16:38:37","date_gmt":"2024-06-28T16:38:37","guid":{"rendered":"https:\/\/www.padaworks.com\/product\/round-reed-basket-bag-with-leather-handle\/"},"modified":"2026-01-08T11:45:32","modified_gmt":"2026-01-08T11:45:32","slug":"saco-redondo-em-cana-com-pega-em-pele","status":"publish","type":"product","link":"https:\/\/www.padaworks.com\/pt\/product\/saco-redondo-em-cana-com-pega-em-pele\/","title":{"rendered":"Mala de cesto redondo em junco com pega em pele"},"content":{"rendered":"<p>Saco de cesto redondo em cana<\/p>\n<p>Saco de cesto feito de cana, um material natural e sustent\u00e1vel, com pegas em pele. O padr\u00e3o reflecte as cores naturais do junco.<br \/>Bolsa de vime feita \u00e0 m\u00e3o. Dispon\u00edvel em tr\u00eas tamanhos.<\/p>\n<p>Feito \u00e0 m\u00e3o<\/p>\n<p>Dimens\u00f5es:<br \/>PEQUENO<br \/>\u00d8 - 17 cm, H - 22 cm, H com pega - 32 cm<br \/>\u00d8 - 6,7 pol., A - 8,7 pol., A com pega - 12,6 pol.<\/p>\n<p>M\u00c9DIO<br \/>\u00d8 - 21 cm, H - 29 cm, H com pega - 38 cm<br \/>\u00d8 - 8,3 in, H - 11,4 in, H com pega - 15,0 in<\/p>\n<p>GRANDE<br \/>\u00d8 - 25 cm, H - 33 cm, H com pega - 42 cm<br \/>\u00d8 - 9,8 pol., A - 13,0 pol., A com pega - 16,5 pol.<\/p>\n<p>As dimens\u00f5es podem variar ligeiramente.<\/p>","protected":false},"excerpt":{"rendered":"<p>Round Reed Basket Bag Basket bag made of reed, a natural and sustainable material with leather handles. The pattern reflects the natural colors of reed.Handmade basket bag. Available in three sizes. Artisan Made Dimensions:SMALL\u00d8 &#8211; 17 cm, H &#8211; 22 cm, H with handle &#8211; 32 cm\u00d8 &#8211; 6,7 in, H &#8211; 8,7 in, H [&hellip;]<\/p>","protected":false},"featured_media":62829,"comment_status":"open","ping_status":"closed","template":"","meta":{"_acf_changed":false},"product_brand":[],"product_cat":[2736],"product_tag":[302,762,954,1527,2412,1199,361,2411,529,346,350,1926,1445],"class_list":{"0":"post-62828","1":"product","2":"type-product","3":"status-publish","4":"has-post-thumbnail","6":"product_cat-reed-bags","7":"product_tag-basket-bag","8":"product_tag-boho-basket","9":"product_tag-crossbody-bag","10":"product_tag-large-basket","11":"product_tag-large-beach-bag","12":"product_tag-reed-basket","13":"product_tag-reed-basket-bag","14":"product_tag-reed-purse","15":"product_tag-round-basket","16":"product_tag-straw-handbag","17":"product_tag-straw-shoulder-bag","18":"product_tag-unique-bag","19":"product_tag-woven-bag","20":"product_shipping_class-recessables","22":"first","23":"instock","24":"taxable","25":"shipping-taxable","26":"purchasable","27":"product-type-variable","28":"has-default-attributes","29":"wvs-archive-product-wrapper"},"acf":[],"gallery_images":[62830,62831,62832,62833,62834,62835,62836,62837],"_links":{"self":[{"href":"https:\/\/www.padaworks.com\/pt\/wp-json\/wp\/v2\/product\/62828","targetHints":{"allow":["GET"]}}],"collection":[{"href":"https:\/\/www.padaworks.com\/pt\/wp-json\/wp\/v2\/product"}],"about":[{"href":"https:\/\/www.padaworks.com\/pt\/wp-json\/wp\/v2\/types\/product"}],"replies":[{"embeddable":true,"href":"https:\/\/www.padaworks.com\/pt\/wp-json\/wp\/v2\/comments?post=62828"}],"wp:featuredmedia":[{"embeddable":true,"href":"https:\/\/www.padaworks.com\/pt\/wp-json\/wp\/v2\/media\/62829"}],"wp:attachment":[{"href":"https:\/\/www.padaworks.com\/pt\/wp-json\/wp\/v2\/media?parent=62828"}],"wp:term":[{"taxonomy":"product_brand","embeddable":true,"href":"https:\/\/www.padaworks.com\/pt\/wp-json\/wp\/v2\/product_brand?post=62828"},{"taxonomy":"product_cat","embeddable":true,"href":"https:\/\/www.padaworks.com\/pt\/wp-json\/wp\/v2\/product_cat?post=62828"},{"taxonomy":"product_tag","embeddable":true,"href":"https:\/\/www.padaworks.com\/pt\/wp-json\/wp\/v2\/product_tag?post=62828"}],"curies":[{"name":"wp","href":"https:\/\/api.w.org\/{rel}","templated":true}]}}