{"id":62796,"date":"2024-06-21T19:08:52","date_gmt":"2024-06-21T19:08:52","guid":{"rendered":"https:\/\/www.padaworks.com\/product\/reed-bicycle-basket-small-bike-basket-bicycle-basket-with-handle-basket-with-lid-bike-basket-bicycle-decor-reed-basket\/"},"modified":"2026-04-04T21:51:49","modified_gmt":"2026-04-04T21:51:49","slug":"cesto-de-bicicleta-de-cana-tamanho-pequeno","status":"publish","type":"product","link":"https:\/\/www.padaworks.com\/pt\/product\/cesto-de-bicicleta-de-cana-tamanho-pequeno\/","title":{"rendered":"Cesto de bicicleta Junco - Tamanho pequeno"},"content":{"rendered":"<p>Cesto de bicicleta Reed com dois cestos<\/p>\n<p>Este cesto \u00e9 perfeito para a sua bicicleta!<\/p>\n<p>\u00c9 o cesto perfeito para o acompanhar para todo o lado com a sua bicicleta. Para o trabalho, para levar ao mercado, \u00e0s compras, ao piquenique ou simplesmente para guardar as suas coisas enquanto desfruta de um agrad\u00e1vel passeio de bicicleta?<\/p>\n<p>Cada pe\u00e7a \u00e9 totalmente feita \u00e0 m\u00e3o, pelo que, por vezes, podem apresentar varia\u00e7\u00f5es que fazem parte do seu processo de produ\u00e7\u00e3o.<\/p>\n<p>Dimens\u00f5es totais:<br \/>C \u2013 50 cm, L \u2013 27 cm, A \u2013 26 cm<br \/>L \u2013 49,9 cm, L \u2013 26,9 cm, A \u2013 25,9 cm<\/p>\n<p>Dimens\u00f5es de cada cesto:<br \/>C \u2013 27 cm, L \u2013 15 cm, A \u2013 26 cm<br \/>C \u2013 27 cm, L \u2013 15 cm, A \u2013 26 cm<\/p>\n<p>Espa\u00e7o entre os cestos \u2013 18 cm; 7,1 pol.<\/p>\n<p>As dimens\u00f5es podem variar ligeiramente.<\/p>","protected":false},"excerpt":{"rendered":"<p>Reed Bicycle Basket With Two Baskets This basket is perfect for your bike! It&#8217;s the perfect basket to accompany you anywhere with your bike. For work, to take to the market, shopping, picnic or simply to store your things while enjoying a pleasant bike ride ? Each piece is completely handcrafted, so they can sometimes [&hellip;]<\/p>","protected":false},"featured_media":62797,"comment_status":"open","ping_status":"closed","template":"","meta":{"_acf_changed":false},"product_brand":[],"product_cat":[2722,812],"product_tag":[2188,2020,2186,2185,2184,2183,1117,2187,336,1119,1102,312,538],"class_list":{"0":"post-62796","1":"product","2":"type-product","3":"status-publish","4":"has-post-thumbnail","6":"product_cat-bike-baskets","7":"product_cat-garden-decoration","8":"product_tag-antique-bicycle","9":"product_tag-bicycle","10":"product_tag-bicycle-accessories","11":"product_tag-bicycle-accessory","12":"product_tag-bicycle-art","13":"product_tag-bicycle-basket","14":"product_tag-bike-basket-bag","15":"product_tag-for-her","16":"product_tag-picnic-basket","17":"product_tag-rattan-basket","18":"product_tag-shopping-basket","19":"product_tag-storage-basket","20":"product_tag-woven-basket","21":"product_shipping_class-small-package","23":"first","24":"instock","25":"taxable","26":"shipping-taxable","27":"purchasable","28":"product-type-simple"},"acf":[],"gallery_images":[62798,62799,62800,62801,62802,62803,62804,62805],"_links":{"self":[{"href":"https:\/\/www.padaworks.com\/pt\/wp-json\/wp\/v2\/product\/62796","targetHints":{"allow":["GET"]}}],"collection":[{"href":"https:\/\/www.padaworks.com\/pt\/wp-json\/wp\/v2\/product"}],"about":[{"href":"https:\/\/www.padaworks.com\/pt\/wp-json\/wp\/v2\/types\/product"}],"replies":[{"embeddable":true,"href":"https:\/\/www.padaworks.com\/pt\/wp-json\/wp\/v2\/comments?post=62796"}],"wp:featuredmedia":[{"embeddable":true,"href":"https:\/\/www.padaworks.com\/pt\/wp-json\/wp\/v2\/media\/62797"}],"wp:attachment":[{"href":"https:\/\/www.padaworks.com\/pt\/wp-json\/wp\/v2\/media?parent=62796"}],"wp:term":[{"taxonomy":"product_brand","embeddable":true,"href":"https:\/\/www.padaworks.com\/pt\/wp-json\/wp\/v2\/product_brand?post=62796"},{"taxonomy":"product_cat","embeddable":true,"href":"https:\/\/www.padaworks.com\/pt\/wp-json\/wp\/v2\/product_cat?post=62796"},{"taxonomy":"product_tag","embeddable":true,"href":"https:\/\/www.padaworks.com\/pt\/wp-json\/wp\/v2\/product_tag?post=62796"}],"curies":[{"name":"wp","href":"https:\/\/api.w.org\/{rel}","templated":true}]}}