{"id":62713,"date":"2024-05-24T18:28:02","date_gmt":"2024-05-24T18:28:02","guid":{"rendered":"https:\/\/www.padaworks.com\/product\/ceramic-glazed-sardines-with-colorful-spots\/"},"modified":"2026-03-31T02:47:02","modified_gmt":"2026-03-31T02:47:02","slug":"sardinhas-vidradas-em-ceramica-com-pintas-coloridas","status":"publish","type":"product","link":"https:\/\/www.padaworks.com\/pt\/product\/sardinhas-vidradas-em-ceramica-com-pintas-coloridas\/","title":{"rendered":"Sardinhas em cer\u00e2mica vidrada com pintas coloridas"},"content":{"rendered":"<p>Sardinhas em cer\u00e2mica vidrada com pintas coloridas<\/p>\n<p>Sardinhas em cer\u00e2mica, feitas \u00e0 m\u00e3o com um acabamento vidrado que lhes confere cores vibrantes. Perfeitas para decorar a sua casa, para oferecer ou simplesmente para ter sempre por perto e recordar Portugal.<\/p>\n<p>Feito \u00e0 m\u00e3o<br \/>Pequenas irregularidades comprovam um trabalho artesanal 100% e pe\u00e7as \u00fanicas!<br \/>Fabricado em Portugal<\/p>\n<p>Dimens\u00f5es:<br \/>Tamanho pequeno<br \/>C - 15 cm, L - 2,5 cm, A - 3,5 cm<br \/>C - 5,9 pol., L - 1,0 pol., A - 1,4 pol.<\/p>\n<p>Tamanho m\u00e9dio<br \/>C - 16 cm, L - 2,5 cm, A - 4 cm<br \/>C - 6,3 pol., L - 1,0 pol., A - 1,6 pol.<\/p>\n<p>Tamanho grande<br \/>C - 20 cm, L - 3 cm, A - 5 cm<br \/>C - 7,9 pol., L - 1,2 pol., A - 2,0 pol.<\/p>\n<p>T\u00eam uma abertura na parte de tr\u00e1s para serem pendurados na parede.<\/p>\n<p>O acabamento vidrado pode, por vezes, apresentar pequenas linhas e deforma\u00e7\u00f5es normais do processo de produ\u00e7\u00e3o manual.<\/p>\n<p>As dimens\u00f5es podem variar ligeiramente.<\/p>","protected":false},"excerpt":{"rendered":"<p>Ceramic Glazed Sardines With Colorful Spots Ceramic sardines, handmade with a glazed finish that gives them vibrant colors. Perfect for decorating your home, as a gift, or simply to keep close by and remind you of Portugal. Artisan MadeSmall irregularities prove a 100% handmade work and unique pieces!Made in Portugal Dimensions:Small SizeL &#8211; 15 cm, [&hellip;]<\/p>","protected":false},"featured_media":62714,"comment_status":"open","ping_status":"open","template":"","meta":{"_acf_changed":false},"product_brand":[],"product_cat":[402,1551],"product_tag":[492,1008,494,1685,1684,396,479,544,1508,493,491,540,1124],"class_list":{"0":"post-62713","1":"product","2":"type-product","3":"status-publish","4":"has-post-thumbnail","6":"product_cat-pottery","7":"product_cat-fishes","8":"product_tag-ceramic-fish","9":"product_tag-ceramic-wall-art","10":"product_tag-ceramic-wall-hanging","11":"product_tag-fish-art","12":"product_tag-fish-decor","13":"product_tag-fish-wall-hanging","14":"product_tag-gift-for-her","15":"product_tag-gift-from-portugal","16":"product_tag-kitchen-wall-hanging","17":"product_tag-outdoor-wall-decor","18":"product_tag-sardine-wall-hanging","19":"product_tag-traditional-ceramic","20":"product_tag-vintage-ceramic","21":"product_shipping_class-small-package","23":"first","24":"instock","25":"taxable","26":"shipping-taxable","27":"purchasable","28":"product-type-variable","29":"has-default-attributes","30":"wvs-archive-product-wrapper"},"acf":[],"gallery_images":[62715,62716,62717,62718,62719,62720,62721,62722,62723,62724],"_links":{"self":[{"href":"https:\/\/www.padaworks.com\/pt\/wp-json\/wp\/v2\/product\/62713","targetHints":{"allow":["GET"]}}],"collection":[{"href":"https:\/\/www.padaworks.com\/pt\/wp-json\/wp\/v2\/product"}],"about":[{"href":"https:\/\/www.padaworks.com\/pt\/wp-json\/wp\/v2\/types\/product"}],"replies":[{"embeddable":true,"href":"https:\/\/www.padaworks.com\/pt\/wp-json\/wp\/v2\/comments?post=62713"}],"wp:featuredmedia":[{"embeddable":true,"href":"https:\/\/www.padaworks.com\/pt\/wp-json\/wp\/v2\/media\/62714"}],"wp:attachment":[{"href":"https:\/\/www.padaworks.com\/pt\/wp-json\/wp\/v2\/media?parent=62713"}],"wp:term":[{"taxonomy":"product_brand","embeddable":true,"href":"https:\/\/www.padaworks.com\/pt\/wp-json\/wp\/v2\/product_brand?post=62713"},{"taxonomy":"product_cat","embeddable":true,"href":"https:\/\/www.padaworks.com\/pt\/wp-json\/wp\/v2\/product_cat?post=62713"},{"taxonomy":"product_tag","embeddable":true,"href":"https:\/\/www.padaworks.com\/pt\/wp-json\/wp\/v2\/product_tag?post=62713"}],"curies":[{"name":"wp","href":"https:\/\/api.w.org\/{rel}","templated":true}]}}