{"id":62698,"date":"2024-05-24T17:55:18","date_gmt":"2024-05-24T17:55:18","guid":{"rendered":"https:\/\/www.padaworks.com\/product\/glazed-light-grey-swallows-bird-ornament-ceramic-bird-ceramic-wall-art-gift-for-mom-best-friend-gift-bird-lovers-wall-decor\/"},"modified":"2026-04-09T16:01:19","modified_gmt":"2026-04-09T16:01:19","slug":"andorinhas-em-ceramica-cinzenta-clara-vidrada","status":"publish","type":"product","link":"https:\/\/www.padaworks.com\/pt\/product\/andorinhas-em-ceramica-cinzenta-clara-vidrada\/","title":{"rendered":"Andorinhas em cer\u00e2mica cinzenta clara vidrada"},"content":{"rendered":"<p>Andorinhas em cer\u00e2mica cinzenta clara vidrada<\/p>\n<p>As andorinhas s\u00e3o aves migrat\u00f3rias que assinalam a chegada da primavera. Estas aves t\u00eam uma carater\u00edstica que as distingue. Regressam quase sempre ao mesmo local onde fizeram o primeiro ninho e t\u00eam apenas um companheiro de viagem! Por isso, tornaram-se um s\u00edmbolo de Amor, Fam\u00edlia, Lealdade, Lar e Fidelidade.<br \/>\nS\u00e3o o significado de harmonia e felicidade nas casas onde s\u00e3o pendurados.<br \/>\nH\u00e1 uma rela\u00e7\u00e3o entre as andorinhas e o povo portugu\u00eas. Somos um povo aventureiro que sai de casa em busca de novos mundos, mas acabamos sempre por regressar a casa. Tal como a andorinha, apesar de ser uma ave migrat\u00f3ria, que explora todos os cantos do mundo, uma vez por ano regressa sempre ao seu ninho de origem.<\/p>\n<p>Em Portugal \u00e9 t\u00edpico ver estas andorinhas penduradas nas paredes das casas!<br \/>\nSimbolizam os membros da fam\u00edlia. Os de tamanho grande s\u00e3o os pais, os de tamanho m\u00e9dio s\u00e3o os filhos e os de tamanho pequeno s\u00e3o os netos.<br \/>\nCrie tamb\u00e9m esta bela tradi\u00e7\u00e3o portuguesa em sua casa ?<\/p>\n<p>Feito \u00e0 m\u00e3o<br \/>\nFabricado em Portugal<\/p>\n<p>Dimens\u00f5es:<br \/>\nPEQUENO<br \/>\nC \u2013 8 cm, L \u2013 10 cm, P \u2013 3 cm<br \/>\nL \u2013 3,1 pol., L \u2013 3,9 pol., P \u2013 1,2 pol.<\/p>\n<p>M\u00c9DIO<br \/>\nC \u2013 10 cm, L \u2013 14 cm, P \u2013 4 cm<br \/>\nL \u2013 3,9 pol., L \u2013 5,5 pol., P \u2013 1,6 pol.<\/p>\n<p>GRANDE<br \/>\nC \u2013 14 cm, L \u2013 18 cm, P \u2013 5 cm<br \/>\nL \u2013 5,5 pol., L \u2013 7,1 pol., P \u2013 2,0 pol.<\/p>\n<p>As dimens\u00f5es podem variar ligeiramente.<\/p>","protected":false},"excerpt":{"rendered":"<p>Glazed Light Grey Ceramic Swallows Swallows are migratory birds that indicate the arrival of spring. These birds have a characteristic that sets them apart. They almost always return to the same place where they first made the nest and have only one partner along the way! Therefore, they became a symbol of Love, Family, Loyalty, [&hellip;]<\/p>","protected":false},"featured_media":62699,"comment_status":"open","ping_status":"closed","template":"","meta":{"_acf_changed":false},"product_brand":[],"product_cat":[1550],"product_tag":[1362,700,1358,1039,580,660,494,2391,1682,629,680,2103,539],"class_list":{"0":"post-62698","1":"product","2":"type-product","3":"status-publish","4":"has-post-thumbnail","6":"product_cat-birds","7":"product_tag-bird-art","8":"product_tag-bird-decor","9":"product_tag-bird-lover-gift","10":"product_tag-ceramic-bird","11":"product_tag-ceramic-sculpture","12":"product_tag-ceramic-swallow","13":"product_tag-ceramic-wall-hanging","14":"product_tag-grey-birds","15":"product_tag-portuguese-ceramics","16":"product_tag-vintage-home-decor","17":"product_tag-wall-hanging","18":"product_tag-wall-sculpture","19":"product_tag-wedding-gift","20":"product_shipping_class-small-package","22":"first","23":"instock","24":"taxable","25":"shipping-taxable","26":"purchasable","27":"product-type-variable","28":"wvs-archive-product-wrapper"},"acf":[],"gallery_images":[62700,62701,62702,62703,62704,62705,62706],"_links":{"self":[{"href":"https:\/\/www.padaworks.com\/pt\/wp-json\/wp\/v2\/product\/62698","targetHints":{"allow":["GET"]}}],"collection":[{"href":"https:\/\/www.padaworks.com\/pt\/wp-json\/wp\/v2\/product"}],"about":[{"href":"https:\/\/www.padaworks.com\/pt\/wp-json\/wp\/v2\/types\/product"}],"replies":[{"embeddable":true,"href":"https:\/\/www.padaworks.com\/pt\/wp-json\/wp\/v2\/comments?post=62698"}],"wp:featuredmedia":[{"embeddable":true,"href":"https:\/\/www.padaworks.com\/pt\/wp-json\/wp\/v2\/media\/62699"}],"wp:attachment":[{"href":"https:\/\/www.padaworks.com\/pt\/wp-json\/wp\/v2\/media?parent=62698"}],"wp:term":[{"taxonomy":"product_brand","embeddable":true,"href":"https:\/\/www.padaworks.com\/pt\/wp-json\/wp\/v2\/product_brand?post=62698"},{"taxonomy":"product_cat","embeddable":true,"href":"https:\/\/www.padaworks.com\/pt\/wp-json\/wp\/v2\/product_cat?post=62698"},{"taxonomy":"product_tag","embeddable":true,"href":"https:\/\/www.padaworks.com\/pt\/wp-json\/wp\/v2\/product_tag?post=62698"}],"curies":[{"name":"wp","href":"https:\/\/api.w.org\/{rel}","templated":true}]}}