{"id":62635,"date":"2024-05-24T14:12:23","date_gmt":"2024-05-24T14:12:23","guid":{"rendered":"https:\/\/www.padaworks.com\/product\/glazed-mauve-purple-swallow-bird-art-ceramic-swallow-ceramic-glazed-clay-swallows-ceramic-wall-hanging-entry-decor-sympathy-gift\/"},"modified":"2026-04-29T10:47:25","modified_gmt":"2026-04-29T10:47:25","slug":"decoracao-de-parede-de-andorinhas-roxas-malva-esmaltadas","status":"publish","type":"product","link":"https:\/\/www.padaworks.com\/pt\/product\/decoracao-de-parede-de-andorinhas-roxas-malva-esmaltadas\/","title":{"rendered":"Andorinhas roxas malva vidradas - Decora\u00e7\u00e3o de parede"},"content":{"rendered":"<p>Andorinhas roxas malva vidradas<\/p>\n<p>Fabricado em barro com acabamento vidrado. Dispon\u00edvel em tr\u00eas tamanhos.<br \/>\nAs andorinhas s\u00e3o aves migrat\u00f3rias que assinalam a chegada da primavera. Estas aves t\u00eam uma carater\u00edstica que as distingue. Regressam quase sempre ao mesmo local onde fizeram o primeiro ninho e t\u00eam apenas um parceiro durante a viagem!<br \/>\nEm Portugal \u00e9 t\u00edpico ver estas andorinhas penduradas nas paredes das casas! S\u00e3o o s\u00edmbolo do Amor, da Fam\u00edlia, da Lealdade, do Lar e da Fidelidade.<br \/>\nSimbolizam os membros da fam\u00edlia. Os de tamanho grande s\u00e3o os pais, os de tamanho m\u00e9dio s\u00e3o os filhos e os de tamanho pequeno s\u00e3o os netos.<br \/>\nCrie tamb\u00e9m esta bela tradi\u00e7\u00e3o portuguesa na sua casa \ud83d\ude42<\/p>\n<p>Feito \u00e0 m\u00e3o<br \/>\nFeito em Portugal com produtos portugueses, dedica\u00e7\u00e3o e amor!!<\/p>\n<p>Dimens\u00f5es:<br \/>\nPEQUENO<br \/>\nC - 8 cm, L - 10 cm, P - 3 cm<br \/>\nC - 3,1 pol., L - 3,9 pol., P - 1,2 pol.<\/p>\n<p>M\u00c9DIO<br \/>\nC - 10 cm, L - 14 cm, P - 4 cm<br \/>\nC - 3,9 pol., L - 5,5 pol., P - 1,6 pol.<\/p>\n<p>GRANDE<br \/>\nC - 14 cm, L - 18 cm, P - 5 cm<br \/>\nC - 5,5 pol., L - 7,1 pol., P - 2,0 pol.<\/p>\n<p>O acabamento vidrado pode, por vezes, apresentar pequenas linhas e deforma\u00e7\u00f5es normais do processo de produ\u00e7\u00e3o manual.<br \/>\nT\u00eam uma abertura na parte de tr\u00e1s para serem pendurados na parede.<\/p>\n<p>As dimens\u00f5es podem variar ligeiramente.<\/p>","protected":false},"excerpt":{"rendered":"<p>Glazed Mauve Purple Swallows Made of clay with a glazed finish. Available in three sizes. Swallows are migratory birds that indicate the arrival of spring. These birds have a characteristic that sets them apart. They almost always return to the same place where they first made the nest and have only one partner along the [&hellip;]<\/p>","protected":false},"featured_media":62636,"comment_status":"open","ping_status":"closed","template":"","meta":{"_acf_changed":false},"product_brand":[],"product_cat":[1550],"product_tag":[660,664,479,661,549,667,2388,1598,94,668,662,659,539],"class_list":{"0":"post-62635","1":"product","2":"type-product","3":"status-publish","4":"has-post-thumbnail","6":"product_cat-birds","7":"product_tag-ceramic-swallow","8":"product_tag-ceramic-wall-swallow","9":"product_tag-gift-for-her","10":"product_tag-glazed-swallows","11":"product_tag-handmade-ceramics","12":"product_tag-portuguese-gift","13":"product_tag-purple-birds","14":"product_tag-vintage-bird","15":"product_tag-wall-decor","16":"product_tag-wall-hanging-swallow","17":"product_tag-wall-swallows","18":"product_tag-wedding-decor","19":"product_tag-wedding-gift","20":"product_shipping_class-small-package","22":"first","23":"instock","24":"taxable","25":"shipping-taxable","26":"purchasable","27":"product-type-variable","28":"wvs-archive-product-wrapper"},"acf":[],"gallery_images":[62637,62638,62639,62640,62641],"_links":{"self":[{"href":"https:\/\/www.padaworks.com\/pt\/wp-json\/wp\/v2\/product\/62635","targetHints":{"allow":["GET"]}}],"collection":[{"href":"https:\/\/www.padaworks.com\/pt\/wp-json\/wp\/v2\/product"}],"about":[{"href":"https:\/\/www.padaworks.com\/pt\/wp-json\/wp\/v2\/types\/product"}],"replies":[{"embeddable":true,"href":"https:\/\/www.padaworks.com\/pt\/wp-json\/wp\/v2\/comments?post=62635"}],"wp:featuredmedia":[{"embeddable":true,"href":"https:\/\/www.padaworks.com\/pt\/wp-json\/wp\/v2\/media\/62636"}],"wp:attachment":[{"href":"https:\/\/www.padaworks.com\/pt\/wp-json\/wp\/v2\/media?parent=62635"}],"wp:term":[{"taxonomy":"product_brand","embeddable":true,"href":"https:\/\/www.padaworks.com\/pt\/wp-json\/wp\/v2\/product_brand?post=62635"},{"taxonomy":"product_cat","embeddable":true,"href":"https:\/\/www.padaworks.com\/pt\/wp-json\/wp\/v2\/product_cat?post=62635"},{"taxonomy":"product_tag","embeddable":true,"href":"https:\/\/www.padaworks.com\/pt\/wp-json\/wp\/v2\/product_tag?post=62635"}],"curies":[{"name":"wp","href":"https:\/\/api.w.org\/{rel}","templated":true}]}}