{"id":62556,"date":"2024-05-24T10:02:16","date_gmt":"2024-05-24T10:02:16","guid":{"rendered":"https:\/\/www.padaworks.com\/product\/large-cream-glitter-rug-150x200cm-traditional-rug\/"},"modified":"2026-01-09T18:24:27","modified_gmt":"2026-01-09T18:24:27","slug":"tapete-grande-creme-com-fios-dourados-150x200cm-tapete-tradicional","status":"publish","type":"product","link":"https:\/\/www.padaworks.com\/pt\/product\/tapete-grande-creme-com-fios-dourados-150x200cm-tapete-tradicional\/","title":{"rendered":"Tapete creme grande com fios de ouro - 150x200cm - Tapete tradicional"},"content":{"rendered":"<p>Tapete creme grande com fios de ouro 150x200cm<\/p>\n<p>Este tapete \u00e9 tecido num tear manual com tecidos reutilizados.<br \/>\nEstes tapetes s\u00e3o robustos, leves e podem ser lavados regularmente \u00e0 m\u00e3o ou \u00e0 m\u00e1quina.<br \/>\n\u00c9 ecol\u00f3gico porque reutiliza a mat\u00e9ria-prima desperdi\u00e7ada pela ind\u00fastria t\u00eaxtil.<br \/>\nRecomendamos a lavagem a frio ou a 30\u00b0C.<br \/>\nUma vez que este tapete \u00e9 fabricado com produtos reciclados das ind\u00fastrias t\u00eaxteis, pode haver ligeiras varia\u00e7\u00f5es de cor.<\/p>\n<p>Feito \u00e0 m\u00e3o<br \/>\nFabricado em Portugal<\/p>\n<p>Dimens\u00f5es:<br \/>\nC - 200 cm, L - 150 cm<br \/>\nC - 78,7 pol., L - 59,1 pol.<br \/>\nC - 6,7 p\u00e9s, L - 4,9 p\u00e9s<br \/>\nEspessura \u2013 cerca de 0,8 cm; 0,3 pol.<\/p>\n<p>As dimens\u00f5es podem variar ligeiramente.<\/p>","protected":false},"excerpt":{"rendered":"<p>Large Cream Rug With Gold Threads 150x200cm This rug is woven in a manual loom with fabrics reused. These rugs are robust, light, and can be regularly washed by hand or machine. It is ecological because they reuse raw material wasted by the textil industry. We recommend cold washing or to 30\u00b0C. Since this rug [&hellip;]<\/p>","protected":false},"featured_media":62557,"comment_status":"open","ping_status":"closed","template":"","meta":{"_acf_changed":false},"product_brand":[],"product_cat":[2730],"product_tag":[655,2158,477,2381,582,670,420,630,1773,296,515,656,2382],"class_list":{"0":"post-62556","1":"product","2":"type-product","3":"status-publish","4":"has-post-thumbnail","6":"product_cat-traditional","7":"product_tag-5x7-rug","8":"product_tag-accent-rug","9":"product_tag-bedside-rug","10":"product_tag-best-seller-rug","11":"product_tag-cotton-carpet","12":"product_tag-ecru-rug","13":"product_tag-handmade-rug","14":"product_tag-kids-room-rug","15":"product_tag-modern-area-rug","16":"product_tag-recycled-rug","17":"product_tag-rugs-for-living-room","18":"product_tag-washable-area-rug","19":"product_tag-wholesale-rugs","20":"product_shipping_class-small-package","22":"first","23":"instock","24":"taxable","25":"shipping-taxable","26":"purchasable","27":"product-type-simple"},"acf":[],"gallery_images":[62558,62559,62560,62561,62562,62563,62564,62565,62566],"_links":{"self":[{"href":"https:\/\/www.padaworks.com\/pt\/wp-json\/wp\/v2\/product\/62556","targetHints":{"allow":["GET"]}}],"collection":[{"href":"https:\/\/www.padaworks.com\/pt\/wp-json\/wp\/v2\/product"}],"about":[{"href":"https:\/\/www.padaworks.com\/pt\/wp-json\/wp\/v2\/types\/product"}],"replies":[{"embeddable":true,"href":"https:\/\/www.padaworks.com\/pt\/wp-json\/wp\/v2\/comments?post=62556"}],"wp:featuredmedia":[{"embeddable":true,"href":"https:\/\/www.padaworks.com\/pt\/wp-json\/wp\/v2\/media\/62557"}],"wp:attachment":[{"href":"https:\/\/www.padaworks.com\/pt\/wp-json\/wp\/v2\/media?parent=62556"}],"wp:term":[{"taxonomy":"product_brand","embeddable":true,"href":"https:\/\/www.padaworks.com\/pt\/wp-json\/wp\/v2\/product_brand?post=62556"},{"taxonomy":"product_cat","embeddable":true,"href":"https:\/\/www.padaworks.com\/pt\/wp-json\/wp\/v2\/product_cat?post=62556"},{"taxonomy":"product_tag","embeddable":true,"href":"https:\/\/www.padaworks.com\/pt\/wp-json\/wp\/v2\/product_tag?post=62556"}],"curies":[{"name":"wp","href":"https:\/\/api.w.org\/{rel}","templated":true}]}}