{"id":62493,"date":"2024-04-04T17:08:28","date_gmt":"2024-04-04T17:08:28","guid":{"rendered":"https:\/\/www.padaworks.com\/product\/large-copper-lampshade-lamp-shade-luxury-lampshade-copper-chandelier-vintage-decor-handmade-copper-copper-lovers-old-vintage\/"},"modified":"2026-01-08T11:55:29","modified_gmt":"2026-01-08T11:55:29","slug":"abajur-grande-em-cobre","status":"publish","type":"product","link":"https:\/\/www.padaworks.com\/pt\/product\/abajur-grande-em-cobre\/","title":{"rendered":"Abajur grande de cobre"},"content":{"rendered":"<p>Abajur grande de cobre<br \/>com acabamento martelado e queimado<\/p>\n<p>Feito \u00e0 m\u00e3o<br \/>Fabricado em Portugal<\/p>\n<p>Dimens\u00f5es:<br \/>\u00d8 - 39 cm, H - 30 cm, H at\u00e9 ao teto - 150 cm<br \/>\u00d8 - 15,4 pol., H - 11,8 pol., H at\u00e9 ao teto - 59,1 pol.<\/p>\n<p>Este produto \u00e9 artesanal e feito \u00e0 m\u00e3o, pelo que as medidas podem variar ligeiramente.<\/p>","protected":false},"excerpt":{"rendered":"<p>Large Copper Lampshadewith hammered and burnt finish Artisan MadeMade in Portugal Dimensions:\u00d8 &#8211; 39 cm, H &#8211; 30 cm, H to ceiling &#8211; 150 cm\u00d8 &#8211; 15,4 in, H &#8211; 11,8 in, H to ceiling &#8211; 59,1 in This product is handcrafted and handmade, so measurements may vary slightly.<\/p>","protected":false},"featured_media":62494,"comment_status":"open","ping_status":"closed","template":"","meta":{"_acf_changed":false},"product_brand":[],"product_cat":[2732],"product_tag":[2371,769,2248,2377,2374,319,2373,2378,941,2379,766,1714,2297],"class_list":{"0":"post-62493","1":"product","2":"type-product","3":"status-publish","4":"has-post-thumbnail","6":"product_cat-copper-collection","7":"product_tag-antique-copper","8":"product_tag-chandelier-vintage","9":"product_tag-copper","10":"product_tag-copper-hammered","11":"product_tag-copper-lighting","12":"product_tag-farmhouse-decor","13":"product_tag-hanging-lampshade","14":"product_tag-interior-design","15":"product_tag-lampshades","16":"product_tag-new-home-decor","17":"product_tag-pendant-lamp-shade","18":"product_tag-unique-lamp","19":"product_tag-vintage-copper","20":"product_shipping_class-small-package","22":"first","23":"instock","24":"taxable","25":"shipping-taxable","26":"purchasable","27":"product-type-simple"},"acf":[],"gallery_images":[62495,62496,62497,62498,62499,62500,62501,62502,62503],"_links":{"self":[{"href":"https:\/\/www.padaworks.com\/pt\/wp-json\/wp\/v2\/product\/62493","targetHints":{"allow":["GET"]}}],"collection":[{"href":"https:\/\/www.padaworks.com\/pt\/wp-json\/wp\/v2\/product"}],"about":[{"href":"https:\/\/www.padaworks.com\/pt\/wp-json\/wp\/v2\/types\/product"}],"replies":[{"embeddable":true,"href":"https:\/\/www.padaworks.com\/pt\/wp-json\/wp\/v2\/comments?post=62493"}],"wp:featuredmedia":[{"embeddable":true,"href":"https:\/\/www.padaworks.com\/pt\/wp-json\/wp\/v2\/media\/62494"}],"wp:attachment":[{"href":"https:\/\/www.padaworks.com\/pt\/wp-json\/wp\/v2\/media?parent=62493"}],"wp:term":[{"taxonomy":"product_brand","embeddable":true,"href":"https:\/\/www.padaworks.com\/pt\/wp-json\/wp\/v2\/product_brand?post=62493"},{"taxonomy":"product_cat","embeddable":true,"href":"https:\/\/www.padaworks.com\/pt\/wp-json\/wp\/v2\/product_cat?post=62493"},{"taxonomy":"product_tag","embeddable":true,"href":"https:\/\/www.padaworks.com\/pt\/wp-json\/wp\/v2\/product_tag?post=62493"}],"curies":[{"name":"wp","href":"https:\/\/api.w.org\/{rel}","templated":true}]}}